{"id":2475,"date":"2023-08-10T15:29:34","date_gmt":"2023-08-10T15:29:34","guid":{"rendered":"https:\/\/apice.org.co\/wordpress-2023\/?page_id=2475"},"modified":"2023-10-31T17:45:43","modified_gmt":"2023-10-31T22:45:43","slug":"internacionalizacion","status":"publish","type":"page","link":"https:\/\/apice.org.co\/site\/internacionalizacion\/","title":{"rendered":"Internacionalizaci\u00f3n"},"content":{"rendered":"\t\t<div data-elementor-type=\"wp-page\" data-elementor-id=\"2475\" class=\"elementor elementor-2475\" data-elementor-post-type=\"page\">\n\t\t\t\t\t\t<section class=\"elementor-section elementor-top-section elementor-element elementor-element-122066f elementor-section-height-min-height elementor-section-boxed elementor-section-height-default elementor-section-items-middle\" data-id=\"122066f\" data-element_type=\"section\" data-e-type=\"section\">\n\t\t\t\t\t\t<div class=\"elementor-container elementor-column-gap-default\">\n\t\t\t\t\t<div class=\"elementor-column elementor-col-100 elementor-top-column elementor-element elementor-element-e13a102\" data-id=\"e13a102\" data-element_type=\"column\" data-e-type=\"column\">\n\t\t\t<div class=\"elementor-widget-wrap elementor-element-populated\">\n\t\t\t\t\t\t<div class=\"elementor-element elementor-element-474afaa elementor-widget elementor-widget-image\" data-id=\"474afaa\" data-element_type=\"widget\" data-e-type=\"widget\" data-widget_type=\"image.default\">\n\t\t\t\t<div class=\"elementor-widget-container\">\n\t\t\t\t\t\t\t\t\t\t\t\t\t\t\t<img fetchpriority=\"high\" decoding=\"async\" width=\"1899\" height=\"866\" src=\"https:\/\/apice.org.co\/site\/wp-content\/uploads\/2023\/09\/estudios-exterior.jpg\" class=\"attachment-full size-full wp-image-3456\" alt=\"\" srcset=\"https:\/\/apice.org.co\/site\/wp-content\/uploads\/2023\/09\/estudios-exterior.jpg 1899w, https:\/\/apice.org.co\/site\/wp-content\/uploads\/2023\/09\/estudios-exterior-300x137.jpg 300w, https:\/\/apice.org.co\/site\/wp-content\/uploads\/2023\/09\/estudios-exterior-1024x467.jpg 1024w, https:\/\/apice.org.co\/site\/wp-content\/uploads\/2023\/09\/estudios-exterior-768x350.jpg 768w, https:\/\/apice.org.co\/site\/wp-content\/uploads\/2023\/09\/estudios-exterior-1536x700.jpg 1536w, https:\/\/apice.org.co\/site\/wp-content\/uploads\/2023\/09\/estudios-exterior-320x146.jpg 320w, https:\/\/apice.org.co\/site\/wp-content\/uploads\/2023\/09\/estudios-exterior-480x219.jpg 480w, https:\/\/apice.org.co\/site\/wp-content\/uploads\/2023\/09\/estudios-exterior-800x365.jpg 800w\" sizes=\"(max-width: 1899px) 100vw, 1899px\" \/>\t\t\t\t\t\t\t\t\t\t\t\t\t\t\t<\/div>\n\t\t\t\t<\/div>\n\t\t\t\t\t<\/div>\n\t\t<\/div>\n\t\t\t\t\t<\/div>\n\t\t<\/section>\n\t\t\t\t<section class=\"elementor-section elementor-top-section elementor-element elementor-element-0e123b6 elementor-section-boxed elementor-section-height-default elementor-section-height-default\" data-id=\"0e123b6\" data-element_type=\"section\" data-e-type=\"section\">\n\t\t\t\t\t\t<div class=\"elementor-container elementor-column-gap-custom\">\n\t\t\t\t\t<div class=\"elementor-column elementor-col-50 elementor-top-column elementor-element elementor-element-1e875d6\" data-id=\"1e875d6\" data-element_type=\"column\" data-e-type=\"column\" data-settings=\"{&quot;background_background&quot;:&quot;classic&quot;}\">\n\t\t\t<div class=\"elementor-widget-wrap elementor-element-populated\">\n\t\t\t\t\t\t<div class=\"elementor-element elementor-element-271e1f6 elementor-widget elementor-widget-heading\" data-id=\"271e1f6\" data-element_type=\"widget\" data-e-type=\"widget\" data-widget_type=\"heading.default\">\n\t\t\t\t<div class=\"elementor-widget-container\">\n\t\t\t\t\t<h2 class=\"elementor-heading-title elementor-size-default\">Cooperaci\u00f3n<\/h2>\t\t\t\t<\/div>\n\t\t\t\t<\/div>\n\t\t\t\t<div class=\"elementor-element elementor-element-6e38dc8 elementor-widget elementor-widget-heading\" data-id=\"6e38dc8\" data-element_type=\"widget\" data-e-type=\"widget\" data-widget_type=\"heading.default\">\n\t\t\t\t<div class=\"elementor-widget-container\">\n\t\t\t\t\t<h2 class=\"elementor-heading-title elementor-size-default\">Internacional<\/h2>\t\t\t\t<\/div>\n\t\t\t\t<\/div>\n\t\t\t\t<div class=\"elementor-element elementor-element-18b54c1 elementor-widget elementor-widget-text-editor\" data-id=\"18b54c1\" data-element_type=\"widget\" data-e-type=\"widget\" data-widget_type=\"text-editor.default\">\n\t\t\t\t<div class=\"elementor-widget-container\">\n\t\t\t\t\t\t\t\t\t<p style=\"text-align: center;\"><span style=\"font-size: 14pt; font-family: helvetica, arial, sans-serif; color: rgba(60, 60, 60, 0.99);\">Misiones t\u00e9cnicas, capacitaci\u00f3n, cooperaci\u00f3n con: la UNESCO, el Banco Mundial, el Banco Interamericano de Desarrollo, entre otros.\u00a0<\/span><\/p>\t\t\t\t\t\t\t\t<\/div>\n\t\t\t\t<\/div>\n\t\t\t\t<div class=\"elementor-element elementor-element-3def53d elementor-view-default elementor-widget elementor-widget-icon\" data-id=\"3def53d\" data-element_type=\"widget\" data-e-type=\"widget\" data-widget_type=\"icon.default\">\n\t\t\t\t<div class=\"elementor-widget-container\">\n\t\t\t\t\t\t\t<div class=\"elementor-icon-wrapper\">\n\t\t\t<a class=\"elementor-icon elementor-animation-grow\" href=\"https:\/\/apice.org.co\/site\/cooperacion-internacional\/\" target=\"_blank\">\n\t\t\t<i aria-hidden=\"true\" class=\"fas fa-plus-circle\"><\/i>\t\t\t<\/a>\n\t\t<\/div>\n\t\t\t\t\t\t<\/div>\n\t\t\t\t<\/div>\n\t\t\t\t\t<\/div>\n\t\t<\/div>\n\t\t\t\t<div class=\"elementor-column elementor-col-50 elementor-top-column elementor-element elementor-element-5c0612a\" data-id=\"5c0612a\" data-element_type=\"column\" data-e-type=\"column\" data-settings=\"{&quot;background_background&quot;:&quot;classic&quot;}\">\n\t\t\t<div class=\"elementor-widget-wrap elementor-element-populated\">\n\t\t\t\t\t\t<div class=\"elementor-element elementor-element-e255a2f elementor-widget elementor-widget-heading\" data-id=\"e255a2f\" data-element_type=\"widget\" data-e-type=\"widget\" data-widget_type=\"heading.default\">\n\t\t\t\t<div class=\"elementor-widget-container\">\n\t\t\t\t\t<h2 class=\"elementor-heading-title elementor-size-default\">Estudios<\/h2>\t\t\t\t<\/div>\n\t\t\t\t<\/div>\n\t\t\t\t<div class=\"elementor-element elementor-element-b5638c1 elementor-widget elementor-widget-heading\" data-id=\"b5638c1\" data-element_type=\"widget\" data-e-type=\"widget\" data-widget_type=\"heading.default\">\n\t\t\t\t<div class=\"elementor-widget-container\">\n\t\t\t\t\t<h2 class=\"elementor-heading-title elementor-size-default\">En el extranjero<\/h2>\t\t\t\t<\/div>\n\t\t\t\t<\/div>\n\t\t\t\t<div class=\"elementor-element elementor-element-4b90363 elementor-widget elementor-widget-text-editor\" data-id=\"4b90363\" data-element_type=\"widget\" data-e-type=\"widget\" data-widget_type=\"text-editor.default\">\n\t\t\t\t<div class=\"elementor-widget-container\">\n\t\t\t\t\t\t\t\t\t<p style=\"text-align: center;\"><span style=\"font-size: 14pt; font-family: helvetica, arial, sans-serif; color: rgba(60, 60, 60, 0.99);\">Oportunidades de capacitaci\u00f3n en diversos pa\u00edses del mundo: oferta de formaci\u00f3n en idiomas, estudios superiores, cursos cortos, diplomados, maestr\u00edas y doctorados, en el extranjero.<\/span><\/p>\t\t\t\t\t\t\t\t<\/div>\n\t\t\t\t<\/div>\n\t\t\t\t<div class=\"elementor-element elementor-element-a75f42b elementor-view-default elementor-widget elementor-widget-icon\" data-id=\"a75f42b\" data-element_type=\"widget\" data-e-type=\"widget\" data-widget_type=\"icon.default\">\n\t\t\t\t<div class=\"elementor-widget-container\">\n\t\t\t\t\t\t\t<div class=\"elementor-icon-wrapper\">\n\t\t\t<a class=\"elementor-icon elementor-animation-grow\" href=\"https:\/\/apice.org.co\/site\/idiomas\/\" target=\"_blank\">\n\t\t\t<i aria-hidden=\"true\" class=\"fas fa-plus-circle\"><\/i>\t\t\t<\/a>\n\t\t<\/div>\n\t\t\t\t\t\t<\/div>\n\t\t\t\t<\/div>\n\t\t\t\t\t<\/div>\n\t\t<\/div>\n\t\t\t\t\t<\/div>\n\t\t<\/section>\n\t\t\t\t<section class=\"elementor-section elementor-top-section elementor-element elementor-element-5c88a34 elementor-section-boxed elementor-section-height-default elementor-section-height-default\" data-id=\"5c88a34\" data-element_type=\"section\" data-e-type=\"section\">\n\t\t\t\t\t\t<div class=\"elementor-container elementor-column-gap-default\">\n\t\t\t\t\t<div class=\"elementor-column elementor-col-100 elementor-top-column elementor-element elementor-element-6c74682\" data-id=\"6c74682\" data-element_type=\"column\" data-e-type=\"column\">\n\t\t\t<div class=\"elementor-widget-wrap\">\n\t\t\t\t\t\t\t<\/div>\n\t\t<\/div>\n\t\t\t\t\t<\/div>\n\t\t<\/section>\n\t\t\t\t<section class=\"elementor-section elementor-top-section elementor-element elementor-element-b7c6027 elementor-section-boxed elementor-section-height-default elementor-section-height-default\" data-id=\"b7c6027\" data-element_type=\"section\" data-e-type=\"section\">\n\t\t\t\t\t\t<div class=\"elementor-container elementor-column-gap-default\">\n\t\t\t\t\t<div class=\"elementor-column elementor-col-100 elementor-top-column elementor-element elementor-element-29f475a\" data-id=\"29f475a\" data-element_type=\"column\" data-e-type=\"column\">\n\t\t\t<div class=\"elementor-widget-wrap elementor-element-populated\">\n\t\t\t\t\t\t<div class=\"elementor-element elementor-element-8f2103f elementor-widget elementor-widget-spacer\" data-id=\"8f2103f\" data-element_type=\"widget\" data-e-type=\"widget\" data-widget_type=\"spacer.default\">\n\t\t\t\t<div class=\"elementor-widget-container\">\n\t\t\t\t\t\t\t<div class=\"elementor-spacer\">\n\t\t\t<div class=\"elementor-spacer-inner\"><\/div>\n\t\t<\/div>\n\t\t\t\t\t\t<\/div>\n\t\t\t\t<\/div>\n\t\t\t\t\t<\/div>\n\t\t<\/div>\n\t\t\t\t\t<\/div>\n\t\t<\/section>\n\t\t\t\t<\/div>\n\t\t","protected":false},"excerpt":{"rendered":"<p>Cooperaci\u00f3n Internacional Misiones t\u00e9cnicas, capacitaci\u00f3n, cooperaci\u00f3n con: la UNESCO, el Banco Mundial, el Banco Interamericano de Desarrollo, entre otros.\u00a0 Estudios En el extranjero Oportunidades de capacitaci\u00f3n en diversos pa\u00edses del mundo: oferta de formaci\u00f3n en idiomas, estudios superiores, cursos cortos, diplomados, maestr\u00edas y doctorados, en el extranjero.<\/p>\n","protected":false},"author":1,"featured_media":0,"parent":0,"menu_order":0,"comment_status":"closed","ping_status":"closed","template":"","meta":{"_acf_changed":false,"om_disable_all_campaigns":false,"_exactmetrics_skip_tracking":false,"_exactmetrics_sitenote_active":false,"_exactmetrics_sitenote_note":"","_exactmetrics_sitenote_category":0,"_uf_show_specific_survey":0,"_uf_disable_surveys":false,"footnotes":""},"class_list":["post-2475","page","type-page","status-publish","hentry"],"acf":[],"aioseo_notices":[],"_links":{"self":[{"href":"https:\/\/apice.org.co\/site\/wp-json\/wp\/v2\/pages\/2475","targetHints":{"allow":["GET"]}}],"collection":[{"href":"https:\/\/apice.org.co\/site\/wp-json\/wp\/v2\/pages"}],"about":[{"href":"https:\/\/apice.org.co\/site\/wp-json\/wp\/v2\/types\/page"}],"author":[{"embeddable":true,"href":"https:\/\/apice.org.co\/site\/wp-json\/wp\/v2\/users\/1"}],"replies":[{"embeddable":true,"href":"https:\/\/apice.org.co\/site\/wp-json\/wp\/v2\/comments?post=2475"}],"version-history":[{"count":28,"href":"https:\/\/apice.org.co\/site\/wp-json\/wp\/v2\/pages\/2475\/revisions"}],"predecessor-version":[{"id":6392,"href":"https:\/\/apice.org.co\/site\/wp-json\/wp\/v2\/pages\/2475\/revisions\/6392"}],"wp:attachment":[{"href":"https:\/\/apice.org.co\/site\/wp-json\/wp\/v2\/media?parent=2475"}],"curies":[{"name":"wp","href":"https:\/\/api.w.org\/{rel}","templated":true}]}}