{"id":4107,"date":"2023-10-17T13:03:03","date_gmt":"2023-10-17T18:03:03","guid":{"rendered":"https:\/\/apice.org.co\/site\/?page_id=4107"},"modified":"2024-11-23T12:29:48","modified_gmt":"2024-11-23T17:29:48","slug":"historia","status":"publish","type":"page","link":"https:\/\/apice.org.co\/site\/historia\/","title":{"rendered":"Historia"},"content":{"rendered":"\t\t<div data-elementor-type=\"wp-page\" data-elementor-id=\"4107\" class=\"elementor elementor-4107\" data-elementor-post-type=\"page\">\n\t\t\t\t\t\t<section class=\"elementor-section elementor-top-section elementor-element elementor-element-83fc67d elementor-section-boxed elementor-section-height-default elementor-section-height-default\" data-id=\"83fc67d\" data-element_type=\"section\" data-e-type=\"section\">\n\t\t\t\t\t\t<div class=\"elementor-container elementor-column-gap-default\">\n\t\t\t\t\t<div class=\"elementor-column elementor-col-100 elementor-top-column elementor-element elementor-element-f746dfc\" data-id=\"f746dfc\" data-element_type=\"column\" data-e-type=\"column\">\n\t\t\t<div class=\"elementor-widget-wrap elementor-element-populated\">\n\t\t\t\t\t\t<div class=\"elementor-element elementor-element-214a4ea elementor-widget elementor-widget-spacer\" data-id=\"214a4ea\" data-element_type=\"widget\" data-e-type=\"widget\" data-widget_type=\"spacer.default\">\n\t\t\t\t<div class=\"elementor-widget-container\">\n\t\t\t\t\t\t\t<div class=\"elementor-spacer\">\n\t\t\t<div class=\"elementor-spacer-inner\"><\/div>\n\t\t<\/div>\n\t\t\t\t\t\t<\/div>\n\t\t\t\t<\/div>\n\t\t\t\t\t<\/div>\n\t\t<\/div>\n\t\t\t\t\t<\/div>\n\t\t<\/section>\n\t\t\t\t<section class=\"elementor-section elementor-top-section elementor-element elementor-element-0449c3c elementor-section-boxed elementor-section-height-default elementor-section-height-default\" data-id=\"0449c3c\" data-element_type=\"section\" data-e-type=\"section\">\n\t\t\t\t\t\t<div class=\"elementor-container elementor-column-gap-default\">\n\t\t\t\t\t<div class=\"elementor-column elementor-col-100 elementor-top-column elementor-element elementor-element-78afe7a\" data-id=\"78afe7a\" data-element_type=\"column\" data-e-type=\"column\">\n\t\t\t<div class=\"elementor-widget-wrap elementor-element-populated\">\n\t\t\t\t\t\t<div class=\"elementor-element elementor-element-63fa1bb elementor-widget elementor-widget-heading\" data-id=\"63fa1bb\" data-element_type=\"widget\" data-e-type=\"widget\" data-widget_type=\"heading.default\">\n\t\t\t\t<div class=\"elementor-widget-container\">\n\t\t\t\t\t<h2 class=\"elementor-heading-title elementor-size-default\">\u00c1PICE<\/h2>\t\t\t\t<\/div>\n\t\t\t\t<\/div>\n\t\t\t\t<div class=\"elementor-element elementor-element-828e1fe elementor-widget elementor-widget-heading\" data-id=\"828e1fe\" data-element_type=\"widget\" data-e-type=\"widget\" data-widget_type=\"heading.default\">\n\t\t\t\t<div class=\"elementor-widget-container\">\n\t\t\t\t\t<h2 class=\"elementor-heading-title elementor-size-default\">Historia<\/h2>\t\t\t\t<\/div>\n\t\t\t\t<\/div>\n\t\t\t\t\t<\/div>\n\t\t<\/div>\n\t\t\t\t\t<\/div>\n\t\t<\/section>\n\t\t\t\t<section class=\"elementor-section elementor-top-section elementor-element elementor-element-78f706a elementor-section-boxed elementor-section-height-default elementor-section-height-default\" data-id=\"78f706a\" data-element_type=\"section\" data-e-type=\"section\">\n\t\t\t\t\t\t<div class=\"elementor-container elementor-column-gap-default\">\n\t\t\t\t\t<div class=\"elementor-column elementor-col-100 elementor-top-column elementor-element elementor-element-5c03d28\" data-id=\"5c03d28\" data-element_type=\"column\" data-e-type=\"column\">\n\t\t\t<div class=\"elementor-widget-wrap elementor-element-populated\">\n\t\t\t\t\t\t<div class=\"elementor-element elementor-element-e19f95b elementor-widget elementor-widget-text-editor\" data-id=\"e19f95b\" data-element_type=\"widget\" data-e-type=\"widget\" data-widget_type=\"text-editor.default\">\n\t\t\t\t<div class=\"elementor-widget-container\">\n\t\t\t\t\t\t\t\t\t<div class=\"wpb_text_column wpb_content_element \" style=\"color: #000000; font-family: opensans-regular-webfont, Arial, Helvetica, sans-serif; font-size: 13px; letter-spacing: normal;\"><div class=\"wpb_wrapper\"><p style=\"text-align: left;\"><span style=\"font-family: helvetica, arial, sans-serif; font-size: 14pt; color: rgba(60, 60, 60, 0.99);\"><span style=\"font-weight: bold;\">\u00c1PICE\u00a0fue creada mediante Acta Constitutiva aprobada en Caracas, Venezuela, el 23 de noviembre de 1969 en la ciudad de Caracas, Venezuela.<\/span><\/span><\/p><\/div><\/div><div class=\"column_container\" style=\"color: #000000; font-family: opensans-regular-webfont, Arial, Helvetica, sans-serif; font-size: 13px; letter-spacing: normal;\"><div class=\"ww-fancy-box wrapper fancy-box-style-2\"><div class=\"ww-fancy-box-title\"><h2 style=\"font-family: opensans-bold-webfont; line-height: 1.1; color: #ffffff; margin-bottom: 10px; font-size: 26px; text-rendering: auto; -webkit-font-smoothing: antialiased;\">\u00a0<\/h2><\/div><div class=\"ww-fancy-box-content\"><p style=\"margin-bottom: 18px;\"><span style=\"font-family: helvetica, arial, sans-serif; font-size: 14pt; color: rgba(60, 60, 60, 0.99);\">Desde sus inicios los Fundadores plasmaron en el Acta Constitutiva y en el Estatuto lo que esperaban de la Asociaci\u00f3n:<\/span><\/p><p style=\"margin-bottom: 18px;\"><span style=\"font-family: helvetica, arial, sans-serif; font-size: 14pt; color: rgba(60, 60, 60, 0.99);\">\u00abAsociar las instituciones y programas de cr\u00e9dito educativo y procurar su perfeccionamiento y expansi\u00f3n mediante el estudio, la investigaci\u00f3n, la difusi\u00f3n, el fomento, la promoci\u00f3n, la evaluaci\u00f3n y el desarrollo de sistemas de financiaci\u00f3n de la educaci\u00f3n, con el fin de apoyar a los estudiantes con alto rendimiento acad\u00e9mico y de menores recursos econ\u00f3micos, y contribuir al desarrollo integral de las diferentes comunidades a las cuales pertenecen.\u00bb <span style=\"color: #006699;\"><em><a style=\"font-weight: var( --e-global-typography-text-font-weight ); text-align: var(--bs-body-text-align); background: 0px 0px #ffffff; color: #006699; transition-duration: 200ms;\" href=\"https:\/\/drive.google.com\/file\/d\/1nZXin6NCMD5UD8kpCX4RMW-mZrcN31mg\/view\" target=\"_blank\" rel=\"noopener\"><span style=\"font-weight: bold;\">(Estatuto, art. 3o.)<\/span><\/a><a style=\"font-weight: var( --e-global-typography-text-font-weight ); text-align: var(--bs-body-text-align); background: 0px 0px #ffffff; color: #006699; transition-duration: 200ms;\" href=\"http:\/\/web.apice.org.co\/sites\/all\/themes\/business_theme\/PDF-APICE\/Estatuto-APICE.pdf\"><span style=\"font-weight: bold;\">.<\/span><\/a><\/em><\/span><\/span><\/p><\/div><\/div><\/div>\t\t\t\t\t\t\t\t<\/div>\n\t\t\t\t<\/div>\n\t\t\t\t\t<\/div>\n\t\t<\/div>\n\t\t\t\t\t<\/div>\n\t\t<\/section>\n\t\t\t\t<section class=\"elementor-section elementor-top-section elementor-element elementor-element-0a0efc5 elementor-section-boxed elementor-section-height-default elementor-section-height-default\" data-id=\"0a0efc5\" data-element_type=\"section\" data-e-type=\"section\">\n\t\t\t\t\t\t<div class=\"elementor-container elementor-column-gap-default\">\n\t\t\t\t\t<div class=\"elementor-column elementor-col-100 elementor-top-column elementor-element elementor-element-fed5acc\" data-id=\"fed5acc\" data-element_type=\"column\" data-e-type=\"column\">\n\t\t\t<div class=\"elementor-widget-wrap elementor-element-populated\">\n\t\t\t\t\t\t<div class=\"elementor-element elementor-element-ca861f3 elementor-align-center elementor-widget elementor-widget-button\" data-id=\"ca861f3\" data-element_type=\"widget\" data-e-type=\"widget\" data-widget_type=\"button.default\">\n\t\t\t\t<div class=\"elementor-widget-container\">\n\t\t\t\t\t\t\t\t\t<div class=\"elementor-button-wrapper\">\n\t\t\t\t\t<a class=\"elementor-button elementor-button-link elementor-size-md\" href=\"https:\/\/drive.google.com\/file\/d\/136wUX3sP2aPrQiVKpYssb_F5ppsb6M6T\/view\" target=\"_blank\">\n\t\t\t\t\t\t<span class=\"elementor-button-content-wrapper\">\n\t\t\t\t\t\t\t\t\t<span class=\"elementor-button-text\">Acta constitutiva<\/span>\n\t\t\t\t\t<\/span>\n\t\t\t\t\t<\/a>\n\t\t\t\t<\/div>\n\t\t\t\t\t\t\t\t<\/div>\n\t\t\t\t<\/div>\n\t\t\t\t\t<\/div>\n\t\t<\/div>\n\t\t\t\t\t<\/div>\n\t\t<\/section>\n\t\t\t\t<section class=\"elementor-section elementor-top-section elementor-element elementor-element-6bdf5c5 elementor-section-boxed elementor-section-height-default elementor-section-height-default\" data-id=\"6bdf5c5\" data-element_type=\"section\" data-e-type=\"section\">\n\t\t\t\t\t\t<div class=\"elementor-container elementor-column-gap-default\">\n\t\t\t\t\t<div class=\"elementor-column elementor-col-100 elementor-top-column elementor-element elementor-element-69bdd18\" data-id=\"69bdd18\" data-element_type=\"column\" data-e-type=\"column\">\n\t\t\t<div class=\"elementor-widget-wrap elementor-element-populated\">\n\t\t\t\t\t\t<div class=\"elementor-element elementor-element-ef485b5 elementor-widget elementor-widget-text-editor\" data-id=\"ef485b5\" data-element_type=\"widget\" data-e-type=\"widget\" data-widget_type=\"text-editor.default\">\n\t\t\t\t<div class=\"elementor-widget-container\">\n\t\t\t\t\t\t\t\t\t<section id=\"ww_main_body\" class=\"\"><div class=\"container\"><div id=\"ww_main_content\"><div class=\"row-fluid\"><div id=\"post-8342\" class=\"ol-xs-12 col-sm-12 col-md-12 col-lg-12\"><div class=\"wpb_row vc_row-fluid\"><div class=\"container \"><div class=\"wpb_column vc_column_container none Default vc_col-sm-9\"><div class=\"vc_column-inner \"><div class=\"vc_style\"><div class=\"wpb_wrapper\"><div class=\"column_container\"><div class=\"ww-fancy-box wrapper fancy-box-style-2\"><div class=\"ww-fancy-box-content\"><p><span style=\"font-family: helvetica, arial, sans-serif; font-size: 14pt; color: rgba(60, 60, 60, 0.99);\">Durante sus 55 a\u00f1os de labores ininterrumpidas \u00c1PICE<strong>\u00a0<\/strong>ha concentrado su acci\u00f3n y se ha destacado por sus servicios de:<\/span><\/p><p><span style=\"font-family: helvetica, arial, sans-serif; font-size: 14pt; color: rgba(60, 60, 60, 0.99);\"><strong>1.\u00a0<\/strong>Informaci\u00f3n bibliogr\u00e1fica, acceso a documentos, orientaci\u00f3n y asesor\u00eda sobre Cr\u00e9dito Educativo, financiaci\u00f3n de la educaci\u00f3n, becas, pasant\u00edas, cursos especiales, programas de investigaci\u00f3n, educaci\u00f3n superior y estudios en el exterior.<\/span><\/p><p><span style=\"font-family: helvetica, arial, sans-serif; font-size: 14pt; color: rgba(60, 60, 60, 0.99);\">\u00a0<\/span><\/p><p><span style=\"font-family: helvetica, arial, sans-serif; font-size: 14pt; color: rgba(60, 60, 60, 0.99);\"><strong>2.<\/strong>\u00a0Acceso a bases de datos, redes tem\u00e1ticas, publicaciones y canales de informaci\u00f3n de \u00c1PICE.<\/span><\/p><p><span style=\"font-family: helvetica, arial, sans-serif; font-size: 14pt; color: rgba(60, 60, 60, 0.99);\">\u00a0<\/span><\/p><p><span style=\"font-family: helvetica, arial, sans-serif; font-size: 14pt; color: rgba(60, 60, 60, 0.99);\"><strong>3.<\/strong>\u00a0Acceso a contactos, nexos, acuerdos y convenios nacionales e internacionales seg\u00fan sus caracter\u00edsticas espec\u00edficas.<\/span><\/p><p><span style=\"font-family: helvetica, arial, sans-serif; font-size: 14pt; color: rgba(60, 60, 60, 0.99);\">\u00a0<\/span><\/p><p><span style=\"font-family: helvetica, arial, sans-serif; font-size: 14pt; color: rgba(60, 60, 60, 0.99);\"><strong>4.<\/strong>\u00a0Consultor\u00eda, asesor\u00eda, capacitaci\u00f3n, entrenamiento y asistencia t\u00e9cnica y administrativa en aspectos relacionados con la constituci\u00f3n, dise\u00f1o, planeaci\u00f3n, organizaci\u00f3n y evaluaci\u00f3n de entidades y programas de cr\u00e9dito educativo y otros mecanismos de financiaci\u00f3n de la educaci\u00f3n, as\u00ed como de instituciones de Educaci\u00f3n Superior.<\/span><\/p><p><span style=\"font-family: helvetica, arial, sans-serif; font-size: 14pt; color: rgba(60, 60, 60, 0.99);\">\u00a0<\/span><\/p><p><span style=\"font-family: helvetica, arial, sans-serif; font-size: 14pt; color: rgba(60, 60, 60, 0.99);\"><strong>5.<\/strong>\u00a0Organizaci\u00f3n de Congresos, cursos, seminarios, talleres, foros, pasant\u00edas, eventos t\u00e9cnicos, y similares.<\/span><\/p><p><span style=\"font-family: helvetica, arial, sans-serif; font-size: 14pt; color: rgba(60, 60, 60, 0.99);\">\u00a0<\/span><\/p><p><span style=\"font-family: helvetica, arial, sans-serif; font-size: 14pt; color: rgba(60, 60, 60, 0.99);\"><strong>6.<\/strong>\u00a0Investigaciones y estudios t\u00e9cnicos.<\/span><\/p><p><span style=\"font-family: helvetica, arial, sans-serif; font-size: 14pt; color: rgba(60, 60, 60, 0.99);\">\u00a0<\/span><\/p><p><span style=\"font-family: helvetica, arial, sans-serif; font-size: 14pt; color: rgba(60, 60, 60, 0.99);\"><strong>7.<\/strong>\u00a0Sistematizaci\u00f3n, intercambio y divulgaci\u00f3n de las experiencias y estad\u00edsticas de los afiliados, en materia de cr\u00e9dito educativo y otros financiamientos recuperables.<\/span><\/p><p><span style=\"font-family: helvetica, arial, sans-serif; font-size: 14pt; color: rgba(60, 60, 60, 0.99);\">\u00a0<\/span><\/p><p><span style=\"font-family: helvetica, arial, sans-serif; font-size: 14pt; color: rgba(60, 60, 60, 0.99);\"><strong>8.<\/strong> B\u00fasqueda de fuentes, mecanismos y sistemas de financiaci\u00f3n para las instituciones afiliadas y para los estudiantes, en especial, los de la regi\u00f3n Latinoamericana y del Caribe.<\/span><\/p><\/div><\/div><\/div><\/div><\/div><\/div><\/div><\/div><\/div><\/div><\/div><\/div><\/div><\/section>\t\t\t\t\t\t\t\t<\/div>\n\t\t\t\t<\/div>\n\t\t\t\t\t<\/div>\n\t\t<\/div>\n\t\t\t\t\t<\/div>\n\t\t<\/section>\n\t\t\t\t<section class=\"elementor-section elementor-top-section elementor-element elementor-element-a9408d4 elementor-section-boxed elementor-section-height-default elementor-section-height-default\" data-id=\"a9408d4\" data-element_type=\"section\" data-e-type=\"section\">\n\t\t\t\t\t\t<div class=\"elementor-container elementor-column-gap-default\">\n\t\t\t\t\t<div class=\"elementor-column elementor-col-100 elementor-top-column elementor-element elementor-element-8720fd3\" data-id=\"8720fd3\" data-element_type=\"column\" data-e-type=\"column\">\n\t\t\t<div class=\"elementor-widget-wrap elementor-element-populated\">\n\t\t\t\t\t\t<div class=\"elementor-element elementor-element-1c67e89 elementor-arrows-position-inside elementor-pagination-position-outside elementor-widget elementor-widget-image-carousel\" data-id=\"1c67e89\" data-element_type=\"widget\" data-e-type=\"widget\" data-settings=\"{&quot;navigation&quot;:&quot;both&quot;,&quot;autoplay&quot;:&quot;yes&quot;,&quot;pause_on_hover&quot;:&quot;yes&quot;,&quot;pause_on_interaction&quot;:&quot;yes&quot;,&quot;autoplay_speed&quot;:5000,&quot;infinite&quot;:&quot;yes&quot;,&quot;speed&quot;:500}\" data-widget_type=\"image-carousel.default\">\n\t\t\t\t<div class=\"elementor-widget-container\">\n\t\t\t\t\t\t\t<div class=\"elementor-image-carousel-wrapper swiper\" role=\"region\" aria-roledescription=\"carousel\" aria-label=\"Carrusel de im\u00e1genes\" dir=\"ltr\">\n\t\t\t<div class=\"elementor-image-carousel swiper-wrapper\" aria-live=\"off\">\n\t\t\t\t\t\t\t\t<div class=\"swiper-slide\" role=\"group\" aria-roledescription=\"slide\" aria-label=\"1 of 5\"><figure class=\"swiper-slide-inner\"><img decoding=\"async\" class=\"swiper-slide-image\" src=\"https:\/\/apice.org.co\/site\/wp-content\/uploads\/elementor\/thumbs\/historia-2-qemq4w88ucioiopkugt6a2fupx953mlbjolefocez4.jpg\" alt=\"historia 2\" \/><\/figure><\/div><div class=\"swiper-slide\" role=\"group\" aria-roledescription=\"slide\" aria-label=\"2 of 5\"><figure class=\"swiper-slide-inner\"><img decoding=\"async\" class=\"swiper-slide-image\" src=\"https:\/\/apice.org.co\/site\/wp-content\/uploads\/elementor\/thumbs\/historia-3-qemq52t466roryg0s1nk9is2vmcplibfwl5ssm2nrk.png\" alt=\"historia 3\" \/><\/figure><\/div><div class=\"swiper-slide\" role=\"group\" aria-roledescription=\"slide\" aria-label=\"3 of 5\"><figure class=\"swiper-slide-inner\"><img decoding=\"async\" class=\"swiper-slide-image\" src=\"https:\/\/apice.org.co\/site\/wp-content\/uploads\/elementor\/thumbs\/historia-4-qemq58g5b6zepm7tv43bohcufxkwvoxtxd2po9uaq8.png\" alt=\"historia 4\" \/><\/figure><\/div><div class=\"swiper-slide\" role=\"group\" aria-roledescription=\"slide\" aria-label=\"4 of 5\"><figure class=\"swiper-slide-inner\"><img decoding=\"async\" class=\"swiper-slide-image\" src=\"https:\/\/apice.org.co\/site\/wp-content\/uploads\/elementor\/thumbs\/historia-5-qemq5f10n18eyvy9soxpnxp2lmohdknya9n417kjio.png\" alt=\"historia 5\" \/><\/figure><\/div><div class=\"swiper-slide\" role=\"group\" aria-roledescription=\"slide\" aria-label=\"5 of 5\"><figure class=\"swiper-slide-inner\"><img decoding=\"async\" class=\"swiper-slide-image\" src=\"https:\/\/apice.org.co\/site\/wp-content\/uploads\/elementor\/thumbs\/historia-6-qemq5mjq5pipjrncks6q7vsrcpnf35hszauzvf9e4w.png\" alt=\"historia 6\" \/><\/figure><\/div>\t\t\t<\/div>\n\t\t\t\t\t\t\t\t\t\t\t\t<div class=\"elementor-swiper-button elementor-swiper-button-prev\" role=\"button\" tabindex=\"0\">\n\t\t\t\t\t\t<i aria-hidden=\"true\" class=\"eicon-chevron-left\"><\/i>\t\t\t\t\t<\/div>\n\t\t\t\t\t<div class=\"elementor-swiper-button elementor-swiper-button-next\" role=\"button\" tabindex=\"0\">\n\t\t\t\t\t\t<i aria-hidden=\"true\" class=\"eicon-chevron-right\"><\/i>\t\t\t\t\t<\/div>\n\t\t\t\t\n\t\t\t\t\t\t\t\t\t<div class=\"swiper-pagination\"><\/div>\n\t\t\t\t\t\t\t\t\t<\/div>\n\t\t\t\t\t\t<\/div>\n\t\t\t\t<\/div>\n\t\t\t\t\t<\/div>\n\t\t<\/div>\n\t\t\t\t\t<\/div>\n\t\t<\/section>\n\t\t\t\t<section class=\"elementor-section elementor-top-section elementor-element elementor-element-7217c7d elementor-section-boxed elementor-section-height-default elementor-section-height-default\" data-id=\"7217c7d\" data-element_type=\"section\" data-e-type=\"section\">\n\t\t\t\t\t\t<div class=\"elementor-container elementor-column-gap-default\">\n\t\t\t\t\t<div class=\"elementor-column elementor-col-100 elementor-top-column elementor-element elementor-element-c14b3cc\" data-id=\"c14b3cc\" data-element_type=\"column\" data-e-type=\"column\">\n\t\t\t<div class=\"elementor-widget-wrap elementor-element-populated\">\n\t\t\t\t\t\t<div class=\"elementor-element elementor-element-b03d6b4 elementor-widget elementor-widget-spacer\" data-id=\"b03d6b4\" data-element_type=\"widget\" data-e-type=\"widget\" data-widget_type=\"spacer.default\">\n\t\t\t\t<div class=\"elementor-widget-container\">\n\t\t\t\t\t\t\t<div class=\"elementor-spacer\">\n\t\t\t<div class=\"elementor-spacer-inner\"><\/div>\n\t\t<\/div>\n\t\t\t\t\t\t<\/div>\n\t\t\t\t<\/div>\n\t\t\t\t\t<\/div>\n\t\t<\/div>\n\t\t\t\t\t<\/div>\n\t\t<\/section>\n\t\t\t\t<\/div>\n\t\t","protected":false},"excerpt":{"rendered":"<p>\u00c1PICE Historia \u00c1PICE\u00a0fue creada mediante Acta Constitutiva aprobada en Caracas, Venezuela, el 23 de noviembre de 1969 en la ciudad de Caracas, Venezuela. \u00a0 Desde sus inicios los Fundadores plasmaron en el Acta Constitutiva y en el Estatuto lo que esperaban de la Asociaci\u00f3n: \u00abAsociar las instituciones y programas de cr\u00e9dito educativo y procurar su [&hellip;]<\/p>\n","protected":false},"author":4,"featured_media":0,"parent":0,"menu_order":0,"comment_status":"closed","ping_status":"closed","template":"","meta":{"_acf_changed":false,"om_disable_all_campaigns":false,"_exactmetrics_skip_tracking":false,"_exactmetrics_sitenote_active":false,"_exactmetrics_sitenote_note":"","_exactmetrics_sitenote_category":0,"_uf_show_specific_survey":0,"_uf_disable_surveys":false,"footnotes":""},"class_list":["post-4107","page","type-page","status-publish","hentry"],"acf":[],"aioseo_notices":[],"_links":{"self":[{"href":"https:\/\/apice.org.co\/site\/wp-json\/wp\/v2\/pages\/4107","targetHints":{"allow":["GET"]}}],"collection":[{"href":"https:\/\/apice.org.co\/site\/wp-json\/wp\/v2\/pages"}],"about":[{"href":"https:\/\/apice.org.co\/site\/wp-json\/wp\/v2\/types\/page"}],"author":[{"embeddable":true,"href":"https:\/\/apice.org.co\/site\/wp-json\/wp\/v2\/users\/4"}],"replies":[{"embeddable":true,"href":"https:\/\/apice.org.co\/site\/wp-json\/wp\/v2\/comments?post=4107"}],"version-history":[{"count":40,"href":"https:\/\/apice.org.co\/site\/wp-json\/wp\/v2\/pages\/4107\/revisions"}],"predecessor-version":[{"id":13190,"href":"https:\/\/apice.org.co\/site\/wp-json\/wp\/v2\/pages\/4107\/revisions\/13190"}],"wp:attachment":[{"href":"https:\/\/apice.org.co\/site\/wp-json\/wp\/v2\/media?parent=4107"}],"curies":[{"name":"wp","href":"https:\/\/api.w.org\/{rel}","templated":true}]}}