{"id":4193,"date":"2023-10-18T12:08:30","date_gmt":"2023-10-18T17:08:30","guid":{"rendered":"https:\/\/apice.org.co\/site\/?page_id=4193"},"modified":"2023-11-24T23:05:11","modified_gmt":"2023-11-25T04:05:11","slug":"administracion-proyectos-educativos","status":"publish","type":"page","link":"https:\/\/apice.org.co\/site\/administracion-proyectos-educativos\/","title":{"rendered":"Administracion proyectos educativos"},"content":{"rendered":"\t\t<div data-elementor-type=\"wp-page\" data-elementor-id=\"4193\" class=\"elementor elementor-4193\" data-elementor-post-type=\"page\">\n\t\t\t\t\t\t<section class=\"elementor-section elementor-top-section elementor-element elementor-element-84db4e8 elementor-section-boxed elementor-section-height-default elementor-section-height-default\" data-id=\"84db4e8\" data-element_type=\"section\" data-e-type=\"section\">\n\t\t\t\t\t\t<div class=\"elementor-container elementor-column-gap-default\">\n\t\t\t\t\t<div class=\"elementor-column elementor-col-100 elementor-top-column elementor-element elementor-element-f97d31f\" data-id=\"f97d31f\" data-element_type=\"column\" data-e-type=\"column\">\n\t\t\t<div class=\"elementor-widget-wrap elementor-element-populated\">\n\t\t\t\t\t\t<div class=\"elementor-element elementor-element-b741f18 elementor-widget elementor-widget-spacer\" data-id=\"b741f18\" data-element_type=\"widget\" data-e-type=\"widget\" data-widget_type=\"spacer.default\">\n\t\t\t\t<div class=\"elementor-widget-container\">\n\t\t\t\t\t\t\t<div class=\"elementor-spacer\">\n\t\t\t<div class=\"elementor-spacer-inner\"><\/div>\n\t\t<\/div>\n\t\t\t\t\t\t<\/div>\n\t\t\t\t<\/div>\n\t\t\t\t\t<\/div>\n\t\t<\/div>\n\t\t\t\t\t<\/div>\n\t\t<\/section>\n\t\t\t\t<section class=\"elementor-section elementor-top-section elementor-element elementor-element-71ddb03 elementor-section-boxed elementor-section-height-default elementor-section-height-default\" data-id=\"71ddb03\" data-element_type=\"section\" data-e-type=\"section\">\n\t\t\t\t\t\t<div class=\"elementor-container elementor-column-gap-default\">\n\t\t\t\t\t<div class=\"elementor-column elementor-col-50 elementor-top-column elementor-element elementor-element-58b936b\" data-id=\"58b936b\" data-element_type=\"column\" data-e-type=\"column\" data-settings=\"{&quot;background_background&quot;:&quot;classic&quot;}\">\n\t\t\t<div class=\"elementor-widget-wrap elementor-element-populated\">\n\t\t\t\t\t\t<div class=\"elementor-element elementor-element-aac7711 elementor-widget elementor-widget-heading\" data-id=\"aac7711\" data-element_type=\"widget\" data-e-type=\"widget\" data-widget_type=\"heading.default\">\n\t\t\t\t<div class=\"elementor-widget-container\">\n\t\t\t\t\t<h2 class=\"elementor-heading-title elementor-size-default\">\u00bfQU\u00c9 ES?<\/h2>\t\t\t\t<\/div>\n\t\t\t\t<\/div>\n\t\t\t\t<div class=\"elementor-element elementor-element-9820bfe elementor-widget elementor-widget-heading\" data-id=\"9820bfe\" data-element_type=\"widget\" data-e-type=\"widget\" data-widget_type=\"heading.default\">\n\t\t\t\t<div class=\"elementor-widget-container\">\n\t\t\t\t\t<h1 class=\"elementor-heading-title elementor-size-default\">Administraci\u00f3n de Proyectos Educativos<\/h1>\t\t\t\t<\/div>\n\t\t\t\t<\/div>\n\t\t\t\t<div class=\"elementor-element elementor-element-8957b17 elementor-widget elementor-widget-text-editor\" data-id=\"8957b17\" data-element_type=\"widget\" data-e-type=\"widget\" data-widget_type=\"text-editor.default\">\n\t\t\t\t<div class=\"elementor-widget-container\">\n\t\t\t\t\t\t\t\t\t<p><span style=\"font-size: 14pt; font-family: helvetica, arial, sans-serif; color: rgba(60, 60, 60, 0.99);\">Gestionamos y administramos proye<\/span><span style=\"font-size: 14pt; font-family: helvetica, arial, sans-serif; color: rgba(60, 60, 60, 0.99);\">ctos de cr\u00e9dito educativo, becas, subsidios y otras ayudas financieras; proyectos educativos financiados con recursos provenientes de fondos institucionales y adem\u00e1s proyectos con el seguimiento acad\u00e9mico a los\u00a0 beneficiarios y ayudar a la culminaci\u00f3n de sus estudios.<\/span><\/p><p>\u00a0<\/p><p><span style=\"font-size: 14pt; font-family: helvetica, arial, sans-serif; color: rgba(60, 60, 60, 0.99);\">La administraci\u00f3n de los recursos son destinados a financiar el proyecto de que los j\u00f3venes puedan acceder, permanecer y culminar sus estudios superiores. Adem\u00e1s gestionar fondos destinados al desarrollo de proyectos en el campo de la educaci\u00f3n; y ofrece apoyo t\u00e9cnico para la definici\u00f3n de pol\u00edticas, dise\u00f1o del fondo, planeaci\u00f3n, formulaci\u00f3n de reglamentos, ejecuci\u00f3n, seguimiento, administraci\u00f3n de cartera, gesti\u00f3n de cobranza, y evaluaci\u00f3n<\/span><\/p>\t\t\t\t\t\t\t\t<\/div>\n\t\t\t\t<\/div>\n\t\t\t\t<div class=\"elementor-element elementor-element-e500a4d elementor-widget elementor-widget-spacer\" data-id=\"e500a4d\" data-element_type=\"widget\" data-e-type=\"widget\" data-widget_type=\"spacer.default\">\n\t\t\t\t<div class=\"elementor-widget-container\">\n\t\t\t\t\t\t\t<div class=\"elementor-spacer\">\n\t\t\t<div class=\"elementor-spacer-inner\"><\/div>\n\t\t<\/div>\n\t\t\t\t\t\t<\/div>\n\t\t\t\t<\/div>\n\t\t\t\t<div class=\"elementor-element elementor-element-cf03185 elementor-button-info elementor-align-center elementor-widget elementor-widget-button\" data-id=\"cf03185\" data-element_type=\"widget\" data-e-type=\"widget\" data-widget_type=\"button.default\">\n\t\t\t\t<div class=\"elementor-widget-container\">\n\t\t\t\t\t\t\t\t\t<div class=\"elementor-button-wrapper\">\n\t\t\t\t\t<a class=\"elementor-button elementor-button-link elementor-size-md\" href=\"https:\/\/apice.org.co\/site\/servicios-administracion-proyectos-educativos\/\">\n\t\t\t\t\t\t<span class=\"elementor-button-content-wrapper\">\n\t\t\t\t\t\t<span class=\"elementor-button-icon\">\n\t\t\t\t<i aria-hidden=\"true\" class=\"fas fa-check-double\"><\/i>\t\t\t<\/span>\n\t\t\t\t\t\t\t\t\t<span class=\"elementor-button-text\">VER SERVICIOS<\/span>\n\t\t\t\t\t<\/span>\n\t\t\t\t\t<\/a>\n\t\t\t\t<\/div>\n\t\t\t\t\t\t\t\t<\/div>\n\t\t\t\t<\/div>\n\t\t\t\t\t<\/div>\n\t\t<\/div>\n\t\t\t\t<div class=\"elementor-column elementor-col-50 elementor-top-column elementor-element elementor-element-4323b38\" data-id=\"4323b38\" data-element_type=\"column\" data-e-type=\"column\">\n\t\t\t<div class=\"elementor-widget-wrap elementor-element-populated\">\n\t\t\t\t\t\t<div class=\"elementor-element elementor-element-e066b37 elementor-widget elementor-widget-image\" data-id=\"e066b37\" data-element_type=\"widget\" data-e-type=\"widget\" data-widget_type=\"image.default\">\n\t\t\t\t<div class=\"elementor-widget-container\">\n\t\t\t\t\t\t\t\t\t\t\t\t\t\t\t<img fetchpriority=\"high\" decoding=\"async\" width=\"458\" height=\"444\" src=\"https:\/\/apice.org.co\/site\/wp-content\/uploads\/2023\/10\/APE.png\" class=\"attachment-large size-large wp-image-4308\" alt=\"\" srcset=\"https:\/\/apice.org.co\/site\/wp-content\/uploads\/2023\/10\/APE.png 458w, https:\/\/apice.org.co\/site\/wp-content\/uploads\/2023\/10\/APE-300x291.png 300w, https:\/\/apice.org.co\/site\/wp-content\/uploads\/2023\/10\/APE-320x310.png 320w\" sizes=\"(max-width: 458px) 100vw, 458px\" \/>\t\t\t\t\t\t\t\t\t\t\t\t\t\t\t<\/div>\n\t\t\t\t<\/div>\n\t\t\t\t<div class=\"elementor-element elementor-element-d28231d elementor-widget elementor-widget-heading\" data-id=\"d28231d\" data-element_type=\"widget\" data-e-type=\"widget\" data-widget_type=\"heading.default\">\n\t\t\t\t<div class=\"elementor-widget-container\">\n\t\t\t\t\t<h1 class=\"elementor-heading-title elementor-size-default\">Financiaci\u00f3n de la Educaci\u00f3n<\/h1>\t\t\t\t<\/div>\n\t\t\t\t<\/div>\n\t\t\t\t<div class=\"elementor-element elementor-element-eb76399 elementor-widget elementor-widget-text-editor\" data-id=\"eb76399\" data-element_type=\"widget\" data-e-type=\"widget\" data-widget_type=\"text-editor.default\">\n\t\t\t\t<div class=\"elementor-widget-container\">\n\t\t\t\t\t\t\t\t\t<p><span style=\"font-size: 14pt; font-family: helvetica, arial, sans-serif; color: rgba(60, 60, 60, 0.99);\">\u00c1PICE administra recursos financieros de los sectores privado, p\u00fablico y\/o cooperativo, con el fin de facilitar el ingreso, permanencia y culminaci\u00f3n en la educaci\u00f3n superior a j\u00f3venes de bajos recursos. Estos recursos se ejecutan en cumplimiento del objeto del convenio, de acuerdo con estrictos criterios financieros y con altos est\u00e1ndares de\u00a0 calidad.<\/span><\/p>\t\t\t\t\t\t\t\t<\/div>\n\t\t\t\t<\/div>\n\t\t\t\t\t<\/div>\n\t\t<\/div>\n\t\t\t\t\t<\/div>\n\t\t<\/section>\n\t\t\t\t<section class=\"elementor-section elementor-top-section elementor-element elementor-element-0c182de elementor-section-boxed elementor-section-height-default elementor-section-height-default\" data-id=\"0c182de\" data-element_type=\"section\" data-e-type=\"section\">\n\t\t\t\t\t\t<div class=\"elementor-container elementor-column-gap-default\">\n\t\t\t\t\t<div class=\"elementor-column elementor-col-100 elementor-top-column elementor-element elementor-element-313999a\" data-id=\"313999a\" data-element_type=\"column\" data-e-type=\"column\">\n\t\t\t<div class=\"elementor-widget-wrap elementor-element-populated\">\n\t\t\t\t\t\t<div class=\"elementor-element elementor-element-cf02ee4 elementor-widget elementor-widget-spacer\" data-id=\"cf02ee4\" data-element_type=\"widget\" data-e-type=\"widget\" data-widget_type=\"spacer.default\">\n\t\t\t\t<div class=\"elementor-widget-container\">\n\t\t\t\t\t\t\t<div class=\"elementor-spacer\">\n\t\t\t<div class=\"elementor-spacer-inner\"><\/div>\n\t\t<\/div>\n\t\t\t\t\t\t<\/div>\n\t\t\t\t<\/div>\n\t\t\t\t<div class=\"elementor-element elementor-element-2fcc324 elementor-widget elementor-widget-text-editor\" data-id=\"2fcc324\" data-element_type=\"widget\" data-e-type=\"widget\" data-widget_type=\"text-editor.default\">\n\t\t\t\t<div class=\"elementor-widget-container\">\n\t\t\t\t\t\t\t\t\t<p><span style=\"font-family: helvetica, arial, sans-serif; font-size: 14pt; color: rgba(60, 60, 60, 0.99);\">Para el desarrollo de estos proyectos, \u00c1PICE ofrece:<\/span><\/p>\t\t\t\t\t\t\t\t<\/div>\n\t\t\t\t<\/div>\n\t\t\t\t<div class=\"elementor-element elementor-element-97e786a elementor-widget elementor-widget-text-editor\" data-id=\"97e786a\" data-element_type=\"widget\" data-e-type=\"widget\" data-widget_type=\"text-editor.default\">\n\t\t\t\t<div class=\"elementor-widget-container\">\n\t\t\t\t\t\t\t\t\t<div><strong style=\"font-family: helvetica, arial, sans-serif; font-size: 14pt; text-align: var(--bs-body-text-align);\">Fase de Investigaci\u00f3n, Planificaci\u00f3n y Dise\u00f1o:<\/strong><\/div>\t\t\t\t\t\t\t\t<\/div>\n\t\t\t\t<\/div>\n\t\t\t\t<div class=\"elementor-element elementor-element-899f775 elementor-widget elementor-widget-text-editor\" data-id=\"899f775\" data-element_type=\"widget\" data-e-type=\"widget\" data-widget_type=\"text-editor.default\">\n\t\t\t\t<div class=\"elementor-widget-container\">\n\t\t\t\t\t\t\t\t\t<p><span style=\"font-family: helvetica, arial, sans-serif; font-size: 14pt; color: rgba(60, 60, 60, 0.99);\">&gt; Definici\u00f3n de la estructura de los proyectos o fondos. (jur\u00eddica, financiera, administrativa, operativa, etc.)<\/span><\/p><p><span style=\"color: rgba(60, 60, 60, 0.99); font-family: helvetica, arial, sans-serif; font-size: 14pt;\">&gt; Defini\u00f3n de pol\u00edticas, acuerdos, alianzas y reglamentos con Instituciones de Educaci\u00f3n Superior.<\/span><\/p><p><span style=\"color: rgba(60, 60, 60, 0.99); font-family: helvetica, arial, sans-serif; font-size: 14pt;\">&gt; Definici\u00f3n de estrategias y acciones para el desarrollo de procesos.<\/span><\/p>\t\t\t\t\t\t\t\t<\/div>\n\t\t\t\t<\/div>\n\t\t\t\t<div class=\"elementor-element elementor-element-4c536f7 elementor-widget elementor-widget-text-editor\" data-id=\"4c536f7\" data-element_type=\"widget\" data-e-type=\"widget\" data-widget_type=\"text-editor.default\">\n\t\t\t\t<div class=\"elementor-widget-container\">\n\t\t\t\t\t\t\t\t\t<div><strong style=\"font-family: helvetica, arial, sans-serif; font-size: 14pt; text-align: var(--bs-body-text-align);\">Fase de Ejecuci\u00f3n:<\/strong><\/div>\t\t\t\t\t\t\t\t<\/div>\n\t\t\t\t<\/div>\n\t\t\t\t<div class=\"elementor-element elementor-element-eccae82 elementor-widget elementor-widget-text-editor\" data-id=\"eccae82\" data-element_type=\"widget\" data-e-type=\"widget\" data-widget_type=\"text-editor.default\">\n\t\t\t\t<div class=\"elementor-widget-container\">\n\t\t\t\t\t\t\t\t\t<p><span style=\"font-family: helvetica, arial, sans-serif; font-size: 14pt; color: rgba(60, 60, 60, 0.99);\">&gt; Divulgacion de los par\u00e1metros de la Convocatoria.<\/span><\/p><p><span style=\"font-family: helvetica, arial, sans-serif; font-size: 14pt; color: rgba(60, 60, 60, 0.99);\">&gt; Proceso de inscripci\u00f3n y selecci\u00f3n de candidatos.<\/span><\/p><p><span style=\"font-family: helvetica, arial, sans-serif; font-size: 14pt; color: rgba(60, 60, 60, 0.99);\">&gt; Validaci\u00f3n de documentos y requisitos de solicitues (Financiero y social).<\/span><\/p><p><span style=\"font-family: helvetica, arial, sans-serif; font-size: 14pt; color: rgba(60, 60, 60, 0.99);\">&gt; Aprobaci\u00f3n de solicitudes<\/span><span style=\"font-family: helvetica, arial, sans-serif; font-size: 14pt; color: rgba(60, 60, 60, 0.99);\">.<\/span><\/p>\t\t\t\t\t\t\t\t<\/div>\n\t\t\t\t<\/div>\n\t\t\t\t<div class=\"elementor-element elementor-element-eeb1a7e elementor-widget elementor-widget-text-editor\" data-id=\"eeb1a7e\" data-element_type=\"widget\" data-e-type=\"widget\" data-widget_type=\"text-editor.default\">\n\t\t\t\t<div class=\"elementor-widget-container\">\n\t\t\t\t\t\t\t\t\t<div><strong style=\"font-family: helvetica, arial, sans-serif; font-size: 14pt; text-align: var(--bs-body-text-align);\">Fase de Seguimiento:<\/strong><\/div>\t\t\t\t\t\t\t\t<\/div>\n\t\t\t\t<\/div>\n\t\t\t\t<div class=\"elementor-element elementor-element-9fc0925 elementor-widget__width-initial elementor-widget elementor-widget-text-editor\" data-id=\"9fc0925\" data-element_type=\"widget\" data-e-type=\"widget\" data-widget_type=\"text-editor.default\">\n\t\t\t\t<div class=\"elementor-widget-container\">\n\t\t\t\t\t\t\t\t\t<div><span style=\"font-family: helvetica, arial, sans-serif; font-size: 14pt; text-align: var(--bs-body-text-align);\">&gt; Financiero.<\/span><\/div><p><span style=\"font-family: helvetica, arial, sans-serif; font-size: 14pt; color: rgba(60, 60, 60, 0.99);\">&gt; Acad\u00e9mico.<\/span><\/p><p><span style=\"font-family: helvetica, arial, sans-serif; font-size: 14pt; color: rgba(60, 60, 60, 0.99);\">&gt; Administraci\u00f3n de cartera\u00a0<\/span><\/p>\t\t\t\t\t\t\t\t<\/div>\n\t\t\t\t<\/div>\n\t\t\t\t<div class=\"elementor-element elementor-element-d803779 elementor-widget elementor-widget-text-editor\" data-id=\"d803779\" data-element_type=\"widget\" data-e-type=\"widget\" data-widget_type=\"text-editor.default\">\n\t\t\t\t<div class=\"elementor-widget-container\">\n\t\t\t\t\t\t\t\t\t<div><strong style=\"font-family: helvetica, arial, sans-serif; font-size: 14pt; text-align: var(--bs-body-text-align);\">Fase de cierre:<\/strong><\/div>\t\t\t\t\t\t\t\t<\/div>\n\t\t\t\t<\/div>\n\t\t\t\t<div class=\"elementor-element elementor-element-1864023 elementor-widget__width-initial elementor-widget elementor-widget-text-editor\" data-id=\"1864023\" data-element_type=\"widget\" data-e-type=\"widget\" data-widget_type=\"text-editor.default\">\n\t\t\t\t<div class=\"elementor-widget-container\">\n\t\t\t\t\t\t\t\t\t<p><span style=\"color: rgba(60, 60, 60, 0.99); font-family: helvetica, arial, sans-serif; font-size: 14pt;\">Informes de gesti\u00f3n administrativa, operativa y financiera.<\/span><\/p>\t\t\t\t\t\t\t\t<\/div>\n\t\t\t\t<\/div>\n\t\t\t\t<div class=\"elementor-element elementor-element-98e3a02 elementor-widget elementor-widget-spacer\" data-id=\"98e3a02\" data-element_type=\"widget\" data-e-type=\"widget\" data-widget_type=\"spacer.default\">\n\t\t\t\t<div class=\"elementor-widget-container\">\n\t\t\t\t\t\t\t<div class=\"elementor-spacer\">\n\t\t\t<div class=\"elementor-spacer-inner\"><\/div>\n\t\t<\/div>\n\t\t\t\t\t\t<\/div>\n\t\t\t\t<\/div>\n\t\t\t\t<div class=\"elementor-element elementor-element-b46eadb elementor-widget elementor-widget-heading\" data-id=\"b46eadb\" data-element_type=\"widget\" data-e-type=\"widget\" data-widget_type=\"heading.default\">\n\t\t\t\t<div class=\"elementor-widget-container\">\n\t\t\t\t\t<h2 class=\"elementor-heading-title elementor-size-default\">Aliados<\/h2>\t\t\t\t<\/div>\n\t\t\t\t<\/div>\n\t\t\t\t<div class=\"elementor-element elementor-element-f4b13f3 elementor-widget__width-initial elementor-widget elementor-widget-text-editor\" data-id=\"f4b13f3\" data-element_type=\"widget\" data-e-type=\"widget\" data-widget_type=\"text-editor.default\">\n\t\t\t\t<div class=\"elementor-widget-container\">\n\t\t\t\t\t\t\t\t\t<p><span style=\"font-family: helvetica, arial, sans-serif; font-size: 14pt; color: rgba(60, 60, 60, 0.99);\">\u00c1PICE ha venido desarrollando alianzas con\u00a0 instituciones del sector p\u00fablico, privado y cooperativo. Algunas de estas instituciones son:<\/span><\/p><p>\u00a0<\/p><ul><li><span style=\"font-family: helvetica, arial, sans-serif; font-size: 14pt; color: rgba(60, 60, 60, 0.99);\">&#8211; Instituto Colombiano de Cr\u00e9dito Educativo y\u00a0 Estudios T\u00e9cnicos en el Exterior, ICETEX<\/span><\/li><li><span style=\"font-family: helvetica, arial, sans-serif; font-size: 14pt; color: rgba(60, 60, 60, 0.99);\">&#8211; Fundaci\u00f3n Escuela Nueva, FEN<\/span><\/li><li><span style=\"font-family: helvetica, arial, sans-serif; font-size: 14pt; color: rgba(60, 60, 60, 0.99);\">&#8211; Secretar\u00eda de Educaci\u00f3n del Distrito Capital, SED<\/span><\/li><li><span style=\"font-family: helvetica, arial, sans-serif; font-size: 14pt; color: rgba(60, 60, 60, 0.99);\">&#8211; Universidad Nacional Abierta y a Distancia, UNAD<\/span><\/li><li><span style=\"font-family: helvetica, arial, sans-serif; font-size: 14pt; color: rgba(60, 60, 60, 0.99);\">&#8211; Fundaci\u00f3n Eugenio Mendoza<\/span><\/li><li><span style=\"font-family: helvetica, arial, sans-serif;\"><span style=\"font-size: 18.6667px;\">&#8211; Caring for Colombia<\/span><\/span><\/li><\/ul>\t\t\t\t\t\t\t\t<\/div>\n\t\t\t\t<\/div>\n\t\t\t\t\t<\/div>\n\t\t<\/div>\n\t\t\t\t\t<\/div>\n\t\t<\/section>\n\t\t\t\t<section class=\"elementor-section elementor-top-section elementor-element elementor-element-61bdf67 elementor-section-boxed elementor-section-height-default elementor-section-height-default\" data-id=\"61bdf67\" data-element_type=\"section\" data-e-type=\"section\">\n\t\t\t\t\t\t<div class=\"elementor-container elementor-column-gap-default\">\n\t\t\t\t\t<div class=\"elementor-column elementor-col-100 elementor-top-column elementor-element elementor-element-9ea0413\" data-id=\"9ea0413\" data-element_type=\"column\" data-e-type=\"column\">\n\t\t\t<div class=\"elementor-widget-wrap elementor-element-populated\">\n\t\t\t\t\t\t<div class=\"elementor-element elementor-element-789876a elementor-widget elementor-widget-spacer\" data-id=\"789876a\" data-element_type=\"widget\" data-e-type=\"widget\" data-widget_type=\"spacer.default\">\n\t\t\t\t<div class=\"elementor-widget-container\">\n\t\t\t\t\t\t\t<div class=\"elementor-spacer\">\n\t\t\t<div class=\"elementor-spacer-inner\"><\/div>\n\t\t<\/div>\n\t\t\t\t\t\t<\/div>\n\t\t\t\t<\/div>\n\t\t\t\t\t<\/div>\n\t\t<\/div>\n\t\t\t\t\t<\/div>\n\t\t<\/section>\n\t\t\t\t<\/div>\n\t\t","protected":false},"excerpt":{"rendered":"<p>\u00bfQU\u00c9 ES? Administraci\u00f3n de Proyectos Educativos Gestionamos y administramos proyectos de cr\u00e9dito educativo, becas, subsidios y otras ayudas financieras; proyectos educativos financiados con recursos provenientes de fondos institucionales y adem\u00e1s proyectos con el seguimiento acad\u00e9mico a los\u00a0 beneficiarios y ayudar a la culminaci\u00f3n de sus estudios. \u00a0 La administraci\u00f3n de los recursos son destinados a [&hellip;]<\/p>\n","protected":false},"author":7,"featured_media":0,"parent":0,"menu_order":0,"comment_status":"closed","ping_status":"closed","template":"","meta":{"_acf_changed":false,"om_disable_all_campaigns":false,"_exactmetrics_skip_tracking":false,"_exactmetrics_sitenote_active":false,"_exactmetrics_sitenote_note":"","_exactmetrics_sitenote_category":0,"_uf_show_specific_survey":0,"_uf_disable_surveys":false,"footnotes":""},"class_list":["post-4193","page","type-page","status-publish","hentry"],"acf":[],"aioseo_notices":[],"_links":{"self":[{"href":"https:\/\/apice.org.co\/site\/wp-json\/wp\/v2\/pages\/4193","targetHints":{"allow":["GET"]}}],"collection":[{"href":"https:\/\/apice.org.co\/site\/wp-json\/wp\/v2\/pages"}],"about":[{"href":"https:\/\/apice.org.co\/site\/wp-json\/wp\/v2\/types\/page"}],"author":[{"embeddable":true,"href":"https:\/\/apice.org.co\/site\/wp-json\/wp\/v2\/users\/7"}],"replies":[{"embeddable":true,"href":"https:\/\/apice.org.co\/site\/wp-json\/wp\/v2\/comments?post=4193"}],"version-history":[{"count":156,"href":"https:\/\/apice.org.co\/site\/wp-json\/wp\/v2\/pages\/4193\/revisions"}],"predecessor-version":[{"id":9119,"href":"https:\/\/apice.org.co\/site\/wp-json\/wp\/v2\/pages\/4193\/revisions\/9119"}],"wp:attachment":[{"href":"https:\/\/apice.org.co\/site\/wp-json\/wp\/v2\/media?parent=4193"}],"curies":[{"name":"wp","href":"https:\/\/api.w.org\/{rel}","templated":true}]}}