{"id":5767,"date":"2023-10-30T11:34:13","date_gmt":"2023-10-30T16:34:13","guid":{"rendered":"https:\/\/apice.org.co\/site\/?page_id=5767"},"modified":"2023-11-10T04:26:21","modified_gmt":"2023-11-10T09:26:21","slug":"nuestros-fundadores","status":"publish","type":"page","link":"https:\/\/apice.org.co\/site\/nuestros-fundadores\/","title":{"rendered":"Nuestros fundadores"},"content":{"rendered":"\t\t<div data-elementor-type=\"wp-page\" data-elementor-id=\"5767\" class=\"elementor elementor-5767\" data-elementor-post-type=\"page\">\n\t\t\t\t\t\t<section class=\"elementor-section elementor-top-section elementor-element elementor-element-b7bc711 elementor-section-boxed elementor-section-height-default elementor-section-height-default\" data-id=\"b7bc711\" data-element_type=\"section\" data-e-type=\"section\">\n\t\t\t\t\t\t<div class=\"elementor-container elementor-column-gap-default\">\n\t\t\t\t\t<div class=\"elementor-column elementor-col-100 elementor-top-column elementor-element elementor-element-a3212a7\" data-id=\"a3212a7\" data-element_type=\"column\" data-e-type=\"column\">\n\t\t\t<div class=\"elementor-widget-wrap elementor-element-populated\">\n\t\t\t\t\t\t<div class=\"elementor-element elementor-element-2fc4d8a elementor-widget elementor-widget-spacer\" data-id=\"2fc4d8a\" data-element_type=\"widget\" data-e-type=\"widget\" data-widget_type=\"spacer.default\">\n\t\t\t\t<div class=\"elementor-widget-container\">\n\t\t\t\t\t\t\t<div class=\"elementor-spacer\">\n\t\t\t<div class=\"elementor-spacer-inner\"><\/div>\n\t\t<\/div>\n\t\t\t\t\t\t<\/div>\n\t\t\t\t<\/div>\n\t\t\t\t\t<\/div>\n\t\t<\/div>\n\t\t\t\t\t<\/div>\n\t\t<\/section>\n\t\t\t\t<section class=\"elementor-section elementor-top-section elementor-element elementor-element-bb926db elementor-section-boxed elementor-section-height-default elementor-section-height-default\" data-id=\"bb926db\" data-element_type=\"section\" data-e-type=\"section\">\n\t\t\t\t\t\t<div class=\"elementor-container elementor-column-gap-default\">\n\t\t\t\t\t<div class=\"elementor-column elementor-col-100 elementor-top-column elementor-element elementor-element-8379852\" data-id=\"8379852\" data-element_type=\"column\" data-e-type=\"column\">\n\t\t\t<div class=\"elementor-widget-wrap elementor-element-populated\">\n\t\t\t\t\t\t<div class=\"elementor-element elementor-element-77f88a2 elementor-widget elementor-widget-heading\" data-id=\"77f88a2\" data-element_type=\"widget\" data-e-type=\"widget\" data-widget_type=\"heading.default\">\n\t\t\t\t<div class=\"elementor-widget-container\">\n\t\t\t\t\t<h2 class=\"elementor-heading-title elementor-size-default\">\u00c1PICE<\/h2>\t\t\t\t<\/div>\n\t\t\t\t<\/div>\n\t\t\t\t<div class=\"elementor-element elementor-element-2dec4ce elementor-widget elementor-widget-heading\" data-id=\"2dec4ce\" data-element_type=\"widget\" data-e-type=\"widget\" data-widget_type=\"heading.default\">\n\t\t\t\t<div class=\"elementor-widget-container\">\n\t\t\t\t\t<h2 class=\"elementor-heading-title elementor-size-default\">Nuestros Fundadores<\/h2>\t\t\t\t<\/div>\n\t\t\t\t<\/div>\n\t\t\t\t\t<\/div>\n\t\t<\/div>\n\t\t\t\t\t<\/div>\n\t\t<\/section>\n\t\t\t\t<section class=\"elementor-section elementor-top-section elementor-element elementor-element-22f47c3 elementor-section-boxed elementor-section-height-default elementor-section-height-default\" data-id=\"22f47c3\" data-element_type=\"section\" data-e-type=\"section\">\n\t\t\t\t\t\t<div class=\"elementor-container elementor-column-gap-default\">\n\t\t\t\t\t<div class=\"elementor-column elementor-col-100 elementor-top-column elementor-element elementor-element-77d672f\" data-id=\"77d672f\" data-element_type=\"column\" data-e-type=\"column\">\n\t\t\t<div class=\"elementor-widget-wrap elementor-element-populated\">\n\t\t\t\t\t\t<div class=\"elementor-element elementor-element-fc249ef elementor-widget elementor-widget-spacer\" data-id=\"fc249ef\" data-element_type=\"widget\" data-e-type=\"widget\" data-widget_type=\"spacer.default\">\n\t\t\t\t<div class=\"elementor-widget-container\">\n\t\t\t\t\t\t\t<div class=\"elementor-spacer\">\n\t\t\t<div class=\"elementor-spacer-inner\"><\/div>\n\t\t<\/div>\n\t\t\t\t\t\t<\/div>\n\t\t\t\t<\/div>\n\t\t\t\t<div class=\"elementor-element elementor-element-ac46f6c elementor-widget elementor-widget-text-editor\" data-id=\"ac46f6c\" data-element_type=\"widget\" data-e-type=\"widget\" data-widget_type=\"text-editor.default\">\n\t\t\t\t<div class=\"elementor-widget-container\">\n\t\t\t\t\t\t\t\t\t<p><span style=\"font-family: helvetica, arial, sans-serif; font-size: 14pt; color: rgba(60, 60, 60, 0.99);\">\u00c1PICE fue constituida el 23 de noviembre de\u00a01969 por 8 instituciones de Am\u00e9rica Latina y el Caribe con el prop\u00f3sito de organizar una fuerza panamericana que integrara las acciones realizadas individualmente por las distintas instituciones, las representara a nivel internacional, y buscara soluciones comunes para el tratamiento de problemas relacionados con la financiaci\u00f3n de la educaci\u00f3n superior.<\/span><\/p>\t\t\t\t\t\t\t\t<\/div>\n\t\t\t\t<\/div>\n\t\t\t\t<div class=\"elementor-element elementor-element-372fdc6 elementor-widget elementor-widget-spacer\" data-id=\"372fdc6\" data-element_type=\"widget\" data-e-type=\"widget\" data-widget_type=\"spacer.default\">\n\t\t\t\t<div class=\"elementor-widget-container\">\n\t\t\t\t\t\t\t<div class=\"elementor-spacer\">\n\t\t\t<div class=\"elementor-spacer-inner\"><\/div>\n\t\t<\/div>\n\t\t\t\t\t\t<\/div>\n\t\t\t\t<\/div>\n\t\t\t\t\t<\/div>\n\t\t<\/div>\n\t\t\t\t\t<\/div>\n\t\t<\/section>\n\t\t\t\t<section class=\"elementor-section elementor-top-section elementor-element elementor-element-cde16d1 elementor-section-boxed elementor-section-height-default elementor-section-height-default\" data-id=\"cde16d1\" data-element_type=\"section\" data-e-type=\"section\">\n\t\t\t\t\t\t<div class=\"elementor-container elementor-column-gap-default\">\n\t\t\t\t\t<div class=\"elementor-column elementor-col-100 elementor-top-column elementor-element elementor-element-e19221f\" data-id=\"e19221f\" data-element_type=\"column\" data-e-type=\"column\">\n\t\t\t<div class=\"elementor-widget-wrap elementor-element-populated\">\n\t\t\t\t\t\t<div class=\"elementor-element elementor-element-8a81f68 elementor-position-left elementor-vertical-align-top elementor-widget elementor-widget-image-box\" data-id=\"8a81f68\" data-element_type=\"widget\" data-e-type=\"widget\" data-widget_type=\"image-box.default\">\n\t\t\t\t<div class=\"elementor-widget-container\">\n\t\t\t\t\t<div class=\"elementor-image-box-wrapper\"><figure class=\"elementor-image-box-img\"><img decoding=\"async\" src=\"https:\/\/apice.org.co\/site\/wp-content\/uploads\/elementor\/thumbs\/27120-scaled-qemruur84cjo7cjvmu3p0uqbbxnitmcn6k3g3vzyso.jpg\" title=\"Basic RGB\" alt=\"Illustration of Argentina flag\" loading=\"lazy\" \/><\/figure><div class=\"elementor-image-box-content\"><h3 class=\"elementor-image-box-title\">Argentina<\/h3><p class=\"elementor-image-box-description\"><span style=\"font-family: helvetica, arial, sans-serif;font-size: 18.6667px\">Ministerio de Educaci\u00f3n y Cultura - Programa Nacional de Cr\u00e9dito Educativo para la Educaci\u00f3n Superior.<\/span><\/p><\/div><\/div>\t\t\t\t<\/div>\n\t\t\t\t<\/div>\n\t\t\t\t\t<\/div>\n\t\t<\/div>\n\t\t\t\t\t<\/div>\n\t\t<\/section>\n\t\t\t\t<section class=\"elementor-section elementor-top-section elementor-element elementor-element-f5c6a8f elementor-section-boxed elementor-section-height-default elementor-section-height-default\" data-id=\"f5c6a8f\" data-element_type=\"section\" data-e-type=\"section\">\n\t\t\t\t\t\t<div class=\"elementor-container elementor-column-gap-default\">\n\t\t\t\t\t<div class=\"elementor-column elementor-col-100 elementor-top-column elementor-element elementor-element-8f00929\" data-id=\"8f00929\" data-element_type=\"column\" data-e-type=\"column\">\n\t\t\t<div class=\"elementor-widget-wrap elementor-element-populated\">\n\t\t\t\t\t\t<div class=\"elementor-element elementor-element-64eca1c elementor-widget elementor-widget-spacer\" data-id=\"64eca1c\" data-element_type=\"widget\" data-e-type=\"widget\" data-widget_type=\"spacer.default\">\n\t\t\t\t<div class=\"elementor-widget-container\">\n\t\t\t\t\t\t\t<div class=\"elementor-spacer\">\n\t\t\t<div class=\"elementor-spacer-inner\"><\/div>\n\t\t<\/div>\n\t\t\t\t\t\t<\/div>\n\t\t\t\t<\/div>\n\t\t\t\t<div class=\"elementor-element elementor-element-ff0824d elementor-position-left elementor-vertical-align-top elementor-widget elementor-widget-image-box\" data-id=\"ff0824d\" data-element_type=\"widget\" data-e-type=\"widget\" data-widget_type=\"image-box.default\">\n\t\t\t\t<div class=\"elementor-widget-container\">\n\t\t\t\t\t<div class=\"elementor-image-box-wrapper\"><figure class=\"elementor-image-box-img\"><a href=\"https:\/\/web.icetex.gov.co\/portal\" target=\"_blank\" tabindex=\"-1\"><img decoding=\"async\" src=\"https:\/\/apice.org.co\/site\/wp-content\/uploads\/elementor\/thumbs\/27125-scaled-qemt0v5jks213xj1bhueyr2z4wl3um4rahrpa3pip4.jpg\" title=\"Basic RGB\" alt=\"Colombia\" loading=\"lazy\" \/><\/a><\/figure><div class=\"elementor-image-box-content\"><h3 class=\"elementor-image-box-title\"><a href=\"https:\/\/web.icetex.gov.co\/portal\" target=\"_blank\">COLOMBIA<\/a><\/h3><p class=\"elementor-image-box-description\"><span style=\"font-family: helvetica, arial, sans-serif;font-size: 18.6667px\">Instituto Colombiano de Cr\u00e9dito Educativo y Estudios T\u00e9cnicos en el Exterior, ICETEX.<\/span><\/p><\/div><\/div>\t\t\t\t<\/div>\n\t\t\t\t<\/div>\n\t\t\t\t<div class=\"elementor-element elementor-element-02cd06b elementor-widget elementor-widget-spacer\" data-id=\"02cd06b\" data-element_type=\"widget\" data-e-type=\"widget\" data-widget_type=\"spacer.default\">\n\t\t\t\t<div class=\"elementor-widget-container\">\n\t\t\t\t\t\t\t<div class=\"elementor-spacer\">\n\t\t\t<div class=\"elementor-spacer-inner\"><\/div>\n\t\t<\/div>\n\t\t\t\t\t\t<\/div>\n\t\t\t\t<\/div>\n\t\t\t\t<div class=\"elementor-element elementor-element-c8aeae8 elementor-position-left elementor-vertical-align-top elementor-widget elementor-widget-image-box\" data-id=\"c8aeae8\" data-element_type=\"widget\" data-e-type=\"widget\" data-widget_type=\"image-box.default\">\n\t\t\t\t<div class=\"elementor-widget-container\">\n\t\t\t\t\t<div class=\"elementor-image-box-wrapper\"><figure class=\"elementor-image-box-img\"><a href=\"https:\/\/www.educredito.gob.hn\/\" target=\"_blank\" tabindex=\"-1\"><img decoding=\"async\" src=\"https:\/\/apice.org.co\/site\/wp-content\/uploads\/elementor\/thumbs\/rm223-sasi-honduras-scaled-qemte8ewrycu8a3z99vefdmza6p1bn7bsnsazrvy7c.jpg\" title=\"Basic RGB\" alt=\"Honduras\" loading=\"lazy\" \/><\/a><\/figure><div class=\"elementor-image-box-content\"><h3 class=\"elementor-image-box-title\"><a href=\"https:\/\/www.educredito.gob.hn\/\" target=\"_blank\">HONDURAS<\/a><\/h3><p class=\"elementor-image-box-description\"><span style=\"font-family: helvetica, arial, sans-serif;font-size: 18.6667px\">Instituto de Cr\u00e9dito Educativo, EDUCR\u00c9DITO.<\/span><\/p><\/div><\/div>\t\t\t\t<\/div>\n\t\t\t\t<\/div>\n\t\t\t\t<div class=\"elementor-element elementor-element-24df2e4 elementor-widget elementor-widget-spacer\" data-id=\"24df2e4\" data-element_type=\"widget\" data-e-type=\"widget\" data-widget_type=\"spacer.default\">\n\t\t\t\t<div class=\"elementor-widget-container\">\n\t\t\t\t\t\t\t<div class=\"elementor-spacer\">\n\t\t\t<div class=\"elementor-spacer-inner\"><\/div>\n\t\t<\/div>\n\t\t\t\t\t\t<\/div>\n\t\t\t\t<\/div>\n\t\t\t\t<div class=\"elementor-element elementor-element-6239310 elementor-position-left elementor-vertical-align-top elementor-widget elementor-widget-image-box\" data-id=\"6239310\" data-element_type=\"widget\" data-e-type=\"widget\" data-widget_type=\"image-box.default\">\n\t\t\t\t<div class=\"elementor-widget-container\">\n\t\t\t\t\t<div class=\"elementor-image-box-wrapper\"><figure class=\"elementor-image-box-img\"><img decoding=\"async\" src=\"https:\/\/apice.org.co\/site\/wp-content\/uploads\/elementor\/thumbs\/NICARAGUA-qemuf6gjeixkkig0iqshxk07uelevcvijiwd2b3vmw.jpg\" title=\"NICARAGUA\" alt=\"NICARAGUA\" loading=\"lazy\" \/><\/figure><div class=\"elementor-image-box-content\"><h3 class=\"elementor-image-box-title\">nicaragua<\/h3><p class=\"elementor-image-box-description\"><span style=\"font-family: helvetica, arial, sans-serif;font-size: 18.6667px\">INDE - EDUCR\u00c9DITO.<\/span><\/p><\/div><\/div>\t\t\t\t<\/div>\n\t\t\t\t<\/div>\n\t\t\t\t<div class=\"elementor-element elementor-element-a58bb4a elementor-widget elementor-widget-spacer\" data-id=\"a58bb4a\" data-element_type=\"widget\" data-e-type=\"widget\" data-widget_type=\"spacer.default\">\n\t\t\t\t<div class=\"elementor-widget-container\">\n\t\t\t\t\t\t\t<div class=\"elementor-spacer\">\n\t\t\t<div class=\"elementor-spacer-inner\"><\/div>\n\t\t<\/div>\n\t\t\t\t\t\t<\/div>\n\t\t\t\t<\/div>\n\t\t\t\t<div class=\"elementor-element elementor-element-59a5f44 elementor-position-left elementor-vertical-align-top elementor-widget elementor-widget-image-box\" data-id=\"59a5f44\" data-element_type=\"widget\" data-e-type=\"widget\" data-widget_type=\"image-box.default\">\n\t\t\t\t<div class=\"elementor-widget-container\">\n\t\t\t\t\t<div class=\"elementor-image-box-wrapper\"><figure class=\"elementor-image-box-img\"><a href=\"https:\/\/www.ifarhu.gob.pa\/\" target=\"_blank\" tabindex=\"-1\"><img decoding=\"async\" src=\"https:\/\/apice.org.co\/site\/wp-content\/uploads\/elementor\/thumbs\/panama-qemul5pkvl48f7rcltu2ajorvn4gu1m1p4ajyo8q20.jpg\" title=\"panama\" alt=\"panama\" loading=\"lazy\" \/><\/a><\/figure><div class=\"elementor-image-box-content\"><h3 class=\"elementor-image-box-title\"><a href=\"https:\/\/www.ifarhu.gob.pa\/\" target=\"_blank\">PANAM\u00c1<\/a><\/h3><p class=\"elementor-image-box-description\"><span style=\"font-family: helvetica, arial, sans-serif;font-size: 18.6667px\">Instituto para la Formaci\u00f3n y Aprovechamiento de Recursos Humanos, IFARHU.<\/span><\/p><\/div><\/div>\t\t\t\t<\/div>\n\t\t\t\t<\/div>\n\t\t\t\t<div class=\"elementor-element elementor-element-46fe87f elementor-widget elementor-widget-spacer\" data-id=\"46fe87f\" data-element_type=\"widget\" data-e-type=\"widget\" data-widget_type=\"spacer.default\">\n\t\t\t\t<div class=\"elementor-widget-container\">\n\t\t\t\t\t\t\t<div class=\"elementor-spacer\">\n\t\t\t<div class=\"elementor-spacer-inner\"><\/div>\n\t\t<\/div>\n\t\t\t\t\t\t<\/div>\n\t\t\t\t<\/div>\n\t\t\t\t<div class=\"elementor-element elementor-element-d538dde elementor-position-left elementor-vertical-align-top elementor-widget elementor-widget-image-box\" data-id=\"d538dde\" data-element_type=\"widget\" data-e-type=\"widget\" data-widget_type=\"image-box.default\">\n\t\t\t\t<div class=\"elementor-widget-container\">\n\t\t\t\t\t<div class=\"elementor-image-box-wrapper\"><figure class=\"elementor-image-box-img\"><a href=\"https:\/\/ipfe.org.pe\/\" target=\"_blank\" tabindex=\"-1\"><img decoding=\"async\" src=\"https:\/\/apice.org.co\/site\/wp-content\/uploads\/elementor\/thumbs\/peru-qemuoy06ekat6o9dhyqyu3am0igou5n4juvyjsmmzs.jpg\" title=\"peru\" alt=\"Per\u00fa\" loading=\"lazy\" \/><\/a><\/figure><div class=\"elementor-image-box-content\"><h3 class=\"elementor-image-box-title\"><a href=\"https:\/\/ipfe.org.pe\/\" target=\"_blank\">PER\u00da<\/a><\/h3><p class=\"elementor-image-box-description\"><span style=\"font-family: helvetica, arial, sans-serif;font-size: 18.6667px\">Instituto Peruano de Fomento Educativo, IPFE.<\/span><\/p><\/div><\/div>\t\t\t\t<\/div>\n\t\t\t\t<\/div>\n\t\t\t\t<div class=\"elementor-element elementor-element-ff1f27f elementor-widget elementor-widget-spacer\" data-id=\"ff1f27f\" data-element_type=\"widget\" data-e-type=\"widget\" data-widget_type=\"spacer.default\">\n\t\t\t\t<div class=\"elementor-widget-container\">\n\t\t\t\t\t\t\t<div class=\"elementor-spacer\">\n\t\t\t<div class=\"elementor-spacer-inner\"><\/div>\n\t\t<\/div>\n\t\t\t\t\t\t<\/div>\n\t\t\t\t<\/div>\n\t\t\t\t<div class=\"elementor-element elementor-element-cd3d043 elementor-position-left elementor-vertical-align-top elementor-widget elementor-widget-image-box\" data-id=\"cd3d043\" data-element_type=\"widget\" data-e-type=\"widget\" data-widget_type=\"image-box.default\">\n\t\t\t\t<div class=\"elementor-widget-container\">\n\t\t\t\t\t<div class=\"elementor-image-box-wrapper\"><figure class=\"elementor-image-box-img\"><a href=\"https:\/\/www.fundapec.edu.do\/\" target=\"_blank\" tabindex=\"-1\"><img decoding=\"async\" src=\"https:\/\/apice.org.co\/site\/wp-content\/uploads\/elementor\/thumbs\/rep-dominicana-qemurlvprny22we3y46wwf3mltc4na7qx1fhi0ohd4.png\" title=\"rep dominicana\" alt=\"Rep\u00fablica Dominicana\" loading=\"lazy\" \/><\/a><\/figure><div class=\"elementor-image-box-content\"><h3 class=\"elementor-image-box-title\"><a href=\"https:\/\/www.fundapec.edu.do\/\" target=\"_blank\">REP\u00daBLICA DOMINICANA<\/a><\/h3><p class=\"elementor-image-box-description\"><span style=\"font-family: helvetica, arial, sans-serif;font-size: 18.6667px\">Fundaci\u00f3n \u00c1PEC de Cr\u00e9dito Educativo, FUNDAPEC.<\/span><\/p><\/div><\/div>\t\t\t\t<\/div>\n\t\t\t\t<\/div>\n\t\t\t\t<div class=\"elementor-element elementor-element-b62a0d2 elementor-widget elementor-widget-spacer\" data-id=\"b62a0d2\" data-element_type=\"widget\" data-e-type=\"widget\" data-widget_type=\"spacer.default\">\n\t\t\t\t<div class=\"elementor-widget-container\">\n\t\t\t\t\t\t\t<div class=\"elementor-spacer\">\n\t\t\t<div class=\"elementor-spacer-inner\"><\/div>\n\t\t<\/div>\n\t\t\t\t\t\t<\/div>\n\t\t\t\t<\/div>\n\t\t\t\t<div class=\"elementor-element elementor-element-b70e793 elementor-position-left elementor-vertical-align-top elementor-widget elementor-widget-image-box\" data-id=\"b70e793\" data-element_type=\"widget\" data-e-type=\"widget\" data-widget_type=\"image-box.default\">\n\t\t\t\t<div class=\"elementor-widget-container\">\n\t\t\t\t\t<div class=\"elementor-image-box-wrapper\"><figure class=\"elementor-image-box-img\"><a href=\"https:\/\/educredito.org.ve\/\" target=\"_blank\" tabindex=\"-1\"><img decoding=\"async\" src=\"https:\/\/apice.org.co\/site\/wp-content\/uploads\/elementor\/thumbs\/27121-scaled-qemux716e7lf3g9xbj52q0c9q9soeieb0p1e78e8dk.jpg\" title=\"Basic RGB\" alt=\"Venezuela\" loading=\"lazy\" \/><\/a><\/figure><div class=\"elementor-image-box-content\"><h3 class=\"elementor-image-box-title\"><a href=\"https:\/\/educredito.org.ve\/\" target=\"_blank\">VENEZUELA<\/a><\/h3><p class=\"elementor-image-box-description\"><span style=\"font-family: helvetica, arial, sans-serif;font-size: 18.6667px\">EDUCREDITO A.C.<\/span><\/p><\/div><\/div>\t\t\t\t<\/div>\n\t\t\t\t<\/div>\n\t\t\t\t\t<\/div>\n\t\t<\/div>\n\t\t\t\t\t<\/div>\n\t\t<\/section>\n\t\t\t\t<section class=\"elementor-section elementor-top-section elementor-element elementor-element-4ee159c elementor-section-boxed elementor-section-height-default elementor-section-height-default\" data-id=\"4ee159c\" data-element_type=\"section\" data-e-type=\"section\">\n\t\t\t\t\t\t<div class=\"elementor-container elementor-column-gap-default\">\n\t\t\t\t\t<div class=\"elementor-column elementor-col-100 elementor-top-column elementor-element elementor-element-9098f57\" data-id=\"9098f57\" data-element_type=\"column\" data-e-type=\"column\">\n\t\t\t<div class=\"elementor-widget-wrap elementor-element-populated\">\n\t\t\t\t\t\t<div class=\"elementor-element elementor-element-cf676f3 elementor-widget elementor-widget-spacer\" data-id=\"cf676f3\" data-element_type=\"widget\" data-e-type=\"widget\" data-widget_type=\"spacer.default\">\n\t\t\t\t<div class=\"elementor-widget-container\">\n\t\t\t\t\t\t\t<div class=\"elementor-spacer\">\n\t\t\t<div class=\"elementor-spacer-inner\"><\/div>\n\t\t<\/div>\n\t\t\t\t\t\t<\/div>\n\t\t\t\t<\/div>\n\t\t\t\t\t<\/div>\n\t\t<\/div>\n\t\t\t\t\t<\/div>\n\t\t<\/section>\n\t\t\t\t<\/div>\n\t\t","protected":false},"excerpt":{"rendered":"<p>\u00c1PICE Nuestros Fundadores \u00c1PICE fue constituida el 23 de noviembre de\u00a01969 por 8 instituciones de Am\u00e9rica Latina y el Caribe con el prop\u00f3sito de organizar una fuerza panamericana que integrara las acciones realizadas individualmente por las distintas instituciones, las representara a nivel internacional, y buscara soluciones comunes para el tratamiento de problemas relacionados con la [&hellip;]<\/p>\n","protected":false},"author":4,"featured_media":0,"parent":0,"menu_order":0,"comment_status":"closed","ping_status":"closed","template":"","meta":{"_acf_changed":false,"om_disable_all_campaigns":false,"_exactmetrics_skip_tracking":false,"_exactmetrics_sitenote_active":false,"_exactmetrics_sitenote_note":"","_exactmetrics_sitenote_category":0,"_uf_show_specific_survey":0,"_uf_disable_surveys":false,"footnotes":""},"class_list":["post-5767","page","type-page","status-publish","hentry"],"acf":[],"aioseo_notices":[],"_links":{"self":[{"href":"https:\/\/apice.org.co\/site\/wp-json\/wp\/v2\/pages\/5767","targetHints":{"allow":["GET"]}}],"collection":[{"href":"https:\/\/apice.org.co\/site\/wp-json\/wp\/v2\/pages"}],"about":[{"href":"https:\/\/apice.org.co\/site\/wp-json\/wp\/v2\/types\/page"}],"author":[{"embeddable":true,"href":"https:\/\/apice.org.co\/site\/wp-json\/wp\/v2\/users\/4"}],"replies":[{"embeddable":true,"href":"https:\/\/apice.org.co\/site\/wp-json\/wp\/v2\/comments?post=5767"}],"version-history":[{"count":74,"href":"https:\/\/apice.org.co\/site\/wp-json\/wp\/v2\/pages\/5767\/revisions"}],"predecessor-version":[{"id":12690,"href":"https:\/\/apice.org.co\/site\/wp-json\/wp\/v2\/pages\/5767\/revisions\/12690"}],"wp:attachment":[{"href":"https:\/\/apice.org.co\/site\/wp-json\/wp\/v2\/media?parent=5767"}],"curies":[{"name":"wp","href":"https:\/\/api.w.org\/{rel}","templated":true}]}}