{"id":6988,"date":"2023-11-04T21:05:23","date_gmt":"2023-11-05T02:05:23","guid":{"rendered":"https:\/\/apice.org.co\/site\/?page_id=6988"},"modified":"2026-04-17T15:49:27","modified_gmt":"2026-04-17T20:49:27","slug":"experiencia","status":"publish","type":"page","link":"https:\/\/apice.org.co\/site\/experiencia\/","title":{"rendered":"experiencia"},"content":{"rendered":"\t\t<div data-elementor-type=\"wp-page\" data-elementor-id=\"6988\" class=\"elementor elementor-6988\" data-elementor-post-type=\"page\">\n\t\t\t\t\t\t<section class=\"elementor-section elementor-top-section elementor-element elementor-element-65ea196 elementor-section-boxed elementor-section-height-default elementor-section-height-default\" data-id=\"65ea196\" data-element_type=\"section\" data-e-type=\"section\">\n\t\t\t\t\t\t<div class=\"elementor-container elementor-column-gap-default\">\n\t\t\t\t\t<div class=\"elementor-column elementor-col-100 elementor-top-column elementor-element elementor-element-b3dddde\" data-id=\"b3dddde\" data-element_type=\"column\" data-e-type=\"column\">\n\t\t\t<div class=\"elementor-widget-wrap elementor-element-populated\">\n\t\t\t\t\t\t<div class=\"elementor-element elementor-element-360246f elementor-widget elementor-widget-spacer\" data-id=\"360246f\" data-element_type=\"widget\" data-e-type=\"widget\" data-widget_type=\"spacer.default\">\n\t\t\t\t<div class=\"elementor-widget-container\">\n\t\t\t\t\t\t\t<div class=\"elementor-spacer\">\n\t\t\t<div class=\"elementor-spacer-inner\"><\/div>\n\t\t<\/div>\n\t\t\t\t\t\t<\/div>\n\t\t\t\t<\/div>\n\t\t\t\t\t<\/div>\n\t\t<\/div>\n\t\t\t\t\t<\/div>\n\t\t<\/section>\n\t\t\t\t<section class=\"elementor-section elementor-top-section elementor-element elementor-element-2b29c3c elementor-section-boxed elementor-section-height-default elementor-section-height-default\" data-id=\"2b29c3c\" data-element_type=\"section\" data-e-type=\"section\">\n\t\t\t\t\t\t<div class=\"elementor-container elementor-column-gap-default\">\n\t\t\t\t\t<div class=\"elementor-column elementor-col-100 elementor-top-column elementor-element elementor-element-5323c49\" data-id=\"5323c49\" data-element_type=\"column\" data-e-type=\"column\">\n\t\t\t<div class=\"elementor-widget-wrap elementor-element-populated\">\n\t\t\t\t\t\t<div class=\"elementor-element elementor-element-34306bf elementor-widget elementor-widget-heading\" data-id=\"34306bf\" data-element_type=\"widget\" data-e-type=\"widget\" data-widget_type=\"heading.default\">\n\t\t\t\t<div class=\"elementor-widget-container\">\n\t\t\t\t\t<h2 class=\"elementor-heading-title elementor-size-default\">HOJA DE VIDA INSTITUCIONAL<\/h2>\t\t\t\t<\/div>\n\t\t\t\t<\/div>\n\t\t\t\t<div class=\"elementor-element elementor-element-69b142c elementor-widget elementor-widget-heading\" data-id=\"69b142c\" data-element_type=\"widget\" data-e-type=\"widget\" data-widget_type=\"heading.default\">\n\t\t\t\t<div class=\"elementor-widget-container\">\n\t\t\t\t\t<h2 class=\"elementor-heading-title elementor-size-default\">EXPERIENCIA \u00c1PICE<\/h2>\t\t\t\t<\/div>\n\t\t\t\t<\/div>\n\t\t\t\t\t<\/div>\n\t\t<\/div>\n\t\t\t\t\t<\/div>\n\t\t<\/section>\n\t\t\t\t<section class=\"elementor-section elementor-top-section elementor-element elementor-element-4f7a7c6 elementor-section-boxed elementor-section-height-default elementor-section-height-default\" data-id=\"4f7a7c6\" data-element_type=\"section\" data-e-type=\"section\">\n\t\t\t\t\t\t<div class=\"elementor-container elementor-column-gap-default\">\n\t\t\t\t\t<div class=\"elementor-column elementor-col-100 elementor-top-column elementor-element elementor-element-40a39cc\" data-id=\"40a39cc\" data-element_type=\"column\" data-e-type=\"column\">\n\t\t\t<div class=\"elementor-widget-wrap elementor-element-populated\">\n\t\t\t\t\t\t<div class=\"elementor-element elementor-element-55bcff7 elementor-widget elementor-widget-text-editor\" data-id=\"55bcff7\" data-element_type=\"widget\" data-e-type=\"widget\" data-widget_type=\"text-editor.default\">\n\t\t\t\t<div class=\"elementor-widget-container\">\n\t\t\t\t\t\t\t\t\t<p>\u00a0<\/p><p><span style=\"font-size: 14pt; font-family: helvetica, arial, sans-serif; color: rgba(60, 60, 60, 0.99);\"><b>REPRESENTANTE LEGAL:<\/b>\u00a0Dr. Jorge T\u00e9llez Fuentes, Director Ejecutivo, nombrado el 1 de\u00a0diciembre de 1986.<\/span><\/p><p>\u00a0<\/p><p><span style=\"font-size: 14pt; font-family: helvetica, arial, sans-serif; color: rgba(60, 60, 60, 0.99);\"><b>FECHA DE FUNDACI\u00d3N:<\/b>\u00a023 de noviembre de 1969.<\/span><\/p><p>\u00a0<\/p><p><span style=\"font-size: 14pt; font-family: helvetica, arial, sans-serif; color: rgba(60, 60, 60, 0.99);\"><b>PERSONER\u00cdA JUR\u00cdDICA:<\/b>\u00a0Resoluci\u00f3n No. 205 de 1972.<\/span><\/p><p>\u00a0<\/p><p><span style=\"font-size: 14pt; font-family: helvetica, arial, sans-serif; color: rgba(60, 60, 60, 0.99);\"><b>CAR\u00c1CTER:<\/b>\u00a0Organismo Internacional, sin \u00e1nimo de lucro, con sede en Bogot\u00e1, D.C.,reconocida\u00a0mediante Ley 14 de 1980 de Colombia.<\/span><\/p><p>\u00a0<\/p><p><span style=\"font-size: 14pt; font-family: helvetica, arial, sans-serif; color: rgba(60, 60, 60, 0.99);\">La Asociaci\u00f3n Panamericana de Instituciones de Cr\u00e9dito Educativo, \u00c1PICE, es un organismo\u00a0internacional, sin \u00e1nimo de lucro, integrado por entidades (instituciones, programas y\u00a0servicios), p\u00fablicas, privadas o mixtas, cuyo objetivo es la creaci\u00f3n, promoci\u00f3n, coordinaci\u00f3n\u00a0y administraci\u00f3n de programas de cr\u00e9dito educativo, becas y otras ayudas financieras para\u00a0estudiantes de las Rep\u00fablicas Americanas.<\/span><\/p><p>\u00a0<\/p><p><span style=\"font-size: 14pt; font-family: helvetica, arial, sans-serif; color: rgba(60, 60, 60, 0.99);\">\u00c1PICE fue constituida en 1969 por 8 instituciones de Am\u00e9rica Latina y el Caribe con el prop\u00f3sito de organizar una fuerza panamericana que integrara las acciones realizadas individualmente por las distintas instituciones, las representara a nivel internacional, y buscara soluciones comunes para el tratamiento de problemas relacionados con la financiaci\u00f3n de la educaci\u00f3n superior.<\/span><\/p>\t\t\t\t\t\t\t\t<\/div>\n\t\t\t\t<\/div>\n\t\t\t\t\t<\/div>\n\t\t<\/div>\n\t\t\t\t\t<\/div>\n\t\t<\/section>\n\t\t\t\t<section class=\"elementor-section elementor-top-section elementor-element elementor-element-811bcc6 elementor-section-boxed elementor-section-height-default elementor-section-height-default\" data-id=\"811bcc6\" data-element_type=\"section\" data-e-type=\"section\">\n\t\t\t\t\t\t<div class=\"elementor-container elementor-column-gap-default\">\n\t\t\t\t\t<div class=\"elementor-column elementor-col-100 elementor-top-column elementor-element elementor-element-433ff75\" data-id=\"433ff75\" data-element_type=\"column\" data-e-type=\"column\">\n\t\t\t<div class=\"elementor-widget-wrap elementor-element-populated\">\n\t\t\t\t\t\t<div class=\"elementor-element elementor-element-6eeca4e elementor-widget elementor-widget-spacer\" data-id=\"6eeca4e\" data-element_type=\"widget\" data-e-type=\"widget\" data-widget_type=\"spacer.default\">\n\t\t\t\t<div class=\"elementor-widget-container\">\n\t\t\t\t\t\t\t<div class=\"elementor-spacer\">\n\t\t\t<div class=\"elementor-spacer-inner\"><\/div>\n\t\t<\/div>\n\t\t\t\t\t\t<\/div>\n\t\t\t\t<\/div>\n\t\t\t\t<div class=\"elementor-element elementor-element-5c5a554 elementor-align-center elementor-widget elementor-widget-button\" data-id=\"5c5a554\" data-element_type=\"widget\" data-e-type=\"widget\" data-widget_type=\"button.default\">\n\t\t\t\t<div class=\"elementor-widget-container\">\n\t\t\t\t\t\t\t\t\t<div class=\"elementor-button-wrapper\">\n\t\t\t\t\t<a class=\"elementor-button elementor-button-link elementor-size-sm\" href=\"https:\/\/drive.google.com\/file\/d\/1QLbhOtIrzYNognPrF3RlermZgf1ICKlg\/view\" target=\"_blank\">\n\t\t\t\t\t\t<span class=\"elementor-button-content-wrapper\">\n\t\t\t\t\t\t<span class=\"elementor-button-icon\">\n\t\t\t\t<i aria-hidden=\"true\" class=\"far fa-file-pdf\"><\/i>\t\t\t<\/span>\n\t\t\t\t\t\t\t\t\t<span class=\"elementor-button-text\">Ver hoja de vida institucional de \u00c1PICE<\/span>\n\t\t\t\t\t<\/span>\n\t\t\t\t\t<\/a>\n\t\t\t\t<\/div>\n\t\t\t\t\t\t\t\t<\/div>\n\t\t\t\t<\/div>\n\t\t\t\t\t<\/div>\n\t\t<\/div>\n\t\t\t\t\t<\/div>\n\t\t<\/section>\n\t\t\t\t<section class=\"elementor-section elementor-top-section elementor-element elementor-element-f5fd159 elementor-section-boxed elementor-section-height-default elementor-section-height-default\" data-id=\"f5fd159\" data-element_type=\"section\" data-e-type=\"section\">\n\t\t\t\t\t\t<div class=\"elementor-container elementor-column-gap-default\">\n\t\t\t\t\t<div class=\"elementor-column elementor-col-100 elementor-top-column elementor-element elementor-element-d5293ab\" data-id=\"d5293ab\" data-element_type=\"column\" data-e-type=\"column\">\n\t\t\t<div class=\"elementor-widget-wrap elementor-element-populated\">\n\t\t\t\t\t\t<div class=\"elementor-element elementor-element-bc13c12 elementor-widget elementor-widget-spacer\" data-id=\"bc13c12\" data-element_type=\"widget\" data-e-type=\"widget\" data-widget_type=\"spacer.default\">\n\t\t\t\t<div class=\"elementor-widget-container\">\n\t\t\t\t\t\t\t<div class=\"elementor-spacer\">\n\t\t\t<div class=\"elementor-spacer-inner\"><\/div>\n\t\t<\/div>\n\t\t\t\t\t\t<\/div>\n\t\t\t\t<\/div>\n\t\t\t\t\t<\/div>\n\t\t<\/div>\n\t\t\t\t\t<\/div>\n\t\t<\/section>\n\t\t\t\t<\/div>\n\t\t","protected":false},"excerpt":{"rendered":"<p>HOJA DE VIDA INSTITUCIONAL EXPERIENCIA \u00c1PICE \u00a0 REPRESENTANTE LEGAL:\u00a0Dr. Jorge T\u00e9llez Fuentes, Director Ejecutivo, nombrado el 1 de\u00a0diciembre de 1986. \u00a0 FECHA DE FUNDACI\u00d3N:\u00a023 de noviembre de 1969. \u00a0 PERSONER\u00cdA JUR\u00cdDICA:\u00a0Resoluci\u00f3n No. 205 de 1972. \u00a0 CAR\u00c1CTER:\u00a0Organismo Internacional, sin \u00e1nimo de lucro, con sede en Bogot\u00e1, D.C.,reconocida\u00a0mediante Ley 14 de 1980 de Colombia. \u00a0 La [&hellip;]<\/p>\n","protected":false},"author":4,"featured_media":0,"parent":0,"menu_order":0,"comment_status":"closed","ping_status":"closed","template":"","meta":{"_acf_changed":false,"om_disable_all_campaigns":false,"_exactmetrics_skip_tracking":false,"_exactmetrics_sitenote_active":false,"_exactmetrics_sitenote_note":"","_exactmetrics_sitenote_category":0,"_uf_show_specific_survey":0,"_uf_disable_surveys":false,"footnotes":""},"class_list":["post-6988","page","type-page","status-publish","hentry"],"acf":[],"aioseo_notices":[],"_links":{"self":[{"href":"https:\/\/apice.org.co\/site\/wp-json\/wp\/v2\/pages\/6988","targetHints":{"allow":["GET"]}}],"collection":[{"href":"https:\/\/apice.org.co\/site\/wp-json\/wp\/v2\/pages"}],"about":[{"href":"https:\/\/apice.org.co\/site\/wp-json\/wp\/v2\/types\/page"}],"author":[{"embeddable":true,"href":"https:\/\/apice.org.co\/site\/wp-json\/wp\/v2\/users\/4"}],"replies":[{"embeddable":true,"href":"https:\/\/apice.org.co\/site\/wp-json\/wp\/v2\/comments?post=6988"}],"version-history":[{"count":18,"href":"https:\/\/apice.org.co\/site\/wp-json\/wp\/v2\/pages\/6988\/revisions"}],"predecessor-version":[{"id":14996,"href":"https:\/\/apice.org.co\/site\/wp-json\/wp\/v2\/pages\/6988\/revisions\/14996"}],"wp:attachment":[{"href":"https:\/\/apice.org.co\/site\/wp-json\/wp\/v2\/media?parent=6988"}],"curies":[{"name":"wp","href":"https:\/\/api.w.org\/{rel}","templated":true}]}}