{"id":7002,"date":"2023-11-04T21:20:48","date_gmt":"2023-11-05T02:20:48","guid":{"rendered":"https:\/\/apice.org.co\/site\/?page_id=7002"},"modified":"2026-04-28T11:25:43","modified_gmt":"2026-04-28T16:25:43","slug":"como-afiliarse","status":"publish","type":"page","link":"https:\/\/apice.org.co\/site\/como-afiliarse\/","title":{"rendered":"C\u00f3mo afiliarse"},"content":{"rendered":"\t\t<div data-elementor-type=\"wp-page\" data-elementor-id=\"7002\" class=\"elementor elementor-7002\" data-elementor-post-type=\"page\">\n\t\t\t\t\t\t<section class=\"elementor-section elementor-top-section elementor-element elementor-element-8c0457c elementor-section-boxed elementor-section-height-default elementor-section-height-default\" data-id=\"8c0457c\" data-element_type=\"section\" data-e-type=\"section\">\n\t\t\t\t\t\t<div class=\"elementor-container elementor-column-gap-default\">\n\t\t\t\t\t<div class=\"elementor-column elementor-col-100 elementor-top-column elementor-element elementor-element-339859f\" data-id=\"339859f\" data-element_type=\"column\" data-e-type=\"column\">\n\t\t\t<div class=\"elementor-widget-wrap elementor-element-populated\">\n\t\t\t\t\t\t<div class=\"elementor-element elementor-element-31ee51c elementor-widget elementor-widget-spacer\" data-id=\"31ee51c\" data-element_type=\"widget\" data-e-type=\"widget\" data-widget_type=\"spacer.default\">\n\t\t\t\t<div class=\"elementor-widget-container\">\n\t\t\t\t\t\t\t<div class=\"elementor-spacer\">\n\t\t\t<div class=\"elementor-spacer-inner\"><\/div>\n\t\t<\/div>\n\t\t\t\t\t\t<\/div>\n\t\t\t\t<\/div>\n\t\t\t\t\t<\/div>\n\t\t<\/div>\n\t\t\t\t\t<\/div>\n\t\t<\/section>\n\t\t\t\t<section class=\"elementor-section elementor-top-section elementor-element elementor-element-8865e2b elementor-section-boxed elementor-section-height-default elementor-section-height-default\" data-id=\"8865e2b\" data-element_type=\"section\" data-e-type=\"section\">\n\t\t\t\t\t\t<div class=\"elementor-container elementor-column-gap-default\">\n\t\t\t\t\t<div class=\"elementor-column elementor-col-100 elementor-top-column elementor-element elementor-element-7a898d8\" data-id=\"7a898d8\" data-element_type=\"column\" data-e-type=\"column\">\n\t\t\t<div class=\"elementor-widget-wrap elementor-element-populated\">\n\t\t\t\t\t\t<div class=\"elementor-element elementor-element-0e38c90 elementor-widget elementor-widget-heading\" data-id=\"0e38c90\" data-element_type=\"widget\" data-e-type=\"widget\" data-widget_type=\"heading.default\">\n\t\t\t\t<div class=\"elementor-widget-container\">\n\t\t\t\t\t<h2 class=\"elementor-heading-title elementor-size-default\">Afiliaci\u00f3n<\/h2>\t\t\t\t<\/div>\n\t\t\t\t<\/div>\n\t\t\t\t<div class=\"elementor-element elementor-element-8bcdfa1 elementor-widget elementor-widget-heading\" data-id=\"8bcdfa1\" data-element_type=\"widget\" data-e-type=\"widget\" data-widget_type=\"heading.default\">\n\t\t\t\t<div class=\"elementor-widget-container\">\n\t\t\t\t\t<h2 class=\"elementor-heading-title elementor-size-default\">C\u00f3mo Afiliarse<\/h2>\t\t\t\t<\/div>\n\t\t\t\t<\/div>\n\t\t\t\t<div class=\"elementor-element elementor-element-9e00097 elementor-widget elementor-widget-spacer\" data-id=\"9e00097\" data-element_type=\"widget\" data-e-type=\"widget\" data-widget_type=\"spacer.default\">\n\t\t\t\t<div class=\"elementor-widget-container\">\n\t\t\t\t\t\t\t<div class=\"elementor-spacer\">\n\t\t\t<div class=\"elementor-spacer-inner\"><\/div>\n\t\t<\/div>\n\t\t\t\t\t\t<\/div>\n\t\t\t\t<\/div>\n\t\t\t\t<div class=\"elementor-element elementor-element-b9f560b elementor-widget elementor-widget-text-editor\" data-id=\"b9f560b\" data-element_type=\"widget\" data-e-type=\"widget\" data-widget_type=\"text-editor.default\">\n\t\t\t\t<div class=\"elementor-widget-container\">\n\t\t\t\t\t\t\t\t\t<p><span style=\"font-size: 14pt; font-family: helvetica, arial, sans-serif; color: rgba(60, 60, 60, 0.99);\">\u00c1PICE es una organizaci\u00f3n Internacional, sin \u00e1nimo de lucro, que fomenta el cr\u00e9dito educativo y otros instrumentos de apoyo financiero para el acceso, la permanencia y la internacionalizaci\u00f3n de la educaci\u00f3n superior. As\u00ed contribuimos eficazmente al \u00f3ptimo desempe\u00f1o de nuestros afiliados, de las instituciones, programas y servicios de cr\u00e9dito educativo, y de las instituciones de educaci\u00f3n superior.<\/span><\/p><p>\u00a0<\/p><p><span style=\"font-size: 14pt; font-family: helvetica, arial, sans-serif; color: rgba(60, 60, 60, 0.99);\">\u00c1PICE tiene sede permanente en Bogot\u00e1 D.C., Colombia, en virtud de la Ley 14 de 1980; est\u00e1 integrada por 37 Miembros de 15 pa\u00edses del continente americano, y cuenta con el reconocimiento de entidades aliadas como la Organizaci\u00f3n de las Naciones Unidas para la Educaci\u00f3n, la Ciencia y la Cultura, UNESCO; el Banco Interamericano de Desarrollo, BID; la Organizaci\u00f3n de Estados Americanos, OEA; el Instituto Internacional para la Educaci\u00f3n Superior en Am\u00e9rica Latina y el Caribe, IESALC\/UNESCO, el Banco de Desarrollo de Am\u00e9rica Latica, CAF; y con otros aliados estrat\u00e9gicos en varios pa\u00edses de Am\u00e9rica y Europa.<\/span><\/p>\t\t\t\t\t\t\t\t<\/div>\n\t\t\t\t<\/div>\n\t\t\t\t<div class=\"elementor-element elementor-element-aa6ad4f elementor-widget elementor-widget-accordion\" data-id=\"aa6ad4f\" data-element_type=\"widget\" data-e-type=\"widget\" data-widget_type=\"accordion.default\">\n\t\t\t\t<div class=\"elementor-widget-container\">\n\t\t\t\t\t\t\t<div class=\"elementor-accordion\">\n\t\t\t\t\t\t\t<div class=\"elementor-accordion-item\">\n\t\t\t\t\t<div id=\"elementor-tab-title-1781\" class=\"elementor-tab-title\" data-tab=\"1\" role=\"button\" aria-controls=\"elementor-tab-content-1781\" aria-expanded=\"false\">\n\t\t\t\t\t\t\t\t\t\t\t\t\t<span class=\"elementor-accordion-icon elementor-accordion-icon-left\" aria-hidden=\"true\">\n\t\t\t\t\t\t\t\t\t\t\t\t\t\t\t<span class=\"elementor-accordion-icon-closed\"><i class=\"fas fa-plus\"><\/i><\/span>\n\t\t\t\t\t\t\t\t<span class=\"elementor-accordion-icon-opened\"><i class=\"fas fa-minus\"><\/i><\/span>\n\t\t\t\t\t\t\t\t\t\t\t\t\t\t<\/span>\n\t\t\t\t\t\t\t\t\t\t\t\t<a class=\"elementor-accordion-title\" tabindex=\"0\">Beneficios de afiliarse a \u00c1PICE<\/a>\n\t\t\t\t\t<\/div>\n\t\t\t\t\t<div id=\"elementor-tab-content-1781\" class=\"elementor-tab-content elementor-clearfix\" data-tab=\"1\" role=\"region\" aria-labelledby=\"elementor-tab-title-1781\"><p><span style=\"font-family: helvetica, arial, sans-serif; font-size: 14pt; color: rgba(60, 60, 60, 0.99);\">Los principales beneficios que se tendr\u00e1n al\u00a0<span class=\"il\">afiliarse<\/span>\u00a0a\u00a0<b>\u00c1PICE<\/b>, organizaci\u00f3n con 56 a\u00f1os de experiencia,\u00a0se sintetizan en acceso a:<\/span><\/p><p><span style=\"font-family: helvetica, arial, sans-serif; font-size: 14pt; color: rgba(60, 60, 60, 0.99);\"><br><\/span><\/p>\n<p><\/p>\n<p><span style=\"font-family: helvetica, arial, sans-serif; font-size: 14pt; color: rgba(60, 60, 60, 0.99);\"><strong>1. <\/strong>Posicionamiento internacional.<\/span><\/p>\n<p><\/p>\n<p><span style=\"font-family: helvetica, arial, sans-serif; font-size: 14pt; color: rgba(60, 60, 60, 0.99);\"><span lang=\"ES-CO\"><strong>2. <\/strong><\/span>Posibilidades de formar parte de una fuerza panamericana con respaldo t\u00e9cnico.<\/span><\/p>\n<p><\/p>\n<p><span style=\"font-family: helvetica, arial, sans-serif; font-size: 14pt; color: rgba(60, 60, 60, 0.99);\"><span lang=\"ES-CO\"><strong>3. <\/strong><\/span>Relacionamiento con entidades y organismos internacionales y multilaterales, como el IESALC, UNESCO, BID, el Banco Mundial, la OEA, OCDE, IFC, QS y la CAF, entre otros, y oportunidades para desarrollar y participar en proyectos conjuntos.<\/span><\/p>\n<p><\/p>\n<p><span style=\"font-family: helvetica, arial, sans-serif; font-size: 14pt; color: rgba(60, 60, 60, 0.99);\"><strong>4.<\/strong> Participaci\u00f3n en acuerdos, convenios y alianzas con entidades nacionales e internacionales y organismos multilaterales con los que <b>\u00c1PICE<\/b>\u00a0tiene relaci\u00f3n.<\/span><\/p>\n<p><\/p>\n<p><span style=\"font-family: helvetica, arial, sans-serif; font-size: 14pt; color: rgba(60, 60, 60, 0.99);\"><strong>5.<\/strong> <span lang=\"ES-CO\">Estructuraci\u00f3n, participaci\u00f3n y colaboraci\u00f3n en redes y proyectos internacionales.<\/span><\/span><\/p>\n<p><\/p>\n<p><span style=\"font-family: helvetica, arial, sans-serif; font-size: 14pt; color: rgba(60, 60, 60, 0.99);\"><strong>6.<\/strong> Respaldo de <b>\u00c1PICE<\/b>\u00a0ante la UNESCO, para participar en proyectos y convocatorias de premios internacionales.<\/span><\/p>\n<p><\/p>\n<p><span style=\"font-family: helvetica, arial, sans-serif; font-size: 14pt; color: rgba(60, 60, 60, 0.99);\"><strong>7.<\/strong> Conocimiento de modelos y experiencias innovadoras de cr\u00e9dito educativo y otras formas de apoyo financiero <span lang=\"ES-CO\">para el acceso y permanencia<\/span>\u00a0en la educaci\u00f3n superior.<\/span><\/p>\n<p><\/p>\n<p><span style=\"font-family: helvetica, arial, sans-serif; font-size: 14pt; color: rgba(60, 60, 60, 0.99);\"><strong>8.<\/strong> <span lang=\"ES-CO\">Informaci\u00f3n sobre estad\u00edsticas e indicadores de cr\u00e9dito educativo y becas.<\/span><\/span><\/p>\n<p><\/p>\n<p><span style=\"font-family: helvetica, arial, sans-serif; font-size: 14pt; color: rgba(60, 60, 60, 0.99);\"><span lang=\"ES-CO\"><strong>9.<\/strong> <\/span>Atenci\u00f3n a consultas sobre aspectos t\u00e9cnicos relacionados con t\u00f3picos jur\u00eddicos, administrativos, financieros, tecnol\u00f3gicos, operativos y de servicios de cr\u00e9dito educativo y otras formas de apoyo financiero para estudiantes.<\/span><\/p>\n<p><\/p>\n<p><span style=\"font-family: helvetica, arial, sans-serif; font-size: 14pt; color: rgba(60, 60, 60, 0.99);\"><strong><span lang=\"ES-CO\">10. <\/span><\/strong>Viabilidad de contar con\u00a0<span lang=\"ES-CO\">conceptos y apoyo t\u00e9cnico ante situaciones que puedan afectar la operaci\u00f3n, autonom\u00eda o normal desarrollo de los prop\u00f3sitos institucionales.<\/span><\/span><\/p>\n<p><\/p>\n<p><span style=\"font-family: helvetica, arial, sans-serif; font-size: 14pt; color: rgba(60, 60, 60, 0.99);\"><strong><span lang=\"ES-CO\">11. <\/span><\/strong>Participaci\u00f3n como posibles conferencistas en\u00a0<span lang=\"ES-CO\">reuniones t\u00e9cnicas, cursos, congresos, seminarios, talleres, foros y webinarios convocados por\u00a0<b>\u00c1PICE<\/b>.<\/span><\/span><\/p>\n<p><\/p>\n<p><span style=\"font-family: helvetica, arial, sans-serif; font-size: 14pt; color: rgba(60, 60, 60, 0.99);\"><strong>12.<\/strong> <span lang=\"ES-CO\">Invitaci\u00f3n a eventos t\u00e9cnicos y acad\u00e9micos presenciales y virtuales sobre temas relacionados con educaci\u00f3n superior, cr\u00e9dito educativo, financiaci\u00f3n e internacionalizaci\u00f3n de la educaci\u00f3n.<\/span><\/span><\/p>\n<p><\/p>\n<p><span style=\"font-family: helvetica, arial, sans-serif; font-size: 14pt; color: rgba(60, 60, 60, 0.99);\"><strong>13.<\/strong> Ser sede de eventos t\u00e9cnicos y acad\u00e9micos que <b>\u00c1PICE<\/b>\u00a0convoque.<\/span><\/p>\n<p><\/p>\n<p><span style=\"font-family: helvetica, arial, sans-serif; font-size: 14pt; color: rgba(60, 60, 60, 0.99);\"><strong><span lang=\"ES-CO\">14. <\/span><\/strong><span lang=\"ES-CO\">Informaci\u00f3n de oportunidades y documentos sobre temas relacionados con la financiaci\u00f3n y la internacionalizaci\u00f3n de la educaci\u00f3n superior.<\/span><\/span><\/p>\n<p><\/p>\n<p><span style=\"font-family: helvetica, arial, sans-serif; font-size: 14pt; color: rgba(60, 60, 60, 0.99);\"><strong>15.<\/strong> Listado de expertos internacionales en \u00e1reas de inter\u00e9s relacionadas con las actividades institucionales.<\/span><\/p>\n<p><\/p>\n<p><span style=\"font-family: helvetica, arial, sans-serif; font-size: 14pt; color: rgba(60, 60, 60, 0.99);\"><strong><span lang=\"ES-CO\">16. <\/span><\/strong>Informaci\u00f3n sobre fuentes de recursos financieros.<\/span><\/p>\n<p><\/p>\n<p><span style=\"font-family: helvetica, arial, sans-serif; font-size: 14pt; color: rgba(60, 60, 60, 0.99);\"><strong>17.<\/strong> <span lang=\"ES-CO\">Programa de formaci\u00f3n<\/span>\u00a0en educaci\u00f3n financiera aplicada al cr\u00e9dito educativo, adaptado al contexto de cada pa\u00eds, para estudiantes, tutores, padres de familia, fiadores, y asesores institucionales.<\/span><\/p>\n<p><\/p>\n<p><span style=\"font-family: helvetica, arial, sans-serif; font-size: 14pt; color: rgba(60, 60, 60, 0.99);\"><strong>18.<\/strong> Asesor\u00eda sobre metodolog\u00edas para disminuir la deserci\u00f3n e incrementar la permanencia estudiantil.<\/span><\/p>\n<p><\/p>\n<p><span style=\"font-family: helvetica, arial, sans-serif; font-size: 14pt; color: rgba(60, 60, 60, 0.99);\"><span lang=\"ES-CO\"><strong>19.<\/strong> <\/span>Informaci\u00f3n sobre opciones de software para la gesti\u00f3n y desarrollo de programas de cr\u00e9dito educativo, becas y otras formas de apoyo financiero.<\/span><\/p>\n<p><\/p>\n<p><span style=\"font-family: helvetica, arial, sans-serif; font-size: 14pt; color: rgba(60, 60, 60, 0.99);\"><strong>20.<\/strong> <span lang=\"ES-CO\">Conocimiento sobre buenas pr\u00e1cticas, modelos y procesos de internacionalizaci\u00f3n de la educaci\u00f3n superior.<\/span><\/span><\/p>\n<p><\/p>\n<p><span style=\"font-family: helvetica, arial, sans-serif; font-size: 14pt; color: rgba(60, 60, 60, 0.99);\"><strong><span lang=\"ES-CO\">21. <\/span><\/strong>Oportunidades de movilidad acad\u00e9mica internacional.<\/span><\/p>\n<p><\/p>\n<p><span style=\"font-family: helvetica, arial, sans-serif; font-size: 14pt; color: rgba(60, 60, 60, 0.99);\"><strong><span lang=\"ES-CO\">22. <\/span><\/strong><span lang=\"ES-CO\">Servicios t\u00e9cnicos de investigaci\u00f3n, asesor\u00eda, consultor\u00eda, capacitaci\u00f3n, actualizaci\u00f3n, entrenamiento, gesti\u00f3n de proyectos, administraci\u00f3n de fondos e informaci\u00f3n, sobre temas relacionados con financiaci\u00f3n e internacionalizaci\u00f3n de la educaci\u00f3n superior.<\/span><\/span><\/p><\/div>\n\t\t\t\t<\/div>\n\t\t\t\t\t\t\t\t<\/div>\n\t\t\t\t\t\t<\/div>\n\t\t\t\t<\/div>\n\t\t\t\t<div class=\"elementor-element elementor-element-5dbcbd5 elementor-widget elementor-widget-spacer\" data-id=\"5dbcbd5\" data-element_type=\"widget\" data-e-type=\"widget\" data-widget_type=\"spacer.default\">\n\t\t\t\t<div class=\"elementor-widget-container\">\n\t\t\t\t\t\t\t<div class=\"elementor-spacer\">\n\t\t\t<div class=\"elementor-spacer-inner\"><\/div>\n\t\t<\/div>\n\t\t\t\t\t\t<\/div>\n\t\t\t\t<\/div>\n\t\t\t\t<div class=\"elementor-element elementor-element-f2d88f9 elementor-widget elementor-widget-text-editor\" data-id=\"f2d88f9\" data-element_type=\"widget\" data-e-type=\"widget\" data-widget_type=\"text-editor.default\">\n\t\t\t\t<div class=\"elementor-widget-container\">\n\t\t\t\t\t\t\t\t\t<p><span style=\"font-size: 14pt; font-family: helvetica, arial, sans-serif; color: rgba(60, 60, 60, 0.99);\">Para concretar la afiliaci\u00f3n de su instituci\u00f3n agradeceremos hacernos llegar carta firmada por el Representante Legal en la cual se exprese la voluntad de afiliarse a <strong>\u00c1PICE<\/strong> y se explique, brevemente, las razones que motivan tal decisi\u00f3n.<\/span><\/p>\t\t\t\t\t\t\t\t<\/div>\n\t\t\t\t<\/div>\n\t\t\t\t<div class=\"elementor-element elementor-element-1aaa480 elementor-widget elementor-widget-text-editor\" data-id=\"1aaa480\" data-element_type=\"widget\" data-e-type=\"widget\" data-widget_type=\"text-editor.default\">\n\t\t\t\t<div class=\"elementor-widget-container\">\n\t\t\t\t\t\t\t\t\t<hr \/><p>\u00a0<\/p><p><strong><span style=\"color: rgba(60, 60, 60, 0.99); font-size: 14pt; font-family: helvetica, arial, sans-serif;\">Mayor informaci\u00f3n:<\/span><\/strong><\/p><p>\u00a0<\/p><p><span style=\"color: rgba(60, 60, 60, 0.99); font-size: 14pt; font-family: helvetica, arial, sans-serif;\">Consuelo Luengas Prieto<\/span><\/p><p>\u00a0<\/p><p><span style=\"color: #006699;\"><strong><span style=\"font-size: 14pt; font-family: helvetica, arial, sans-serif;\">admin@apice.org.co<\/span><\/strong><\/span><\/p>\t\t\t\t\t\t\t\t<\/div>\n\t\t\t\t<\/div>\n\t\t\t\t\t<\/div>\n\t\t<\/div>\n\t\t\t\t\t<\/div>\n\t\t<\/section>\n\t\t\t\t<section class=\"elementor-section elementor-top-section elementor-element elementor-element-6dea746 elementor-section-boxed elementor-section-height-default elementor-section-height-default\" data-id=\"6dea746\" data-element_type=\"section\" data-e-type=\"section\">\n\t\t\t\t\t\t<div class=\"elementor-container elementor-column-gap-default\">\n\t\t\t\t\t<div class=\"elementor-column elementor-col-100 elementor-top-column elementor-element elementor-element-8f433b8\" data-id=\"8f433b8\" data-element_type=\"column\" data-e-type=\"column\">\n\t\t\t<div class=\"elementor-widget-wrap elementor-element-populated\">\n\t\t\t\t\t\t<div class=\"elementor-element elementor-element-69270c7 elementor-widget elementor-widget-spacer\" data-id=\"69270c7\" data-element_type=\"widget\" data-e-type=\"widget\" data-widget_type=\"spacer.default\">\n\t\t\t\t<div class=\"elementor-widget-container\">\n\t\t\t\t\t\t\t<div class=\"elementor-spacer\">\n\t\t\t<div class=\"elementor-spacer-inner\"><\/div>\n\t\t<\/div>\n\t\t\t\t\t\t<\/div>\n\t\t\t\t<\/div>\n\t\t\t\t\t<\/div>\n\t\t<\/div>\n\t\t\t\t\t<\/div>\n\t\t<\/section>\n\t\t\t\t<\/div>\n\t\t","protected":false},"excerpt":{"rendered":"<p>Afiliaci\u00f3n C\u00f3mo Afiliarse \u00c1PICE es una organizaci\u00f3n Internacional, sin \u00e1nimo de lucro, que fomenta el cr\u00e9dito educativo y otros instrumentos de apoyo financiero para el acceso, la permanencia y la internacionalizaci\u00f3n de la educaci\u00f3n superior. As\u00ed contribuimos eficazmente al \u00f3ptimo desempe\u00f1o de nuestros afiliados, de las instituciones, programas y servicios de cr\u00e9dito educativo, y de [&hellip;]<\/p>\n","protected":false},"author":4,"featured_media":0,"parent":0,"menu_order":0,"comment_status":"closed","ping_status":"closed","template":"","meta":{"_acf_changed":false,"om_disable_all_campaigns":false,"_exactmetrics_skip_tracking":false,"_exactmetrics_sitenote_active":false,"_exactmetrics_sitenote_note":"","_exactmetrics_sitenote_category":0,"_uf_show_specific_survey":0,"_uf_disable_surveys":false,"footnotes":""},"class_list":["post-7002","page","type-page","status-publish","hentry"],"acf":[],"aioseo_notices":[],"_links":{"self":[{"href":"https:\/\/apice.org.co\/site\/wp-json\/wp\/v2\/pages\/7002","targetHints":{"allow":["GET"]}}],"collection":[{"href":"https:\/\/apice.org.co\/site\/wp-json\/wp\/v2\/pages"}],"about":[{"href":"https:\/\/apice.org.co\/site\/wp-json\/wp\/v2\/types\/page"}],"author":[{"embeddable":true,"href":"https:\/\/apice.org.co\/site\/wp-json\/wp\/v2\/users\/4"}],"replies":[{"embeddable":true,"href":"https:\/\/apice.org.co\/site\/wp-json\/wp\/v2\/comments?post=7002"}],"version-history":[{"count":43,"href":"https:\/\/apice.org.co\/site\/wp-json\/wp\/v2\/pages\/7002\/revisions"}],"predecessor-version":[{"id":15067,"href":"https:\/\/apice.org.co\/site\/wp-json\/wp\/v2\/pages\/7002\/revisions\/15067"}],"wp:attachment":[{"href":"https:\/\/apice.org.co\/site\/wp-json\/wp\/v2\/media?parent=7002"}],"curies":[{"name":"wp","href":"https:\/\/api.w.org\/{rel}","templated":true}]}}