{"id":8440,"date":"2023-11-13T21:16:12","date_gmt":"2023-11-14T02:16:12","guid":{"rendered":"https:\/\/apice.org.co\/site\/?page_id=8440"},"modified":"2024-07-10T18:49:27","modified_gmt":"2024-07-10T23:49:27","slug":"afiliados-canada","status":"publish","type":"page","link":"https:\/\/apice.org.co\/site\/afiliados-canada\/","title":{"rendered":"afiliados canada"},"content":{"rendered":"\t\t<div data-elementor-type=\"wp-page\" data-elementor-id=\"8440\" class=\"elementor elementor-8440\" data-elementor-post-type=\"page\">\n\t\t\t\t\t\t<section class=\"elementor-section elementor-top-section elementor-element elementor-element-687fafd elementor-section-boxed elementor-section-height-default elementor-section-height-default\" data-id=\"687fafd\" data-element_type=\"section\" data-e-type=\"section\">\n\t\t\t\t\t\t<div class=\"elementor-container elementor-column-gap-default\">\n\t\t\t\t\t<div class=\"elementor-column elementor-col-100 elementor-top-column elementor-element elementor-element-e9d8e5a\" data-id=\"e9d8e5a\" data-element_type=\"column\" data-e-type=\"column\">\n\t\t\t<div class=\"elementor-widget-wrap elementor-element-populated\">\n\t\t\t\t\t\t<div class=\"elementor-element elementor-element-92ed902 elementor-widget elementor-widget-spacer\" data-id=\"92ed902\" data-element_type=\"widget\" data-e-type=\"widget\" data-widget_type=\"spacer.default\">\n\t\t\t\t<div class=\"elementor-widget-container\">\n\t\t\t\t\t\t\t<div class=\"elementor-spacer\">\n\t\t\t<div class=\"elementor-spacer-inner\"><\/div>\n\t\t<\/div>\n\t\t\t\t\t\t<\/div>\n\t\t\t\t<\/div>\n\t\t\t\t\t<\/div>\n\t\t<\/div>\n\t\t\t\t\t<\/div>\n\t\t<\/section>\n\t\t\t\t<section class=\"elementor-section elementor-top-section elementor-element elementor-element-e890f42 elementor-section-boxed elementor-section-height-default elementor-section-height-default\" data-id=\"e890f42\" data-element_type=\"section\" data-e-type=\"section\">\n\t\t\t\t\t\t<div class=\"elementor-container elementor-column-gap-default\">\n\t\t\t\t\t<div class=\"elementor-column elementor-col-100 elementor-top-column elementor-element elementor-element-6aba6a2\" data-id=\"6aba6a2\" data-element_type=\"column\" data-e-type=\"column\">\n\t\t\t<div class=\"elementor-widget-wrap elementor-element-populated\">\n\t\t\t\t\t\t<div class=\"elementor-element elementor-element-9ad2dc8 elementor-widget elementor-widget-heading\" data-id=\"9ad2dc8\" data-element_type=\"widget\" data-e-type=\"widget\" data-widget_type=\"heading.default\">\n\t\t\t\t<div class=\"elementor-widget-container\">\n\t\t\t\t\t<h2 class=\"elementor-heading-title elementor-size-default\">Afiliados \u00e1pice<\/h2>\t\t\t\t<\/div>\n\t\t\t\t<\/div>\n\t\t\t\t<div class=\"elementor-element elementor-element-0b20e35 elementor-widget elementor-widget-heading\" data-id=\"0b20e35\" data-element_type=\"widget\" data-e-type=\"widget\" data-widget_type=\"heading.default\">\n\t\t\t\t<div class=\"elementor-widget-container\">\n\t\t\t\t\t<h2 class=\"elementor-heading-title elementor-size-default\">Canad\u00e1<\/h2>\t\t\t\t<\/div>\n\t\t\t\t<\/div>\n\t\t\t\t\t<\/div>\n\t\t<\/div>\n\t\t\t\t\t<\/div>\n\t\t<\/section>\n\t\t\t\t<section class=\"elementor-section elementor-top-section elementor-element elementor-element-7433068 elementor-section-boxed elementor-section-height-default elementor-section-height-default\" data-id=\"7433068\" data-element_type=\"section\" data-e-type=\"section\">\n\t\t\t\t\t\t<div class=\"elementor-container elementor-column-gap-default\">\n\t\t\t\t\t<div class=\"elementor-column elementor-col-100 elementor-top-column elementor-element elementor-element-4fb6726\" data-id=\"4fb6726\" data-element_type=\"column\" data-e-type=\"column\">\n\t\t\t<div class=\"elementor-widget-wrap elementor-element-populated\">\n\t\t\t\t\t\t<div class=\"elementor-element elementor-element-d2f3db1 elementor-widget elementor-widget-image\" data-id=\"d2f3db1\" data-element_type=\"widget\" data-e-type=\"widget\" data-widget_type=\"image.default\">\n\t\t\t\t<div class=\"elementor-widget-container\">\n\t\t\t\t\t\t\t\t\t\t\t\t\t\t\t<img decoding=\"async\" src=\"https:\/\/apice.org.co\/site\/wp-content\/uploads\/elementor\/thumbs\/canada-qemwq2u3nywhyk8ejq7074jdklzziu38ftghpvb0o0.png\" title=\"canad\u00e1\" alt=\"canad\u00e1\" loading=\"lazy\" \/>\t\t\t\t\t\t\t\t\t\t\t\t\t\t\t<\/div>\n\t\t\t\t<\/div>\n\t\t\t\t\t<\/div>\n\t\t<\/div>\n\t\t\t\t\t<\/div>\n\t\t<\/section>\n\t\t\t\t<section class=\"elementor-section elementor-top-section elementor-element elementor-element-fd93874 elementor-section-boxed elementor-section-height-default elementor-section-height-default\" data-id=\"fd93874\" data-element_type=\"section\" data-e-type=\"section\">\n\t\t\t\t\t\t<div class=\"elementor-container elementor-column-gap-default\">\n\t\t\t\t\t<div class=\"elementor-column elementor-col-100 elementor-top-column elementor-element elementor-element-e49759f\" data-id=\"e49759f\" data-element_type=\"column\" data-e-type=\"column\">\n\t\t\t<div class=\"elementor-widget-wrap elementor-element-populated\">\n\t\t\t\t\t\t<div class=\"elementor-element elementor-element-94bb658 elementor-widget elementor-widget-spacer\" data-id=\"94bb658\" data-element_type=\"widget\" data-e-type=\"widget\" data-widget_type=\"spacer.default\">\n\t\t\t\t<div class=\"elementor-widget-container\">\n\t\t\t\t\t\t\t<div class=\"elementor-spacer\">\n\t\t\t<div class=\"elementor-spacer-inner\"><\/div>\n\t\t<\/div>\n\t\t\t\t\t\t<\/div>\n\t\t\t\t<\/div>\n\t\t\t\t<div class=\"elementor-element elementor-element-eef6814 elementor-widget elementor-widget-accordion\" data-id=\"eef6814\" data-element_type=\"widget\" data-e-type=\"widget\" data-widget_type=\"accordion.default\">\n\t\t\t\t<div class=\"elementor-widget-container\">\n\t\t\t\t\t\t\t<div class=\"elementor-accordion\">\n\t\t\t\t\t\t\t<div class=\"elementor-accordion-item\">\n\t\t\t\t\t<div id=\"elementor-tab-title-2501\" class=\"elementor-tab-title\" data-tab=\"1\" role=\"button\" aria-controls=\"elementor-tab-content-2501\" aria-expanded=\"false\">\n\t\t\t\t\t\t\t\t\t\t\t\t\t<span class=\"elementor-accordion-icon elementor-accordion-icon-left\" aria-hidden=\"true\">\n\t\t\t\t\t\t\t\t\t\t\t\t\t\t\t<span class=\"elementor-accordion-icon-closed\"><i class=\"fas fa-plus\"><\/i><\/span>\n\t\t\t\t\t\t\t\t<span class=\"elementor-accordion-icon-opened\"><i class=\"fas fa-minus\"><\/i><\/span>\n\t\t\t\t\t\t\t\t\t\t\t\t\t\t<\/span>\n\t\t\t\t\t\t\t\t\t\t\t\t<a class=\"elementor-accordion-title\" tabindex=\"0\">NIAGARA COLLEGE<\/a>\n\t\t\t\t\t<\/div>\n\t\t\t\t\t<div id=\"elementor-tab-content-2501\" class=\"elementor-tab-content elementor-clearfix\" data-tab=\"1\" role=\"region\" aria-labelledby=\"elementor-tab-title-2501\"><table style=\"width: 129.94%; height: 438px;\" width=\"750\"><tbody><tr style=\"height: 59px;\"><td style=\"text-align: center; height: 59px;\"><p><span style=\"font-size: 14pt; font-family: helvetica, arial, sans-serif; color: rgba(60, 60, 60, 0.99);\"><strong>Miembro Asociado de \u00c1PICE<\/strong><\/span><\/p><\/td><\/tr><tr style=\"height: 27px;\"><td style=\"height: 27px;\"><span style=\"font-size: 14pt; font-family: helvetica, arial, sans-serif; color: rgba(60, 60, 60, 0.99);\"><strong>Sean Coote<\/strong>, International Vicepresident<\/span><\/td><\/tr><tr style=\"height: 27px;\"><td style=\"height: 27px;\"><span style=\"font-size: 14pt; font-family: helvetica, arial, sans-serif; color: #006699;\"><strong><a style=\"color: #006699;\" href=\"mailto:scoote@niagaracollege.ca\">scoote<\/a><a style=\"color: #006699;\" href=\"mailto:scoote@niagaracollege.ca\">@niagaracollege.ca<\/a><\/strong><\/span><\/td><\/tr><tr style=\"height: 112px;\"><td style=\"height: 112px;\"><p><span style=\"font-size: 14pt; font-family: helvetica, arial, sans-serif; color: rgba(60, 60, 60, 0.99);\">Tel: 1 905 7352211\u00a0\u2013\u00a0Fax: 1\u00a0905 7352413<\/span><\/p><p>\u00a0<\/p><hr \/><\/td><\/tr><tr style=\"height: 55px;\"><td style=\"height: 55px;\"><span style=\"font-size: 14pt; color: rgba(60, 60, 60, 0.99); font-family: helvetica, arial, sans-serif;\"><strong>William Manrique Vallejo,<\/strong> <\/span><span style=\"font-size: 14pt; color: rgba(60, 60, 60, 0.99); font-family: helvetica, arial, sans-serif;\">Global Business Development<\/span><br \/><span style=\"font-size: 14pt; color: rgba(60, 60, 60, 0.99); font-family: helvetica, arial, sans-serif;\">Specialist<\/span><br \/><span style=\"font-size: 14pt; color: rgba(60, 60, 60, 0.99); font-family: helvetica, arial, sans-serif;\">Global Strategy Unit<\/span><p>\u00a0<\/p><\/td><\/tr><tr><td><strong><span style=\"color: #006699; font-size: 14pt; font-family: helvetica, arial, sans-serif;\"><a style=\"color: #006699;\" href=\"mailto:wmanriquevallejo@niagaracollege.ca\" target=\"_blank\" rel=\"noopener\">wmanriquevallejo@niagaracollege.ca<\/a><\/span><\/strong><p>\u00a0<\/p><\/td><\/tr><tr style=\"height: 99px;\"><td style=\"height: 99px;\"><p>\u00a0<\/p><p style=\"text-align: center;\"><span style=\"font-size: 14pt; font-family: helvetica, arial, sans-serif; color: rgba(60, 60, 60, 0.99);\">P.O. Box 1005 Welland, Ontario L3B 5S2 Canad\u00e1<\/span><\/p><\/td><\/tr><tr style=\"height: 59px;\"><td style=\"height: 59px;\"><p style=\"text-align: center;\"><span style=\"font-size: 14pt; font-family: helvetica, arial, sans-serif; color: #006699;\"><a style=\"color: #006699;\" href=\"https:\/\/www.niagaracollege.ca\/\" target=\"_blank\" rel=\"noopener\"><strong>www.niagaracollege.ca<\/strong><\/a><\/span><\/p><\/td><\/tr><\/tbody><\/table><\/div>\n\t\t\t\t<\/div>\n\t\t\t\t\t\t\t\t<\/div>\n\t\t\t\t\t\t<\/div>\n\t\t\t\t<\/div>\n\t\t\t\t\t<\/div>\n\t\t<\/div>\n\t\t\t\t\t<\/div>\n\t\t<\/section>\n\t\t\t\t<section class=\"elementor-section elementor-top-section elementor-element elementor-element-25eb7be elementor-section-boxed elementor-section-height-default elementor-section-height-default\" data-id=\"25eb7be\" data-element_type=\"section\" data-e-type=\"section\">\n\t\t\t\t\t\t<div class=\"elementor-container elementor-column-gap-default\">\n\t\t\t\t\t<div class=\"elementor-column elementor-col-100 elementor-top-column elementor-element elementor-element-687315c\" data-id=\"687315c\" data-element_type=\"column\" data-e-type=\"column\">\n\t\t\t<div class=\"elementor-widget-wrap elementor-element-populated\">\n\t\t\t\t\t\t<div class=\"elementor-element elementor-element-a84bba5 elementor-widget elementor-widget-spacer\" data-id=\"a84bba5\" data-element_type=\"widget\" data-e-type=\"widget\" data-widget_type=\"spacer.default\">\n\t\t\t\t<div class=\"elementor-widget-container\">\n\t\t\t\t\t\t\t<div class=\"elementor-spacer\">\n\t\t\t<div class=\"elementor-spacer-inner\"><\/div>\n\t\t<\/div>\n\t\t\t\t\t\t<\/div>\n\t\t\t\t<\/div>\n\t\t\t\t\t<\/div>\n\t\t<\/div>\n\t\t\t\t\t<\/div>\n\t\t<\/section>\n\t\t\t\t<section class=\"elementor-section elementor-top-section elementor-element elementor-element-71a41d7 elementor-section-boxed elementor-section-height-default elementor-section-height-default\" data-id=\"71a41d7\" data-element_type=\"section\" data-e-type=\"section\">\n\t\t\t\t\t\t<div class=\"elementor-container elementor-column-gap-default\">\n\t\t\t\t\t<div class=\"elementor-column elementor-col-100 elementor-top-column elementor-element elementor-element-1c35a7e5\" data-id=\"1c35a7e5\" data-element_type=\"column\" data-e-type=\"column\">\n\t\t\t<div class=\"elementor-widget-wrap elementor-element-populated\">\n\t\t\t\t\t\t<div class=\"elementor-element elementor-element-65671e5b elementor-align-right elementor-invisible elementor-widget elementor-widget-button\" data-id=\"65671e5b\" data-element_type=\"widget\" data-e-type=\"widget\" data-settings=\"{&quot;_animation&quot;:&quot;fadeIn&quot;}\" data-widget_type=\"button.default\">\n\t\t\t\t<div class=\"elementor-widget-container\">\n\t\t\t\t\t\t\t\t\t<div class=\"elementor-button-wrapper\">\n\t\t\t\t\t<a class=\"elementor-button elementor-button-link elementor-size-md elementor-animation-pop\" href=\"https:\/\/apice.org.co\/site\/afiliados\/\">\n\t\t\t\t\t\t<span class=\"elementor-button-content-wrapper\">\n\t\t\t\t\t\t<span class=\"elementor-button-icon\">\n\t\t\t\t<i aria-hidden=\"true\" class=\"fas fa-reply\"><\/i>\t\t\t<\/span>\n\t\t\t\t\t\t\t\t\t<span class=\"elementor-button-text\">Regresar<\/span>\n\t\t\t\t\t<\/span>\n\t\t\t\t\t<\/a>\n\t\t\t\t<\/div>\n\t\t\t\t\t\t\t\t<\/div>\n\t\t\t\t<\/div>\n\t\t\t\t\t<\/div>\n\t\t<\/div>\n\t\t\t\t\t<\/div>\n\t\t<\/section>\n\t\t\t\t<\/div>\n\t\t","protected":false},"excerpt":{"rendered":"<p>Afiliados \u00e1pice Canad\u00e1 NIAGARA COLLEGE Miembro Asociado de \u00c1PICE Sean Coote, International Vicepresident scoote@niagaracollege.ca Tel: 1 905 7352211\u00a0\u2013\u00a0Fax: 1\u00a0905 7352413 \u00a0 William Manrique Vallejo, Global Business DevelopmentSpecialistGlobal Strategy Unit \u00a0 wmanriquevallejo@niagaracollege.ca \u00a0 \u00a0 P.O. Box 1005 Welland, Ontario L3B 5S2 Canad\u00e1 www.niagaracollege.ca Regresar<\/p>\n","protected":false},"author":4,"featured_media":0,"parent":0,"menu_order":0,"comment_status":"closed","ping_status":"closed","template":"","meta":{"_acf_changed":false,"om_disable_all_campaigns":false,"_exactmetrics_skip_tracking":false,"_exactmetrics_sitenote_active":false,"_exactmetrics_sitenote_note":"","_exactmetrics_sitenote_category":0,"_uf_show_specific_survey":0,"_uf_disable_surveys":false,"footnotes":""},"class_list":["post-8440","page","type-page","status-publish","hentry"],"acf":[],"aioseo_notices":[],"_links":{"self":[{"href":"https:\/\/apice.org.co\/site\/wp-json\/wp\/v2\/pages\/8440","targetHints":{"allow":["GET"]}}],"collection":[{"href":"https:\/\/apice.org.co\/site\/wp-json\/wp\/v2\/pages"}],"about":[{"href":"https:\/\/apice.org.co\/site\/wp-json\/wp\/v2\/types\/page"}],"author":[{"embeddable":true,"href":"https:\/\/apice.org.co\/site\/wp-json\/wp\/v2\/users\/4"}],"replies":[{"embeddable":true,"href":"https:\/\/apice.org.co\/site\/wp-json\/wp\/v2\/comments?post=8440"}],"version-history":[{"count":19,"href":"https:\/\/apice.org.co\/site\/wp-json\/wp\/v2\/pages\/8440\/revisions"}],"predecessor-version":[{"id":11631,"href":"https:\/\/apice.org.co\/site\/wp-json\/wp\/v2\/pages\/8440\/revisions\/11631"}],"wp:attachment":[{"href":"https:\/\/apice.org.co\/site\/wp-json\/wp\/v2\/media?parent=8440"}],"curies":[{"name":"wp","href":"https:\/\/api.w.org\/{rel}","templated":true}]}}