{"id":9548,"date":"2023-12-11T11:20:49","date_gmt":"2023-12-11T16:20:49","guid":{"rendered":"https:\/\/apice.org.co\/site\/?page_id=9548"},"modified":"2026-04-17T15:51:05","modified_gmt":"2026-04-17T20:51:05","slug":"hoja-de-vida","status":"publish","type":"page","link":"https:\/\/apice.org.co\/site\/hoja-de-vida\/","title":{"rendered":"Hoja de vida"},"content":{"rendered":"\t\t<div data-elementor-type=\"wp-page\" data-elementor-id=\"9548\" class=\"elementor elementor-9548\" data-elementor-post-type=\"page\">\n\t\t\t\t\t\t<section class=\"elementor-section elementor-top-section elementor-element elementor-element-3aa6a31 elementor-section-boxed elementor-section-height-default elementor-section-height-default\" data-id=\"3aa6a31\" data-element_type=\"section\" data-e-type=\"section\">\n\t\t\t\t\t\t<div class=\"elementor-container elementor-column-gap-default\">\n\t\t\t\t\t<div class=\"elementor-column elementor-col-100 elementor-top-column elementor-element elementor-element-6b66d4e\" data-id=\"6b66d4e\" data-element_type=\"column\" data-e-type=\"column\">\n\t\t\t<div class=\"elementor-widget-wrap elementor-element-populated\">\n\t\t\t\t\t\t<div class=\"elementor-element elementor-element-ac80aae elementor-widget elementor-widget-spacer\" data-id=\"ac80aae\" data-element_type=\"widget\" data-e-type=\"widget\" data-widget_type=\"spacer.default\">\n\t\t\t\t<div class=\"elementor-widget-container\">\n\t\t\t\t\t\t\t<div class=\"elementor-spacer\">\n\t\t\t<div class=\"elementor-spacer-inner\"><\/div>\n\t\t<\/div>\n\t\t\t\t\t\t<\/div>\n\t\t\t\t<\/div>\n\t\t\t\t\t<\/div>\n\t\t<\/div>\n\t\t\t\t\t<\/div>\n\t\t<\/section>\n\t\t\t\t<section class=\"elementor-section elementor-top-section elementor-element elementor-element-da0f6f4 elementor-section-boxed elementor-section-height-default elementor-section-height-default\" data-id=\"da0f6f4\" data-element_type=\"section\" data-e-type=\"section\">\n\t\t\t\t\t\t<div class=\"elementor-container elementor-column-gap-default\">\n\t\t\t\t\t<div class=\"elementor-column elementor-col-100 elementor-top-column elementor-element elementor-element-f7bbc57\" data-id=\"f7bbc57\" data-element_type=\"column\" data-e-type=\"column\">\n\t\t\t<div class=\"elementor-widget-wrap elementor-element-populated\">\n\t\t\t\t\t\t<div class=\"elementor-element elementor-element-d224f42 elementor-widget elementor-widget-heading\" data-id=\"d224f42\" data-element_type=\"widget\" data-e-type=\"widget\" data-widget_type=\"heading.default\">\n\t\t\t\t<div class=\"elementor-widget-container\">\n\t\t\t\t\t<h2 class=\"elementor-heading-title elementor-size-default\">\u00c1PICE<\/h2>\t\t\t\t<\/div>\n\t\t\t\t<\/div>\n\t\t\t\t<div class=\"elementor-element elementor-element-a99a5df elementor-widget elementor-widget-heading\" data-id=\"a99a5df\" data-element_type=\"widget\" data-e-type=\"widget\" data-widget_type=\"heading.default\">\n\t\t\t\t<div class=\"elementor-widget-container\">\n\t\t\t\t\t<h2 class=\"elementor-heading-title elementor-size-default\">Hoja de Vida Institucional<\/h2>\t\t\t\t<\/div>\n\t\t\t\t<\/div>\n\t\t\t\t\t<\/div>\n\t\t<\/div>\n\t\t\t\t\t<\/div>\n\t\t<\/section>\n\t\t\t\t<section class=\"elementor-section elementor-top-section elementor-element elementor-element-22be6ab elementor-section-boxed elementor-section-height-default elementor-section-height-default\" data-id=\"22be6ab\" data-element_type=\"section\" data-e-type=\"section\">\n\t\t\t\t\t\t<div class=\"elementor-container elementor-column-gap-default\">\n\t\t\t\t\t<div class=\"elementor-column elementor-col-100 elementor-top-column elementor-element elementor-element-e05fded\" data-id=\"e05fded\" data-element_type=\"column\" data-e-type=\"column\">\n\t\t\t<div class=\"elementor-widget-wrap\">\n\t\t\t\t\t\t\t<\/div>\n\t\t<\/div>\n\t\t\t\t\t<\/div>\n\t\t<\/section>\n\t\t\t\t<section class=\"elementor-section elementor-top-section elementor-element elementor-element-f231d9e elementor-section-boxed elementor-section-height-default elementor-section-height-default\" data-id=\"f231d9e\" data-element_type=\"section\" data-e-type=\"section\">\n\t\t\t\t\t\t<div class=\"elementor-container elementor-column-gap-default\">\n\t\t\t\t\t<div class=\"elementor-column elementor-col-100 elementor-top-column elementor-element elementor-element-029e147\" data-id=\"029e147\" data-element_type=\"column\" data-e-type=\"column\">\n\t\t\t<div class=\"elementor-widget-wrap elementor-element-populated\">\n\t\t\t\t\t\t<div class=\"elementor-element elementor-element-ea87097 elementor-widget elementor-widget-text-editor\" data-id=\"ea87097\" data-element_type=\"widget\" data-e-type=\"widget\" data-widget_type=\"text-editor.default\">\n\t\t\t\t<div class=\"elementor-widget-container\">\n\t\t\t\t\t\t\t\t\t<p><span style=\"color: rgba(60, 60, 60, 0.99); font-size: 14pt; font-family: helvetica, arial, sans-serif;\"><b>REPRESENTANTE LEGAL:<\/b>\u00a0Dr. Jorge T\u00e9llez Fuentes, Director Ejecutivo, nombrado el 1 de\u00a0diciembre de 1986.<\/span><\/p><p>\u00a0<\/p><p><span style=\"color: rgba(60, 60, 60, 0.99); font-size: 14pt; font-family: helvetica, arial, sans-serif;\"><b>FECHA DE FUNDACI\u00d3N:<\/b>\u00a023 de noviembre de 1969.<\/span><\/p><p>\u00a0<\/p><p><span style=\"color: rgba(60, 60, 60, 0.99); font-size: 14pt; font-family: helvetica, arial, sans-serif;\"><b>PERSONER\u00cdA JUR\u00cdDICA:<\/b>\u00a0Resoluci\u00f3n No. 205 de 1972.<\/span><\/p><p>\u00a0<\/p><p><span style=\"color: rgba(60, 60, 60, 0.99); font-size: 14pt; font-family: helvetica, arial, sans-serif;\"><b>CAR\u00c1CTER:<\/b>\u00a0Organismo Internacional, sin \u00e1nimo de lucro, con sede en Bogot\u00e1, D.C.,reconocida\u00a0mediante <span style=\"color: #006699;\"><strong><a style=\"color: #006699;\" href=\"https:\/\/drive.google.com\/file\/d\/1oyEa1payTYIk3TjOuh-D1_H6f_T3w57B\/view\" target=\"_blank\" rel=\"noopener\">Ley 14 de 1980<\/a><\/strong><\/span> de Colombia.<\/span><\/p><p>\u00a0<\/p><p><span style=\"color: rgba(60, 60, 60, 0.99); font-size: 14pt; font-family: helvetica, arial, sans-serif;\">La Asociaci\u00f3n Panamericana de Instituciones de Cr\u00e9dito Educativo, \u00c1PICE, es un organismo\u00a0internacional, sin \u00e1nimo de lucro, integrado por entidades (instituciones, programas y\u00a0servicios), p\u00fablicas, privadas o mixtas, cuyo objetivo es la creaci\u00f3n, promoci\u00f3n, coordinaci\u00f3n\u00a0y administraci\u00f3n de programas de cr\u00e9dito educativo, becas y otras ayudas financieras para\u00a0estudiantes de las Rep\u00fablicas Americanas.<\/span><\/p><p>\u00a0<\/p><p><span style=\"color: rgba(60, 60, 60, 0.99); font-size: 14pt; font-family: helvetica, arial, sans-serif;\">\u00c1PICE fue constituida en 1969 por 8 instituciones de Am\u00e9rica Latina y el Caribe con el prop\u00f3sito de organizar una fuerza panamericana que integrara las acciones realizadas individualmente por las distintas instituciones, las representara a nivel internacional, y buscara soluciones comunes para el tratamiento de problemas relacionados con la financiaci\u00f3n de la educaci\u00f3n superior.<\/span><\/p><p>\u00a0<\/p>\t\t\t\t\t\t\t\t<\/div>\n\t\t\t\t<\/div>\n\t\t\t\t\t<\/div>\n\t\t<\/div>\n\t\t\t\t\t<\/div>\n\t\t<\/section>\n\t\t\t\t<section class=\"elementor-section elementor-top-section elementor-element elementor-element-042cd9b elementor-section-boxed elementor-section-height-default elementor-section-height-default\" data-id=\"042cd9b\" data-element_type=\"section\" data-e-type=\"section\">\n\t\t\t\t\t\t<div class=\"elementor-container elementor-column-gap-default\">\n\t\t\t\t\t<div class=\"elementor-column elementor-col-100 elementor-top-column elementor-element elementor-element-d9b8c32\" data-id=\"d9b8c32\" data-element_type=\"column\" data-e-type=\"column\">\n\t\t\t<div class=\"elementor-widget-wrap elementor-element-populated\">\n\t\t\t\t\t\t<div class=\"elementor-element elementor-element-f61c8a5 elementor-align-center elementor-widget elementor-widget-button\" data-id=\"f61c8a5\" data-element_type=\"widget\" data-e-type=\"widget\" data-widget_type=\"button.default\">\n\t\t\t\t<div class=\"elementor-widget-container\">\n\t\t\t\t\t\t\t\t\t<div class=\"elementor-button-wrapper\">\n\t\t\t\t\t<a class=\"elementor-button elementor-button-link elementor-size-sm\" href=\"https:\/\/drive.google.com\/file\/d\/1QLbhOtIrzYNognPrF3RlermZgf1ICKlg\/view\" target=\"_blank\">\n\t\t\t\t\t\t<span class=\"elementor-button-content-wrapper\">\n\t\t\t\t\t\t<span class=\"elementor-button-icon\">\n\t\t\t\t<i aria-hidden=\"true\" class=\"far fa-file-pdf\"><\/i>\t\t\t<\/span>\n\t\t\t\t\t\t\t\t\t<span class=\"elementor-button-text\">Hoja de Vida Institucional \u00c1PICE<\/span>\n\t\t\t\t\t<\/span>\n\t\t\t\t\t<\/a>\n\t\t\t\t<\/div>\n\t\t\t\t\t\t\t\t<\/div>\n\t\t\t\t<\/div>\n\t\t\t\t\t<\/div>\n\t\t<\/div>\n\t\t\t\t\t<\/div>\n\t\t<\/section>\n\t\t\t\t<section class=\"elementor-section elementor-top-section elementor-element elementor-element-c81516e elementor-section-boxed elementor-section-height-default elementor-section-height-default\" data-id=\"c81516e\" data-element_type=\"section\" data-e-type=\"section\">\n\t\t\t\t\t\t<div class=\"elementor-container elementor-column-gap-default\">\n\t\t\t\t\t<div class=\"elementor-column elementor-col-100 elementor-top-column elementor-element elementor-element-8847c90\" data-id=\"8847c90\" data-element_type=\"column\" data-e-type=\"column\">\n\t\t\t<div class=\"elementor-widget-wrap elementor-element-populated\">\n\t\t\t\t\t\t<div class=\"elementor-element elementor-element-7f811c08 elementor-align-right elementor-invisible elementor-widget elementor-widget-button\" data-id=\"7f811c08\" data-element_type=\"widget\" data-e-type=\"widget\" data-settings=\"{&quot;_animation&quot;:&quot;fadeIn&quot;}\" data-widget_type=\"button.default\">\n\t\t\t\t<div class=\"elementor-widget-container\">\n\t\t\t\t\t\t\t\t\t<div class=\"elementor-button-wrapper\">\n\t\t\t\t\t<a class=\"elementor-button elementor-button-link elementor-size-md elementor-animation-pop\" href=\"https:\/\/apice.org.co\/site\/quienes-somos\/\">\n\t\t\t\t\t\t<span class=\"elementor-button-content-wrapper\">\n\t\t\t\t\t\t<span class=\"elementor-button-icon\">\n\t\t\t\t<i aria-hidden=\"true\" class=\"fas fa-reply\"><\/i>\t\t\t<\/span>\n\t\t\t\t\t\t\t\t\t<span class=\"elementor-button-text\">Regresar<\/span>\n\t\t\t\t\t<\/span>\n\t\t\t\t\t<\/a>\n\t\t\t\t<\/div>\n\t\t\t\t\t\t\t\t<\/div>\n\t\t\t\t<\/div>\n\t\t\t\t<div class=\"elementor-element elementor-element-084fee6 elementor-widget elementor-widget-spacer\" data-id=\"084fee6\" data-element_type=\"widget\" data-e-type=\"widget\" data-widget_type=\"spacer.default\">\n\t\t\t\t<div class=\"elementor-widget-container\">\n\t\t\t\t\t\t\t<div class=\"elementor-spacer\">\n\t\t\t<div class=\"elementor-spacer-inner\"><\/div>\n\t\t<\/div>\n\t\t\t\t\t\t<\/div>\n\t\t\t\t<\/div>\n\t\t\t\t\t<\/div>\n\t\t<\/div>\n\t\t\t\t\t<\/div>\n\t\t<\/section>\n\t\t\t\t<section class=\"elementor-section elementor-top-section elementor-element elementor-element-72a670f elementor-section-boxed elementor-section-height-default elementor-section-height-default\" data-id=\"72a670f\" data-element_type=\"section\" data-e-type=\"section\">\n\t\t\t\t\t\t<div class=\"elementor-container elementor-column-gap-default\">\n\t\t\t\t\t<div class=\"elementor-column elementor-col-100 elementor-top-column elementor-element elementor-element-1af9b377\" data-id=\"1af9b377\" data-element_type=\"column\" data-e-type=\"column\">\n\t\t\t<div class=\"elementor-widget-wrap\">\n\t\t\t\t\t\t\t<\/div>\n\t\t<\/div>\n\t\t\t\t\t<\/div>\n\t\t<\/section>\n\t\t\t\t<\/div>\n\t\t","protected":false},"excerpt":{"rendered":"<p>\u00c1PICE Hoja de Vida Institucional REPRESENTANTE LEGAL:\u00a0Dr. Jorge T\u00e9llez Fuentes, Director Ejecutivo, nombrado el 1 de\u00a0diciembre de 1986. \u00a0 FECHA DE FUNDACI\u00d3N:\u00a023 de noviembre de 1969. \u00a0 PERSONER\u00cdA JUR\u00cdDICA:\u00a0Resoluci\u00f3n No. 205 de 1972. \u00a0 CAR\u00c1CTER:\u00a0Organismo Internacional, sin \u00e1nimo de lucro, con sede en Bogot\u00e1, D.C.,reconocida\u00a0mediante Ley 14 de 1980 de Colombia. \u00a0 La Asociaci\u00f3n Panamericana [&hellip;]<\/p>\n","protected":false},"author":4,"featured_media":0,"parent":0,"menu_order":0,"comment_status":"closed","ping_status":"closed","template":"","meta":{"_acf_changed":false,"om_disable_all_campaigns":false,"_exactmetrics_skip_tracking":false,"_exactmetrics_sitenote_active":false,"_exactmetrics_sitenote_note":"","_exactmetrics_sitenote_category":0,"_uf_show_specific_survey":0,"_uf_disable_surveys":false,"footnotes":""},"class_list":["post-9548","page","type-page","status-publish","hentry"],"acf":[],"aioseo_notices":[],"_links":{"self":[{"href":"https:\/\/apice.org.co\/site\/wp-json\/wp\/v2\/pages\/9548","targetHints":{"allow":["GET"]}}],"collection":[{"href":"https:\/\/apice.org.co\/site\/wp-json\/wp\/v2\/pages"}],"about":[{"href":"https:\/\/apice.org.co\/site\/wp-json\/wp\/v2\/types\/page"}],"author":[{"embeddable":true,"href":"https:\/\/apice.org.co\/site\/wp-json\/wp\/v2\/users\/4"}],"replies":[{"embeddable":true,"href":"https:\/\/apice.org.co\/site\/wp-json\/wp\/v2\/comments?post=9548"}],"version-history":[{"count":16,"href":"https:\/\/apice.org.co\/site\/wp-json\/wp\/v2\/pages\/9548\/revisions"}],"predecessor-version":[{"id":14999,"href":"https:\/\/apice.org.co\/site\/wp-json\/wp\/v2\/pages\/9548\/revisions\/14999"}],"wp:attachment":[{"href":"https:\/\/apice.org.co\/site\/wp-json\/wp\/v2\/media?parent=9548"}],"curies":[{"name":"wp","href":"https:\/\/api.w.org\/{rel}","templated":true}]}}