{"id":9654,"date":"2023-12-19T13:43:13","date_gmt":"2023-12-19T18:43:13","guid":{"rendered":"https:\/\/apice.org.co\/site\/?page_id=9654"},"modified":"2024-11-23T05:24:27","modified_gmt":"2024-11-23T10:24:27","slug":"afiliados-mexico","status":"publish","type":"page","link":"https:\/\/apice.org.co\/site\/afiliados-mexico\/","title":{"rendered":"afiliados mexico"},"content":{"rendered":"\t\t<div data-elementor-type=\"wp-page\" data-elementor-id=\"9654\" class=\"elementor elementor-9654\" data-elementor-post-type=\"page\">\n\t\t\t\t\t\t<section class=\"elementor-section elementor-top-section elementor-element elementor-element-687fafd elementor-section-boxed elementor-section-height-default elementor-section-height-default\" data-id=\"687fafd\" data-element_type=\"section\" data-e-type=\"section\">\n\t\t\t\t\t\t<div class=\"elementor-container elementor-column-gap-default\">\n\t\t\t\t\t<div class=\"elementor-column elementor-col-100 elementor-top-column elementor-element elementor-element-e9d8e5a\" data-id=\"e9d8e5a\" data-element_type=\"column\" data-e-type=\"column\">\n\t\t\t<div class=\"elementor-widget-wrap elementor-element-populated\">\n\t\t\t\t\t\t<div class=\"elementor-element elementor-element-92ed902 elementor-widget elementor-widget-spacer\" data-id=\"92ed902\" data-element_type=\"widget\" data-e-type=\"widget\" data-widget_type=\"spacer.default\">\n\t\t\t\t<div class=\"elementor-widget-container\">\n\t\t\t\t\t\t\t<div class=\"elementor-spacer\">\n\t\t\t<div class=\"elementor-spacer-inner\"><\/div>\n\t\t<\/div>\n\t\t\t\t\t\t<\/div>\n\t\t\t\t<\/div>\n\t\t\t\t\t<\/div>\n\t\t<\/div>\n\t\t\t\t\t<\/div>\n\t\t<\/section>\n\t\t\t\t<section class=\"elementor-section elementor-top-section elementor-element elementor-element-e890f42 elementor-section-boxed elementor-section-height-default elementor-section-height-default\" data-id=\"e890f42\" data-element_type=\"section\" data-e-type=\"section\">\n\t\t\t\t\t\t<div class=\"elementor-container elementor-column-gap-default\">\n\t\t\t\t\t<div class=\"elementor-column elementor-col-100 elementor-top-column elementor-element elementor-element-6aba6a2\" data-id=\"6aba6a2\" data-element_type=\"column\" data-e-type=\"column\">\n\t\t\t<div class=\"elementor-widget-wrap elementor-element-populated\">\n\t\t\t\t\t\t<div class=\"elementor-element elementor-element-9ad2dc8 elementor-widget elementor-widget-heading\" data-id=\"9ad2dc8\" data-element_type=\"widget\" data-e-type=\"widget\" data-widget_type=\"heading.default\">\n\t\t\t\t<div class=\"elementor-widget-container\">\n\t\t\t\t\t<h2 class=\"elementor-heading-title elementor-size-default\">Afiliados \u00e1pice<\/h2>\t\t\t\t<\/div>\n\t\t\t\t<\/div>\n\t\t\t\t<div class=\"elementor-element elementor-element-0b20e35 elementor-widget elementor-widget-heading\" data-id=\"0b20e35\" data-element_type=\"widget\" data-e-type=\"widget\" data-widget_type=\"heading.default\">\n\t\t\t\t<div class=\"elementor-widget-container\">\n\t\t\t\t\t<h2 class=\"elementor-heading-title elementor-size-default\">M\u00e9xico<\/h2>\t\t\t\t<\/div>\n\t\t\t\t<\/div>\n\t\t\t\t\t<\/div>\n\t\t<\/div>\n\t\t\t\t\t<\/div>\n\t\t<\/section>\n\t\t\t\t<section class=\"elementor-section elementor-top-section elementor-element elementor-element-fd93874 elementor-section-boxed elementor-section-height-default elementor-section-height-default\" data-id=\"fd93874\" data-element_type=\"section\" data-e-type=\"section\">\n\t\t\t\t\t\t<div class=\"elementor-container elementor-column-gap-default\">\n\t\t\t\t\t<div class=\"elementor-column elementor-col-100 elementor-top-column elementor-element elementor-element-e49759f\" data-id=\"e49759f\" data-element_type=\"column\" data-e-type=\"column\">\n\t\t\t<div class=\"elementor-widget-wrap elementor-element-populated\">\n\t\t\t\t\t\t<div class=\"elementor-element elementor-element-d2f3db1 elementor-widget elementor-widget-image\" data-id=\"d2f3db1\" data-element_type=\"widget\" data-e-type=\"widget\" data-widget_type=\"image.default\">\n\t\t\t\t<div class=\"elementor-widget-container\">\n\t\t\t\t\t\t\t\t\t\t\t\t\t\t\t<img decoding=\"async\" src=\"https:\/\/apice.org.co\/site\/wp-content\/uploads\/elementor\/thumbs\/mex-scaled-qemws37oa7nksjb9t3ha149vba38zj2kdrovo6bpcw.jpg\" title=\"mex\" alt=\"M\u00e9xico\" loading=\"lazy\" \/>\t\t\t\t\t\t\t\t\t\t\t\t\t\t\t<\/div>\n\t\t\t\t<\/div>\n\t\t\t\t<div class=\"elementor-element elementor-element-94bb658 elementor-widget elementor-widget-spacer\" data-id=\"94bb658\" data-element_type=\"widget\" data-e-type=\"widget\" data-widget_type=\"spacer.default\">\n\t\t\t\t<div class=\"elementor-widget-container\">\n\t\t\t\t\t\t\t<div class=\"elementor-spacer\">\n\t\t\t<div class=\"elementor-spacer-inner\"><\/div>\n\t\t<\/div>\n\t\t\t\t\t\t<\/div>\n\t\t\t\t<\/div>\n\t\t\t\t<div class=\"elementor-element elementor-element-eef6814 elementor-widget elementor-widget-accordion\" data-id=\"eef6814\" data-element_type=\"widget\" data-e-type=\"widget\" data-widget_type=\"accordion.default\">\n\t\t\t\t<div class=\"elementor-widget-container\">\n\t\t\t\t\t\t\t<div class=\"elementor-accordion\">\n\t\t\t\t\t\t\t<div class=\"elementor-accordion-item\">\n\t\t\t\t\t<div id=\"elementor-tab-title-2501\" class=\"elementor-tab-title\" data-tab=\"1\" role=\"button\" aria-controls=\"elementor-tab-content-2501\" aria-expanded=\"false\">\n\t\t\t\t\t\t\t\t\t\t\t\t\t<span class=\"elementor-accordion-icon elementor-accordion-icon-left\" aria-hidden=\"true\">\n\t\t\t\t\t\t\t\t\t\t\t\t\t\t\t<span class=\"elementor-accordion-icon-closed\"><i class=\"fas fa-plus\"><\/i><\/span>\n\t\t\t\t\t\t\t\t<span class=\"elementor-accordion-icon-opened\"><i class=\"fas fa-minus\"><\/i><\/span>\n\t\t\t\t\t\t\t\t\t\t\t\t\t\t<\/span>\n\t\t\t\t\t\t\t\t\t\t\t\t<a class=\"elementor-accordion-title\" tabindex=\"0\">Instituto para el Desarrollo y Atenci\u00f3n a las Juventudes del Estado de Guanajuato<\/a>\n\t\t\t\t\t<\/div>\n\t\t\t\t\t<div id=\"elementor-tab-content-2501\" class=\"elementor-tab-content elementor-clearfix\" data-tab=\"1\" role=\"region\" aria-labelledby=\"elementor-tab-title-2501\"><div class=\"vc_tta-container\" data-vc-action=\"collapse\"><div class=\"vc_general vc_tta vc_tta-tabs vc_tta-color-blue vc_tta-style-outline vc_tta-shape-rounded vc_tta-spacing-3 vc_tta-gap-3 vc_tta-tabs-position-left vc_tta-controls-align-left \"><div class=\"vc_tta-panels-container\"><div class=\"vc_tta-panels\"><div id=\"1526063878225-b406dcce-1dc6\" class=\"vc_tta-panel vc_active\" data-vc-content=\".vc_tta-panel-body\"><div class=\"vc_tta-panel-body\"><div class=\"wpb_text_column wpb_content_element \"><div class=\"wpb_wrapper\"><table style=\"width: 130.291%; height: 974px;\" width=\"750\"><tbody><tr style=\"height: 100px;\"><td style=\"height: 100px;\"><p style=\"text-align: center;\"><span style=\"font-family: helvetica, arial, sans-serif; font-size: 14pt; color: rgba(60, 60, 60, 0.99);\"><strong>Miembro Institucional de \u00c1PICE<\/strong><\/span><\/p><\/td><\/tr><tr style=\"height: 19px;\"><td style=\"height: 19px;\"><span style=\"font-family: helvetica, arial, sans-serif; font-size: 14pt; color: rgba(60, 60, 60, 0.99);\"><strong>Enrique Prieto Flores,<\/strong> Presidente Junta Directiva \u00c1PICE, Presidente Consejo Directivo<\/span><\/td><\/tr><tr style=\"height: 91px;\"><td style=\"height: 91px;\"><p><span style=\"font-family: helvetica, arial, sans-serif; font-size: 14pt; color: #006699;\"><a style=\"color: #006699;\" href=\"mailto:anavarro@juventudesgto.gob.mx\"><strong>enrique@keycapital.com.mx<\/strong><\/a><\/span><\/p><p><span style=\"font-family: helvetica, arial, sans-serif; font-size: 14pt; color: rgba(60, 60, 60, 0.99);\">Tel: 52 477 7103400 Extensi\u00f3n 250 \u2013 018006700822\u00a0Fax:\u00a052 477 7103400<\/span><\/p><hr \/><\/td><\/tr><tr style=\"height: 28px;\"><td style=\"height: 28px;\"><p>\u00a0<\/p><p><span style=\"font-family: helvetica, arial, sans-serif; font-size: 14pt; color: rgba(60, 60, 60, 0.99);\"><strong>Alma Regina Trujillo Dom\u00ednguez<\/strong>, Directora General\u00a0<\/span><\/p><\/td><\/tr><tr style=\"height: 28px;\"><td style=\"height: 28px;\"><p><span style=\"font-family: helvetica, arial, sans-serif; font-size: 14pt; color: #006699;\"><a style=\"color: #006699;\" href=\"mailto:atrujillo@juventudesgto.gob.mx\" target=\"_blank\" rel=\"noopener\"><strong>atrujillo@juventudesgto.gob.mx<\/strong><\/a><\/span><\/p><\/td><\/tr><tr style=\"height: 28px;\"><td style=\"height: 28px;\"><p><span style=\"font-family: helvetica, arial, sans-serif; font-size: 14pt; color: rgba(60, 60, 60, 0.99);\">Tel:\u00a052 477 7103400 Extensi\u00f3n 250 \u2013 018006700822\u00a0Fax:\u00a052 477 7103400<\/span><\/p><hr \/><\/td><\/tr><tr style=\"height: 28px;\"><td style=\"height: 28px;\"><p>\u00a0<\/p><p><span style=\"font-family: helvetica, arial, sans-serif; font-size: 14pt; color: rgba(60, 60, 60, 0.99);\"><strong>Mar\u00eda Guadalupe Ju\u00e1rez Contreras<\/strong>, Asistente Direccci\u00f3n General.<\/span><\/p><p><span style=\"font-family: helvetica, arial, sans-serif; font-size: 14pt; color: #006699;\"><a style=\"color: #006699;\" href=\"mailto:mjuarez@juventudesgto.gob.mx\"><strong>mjuarez@juventudesgto.gob.mx<\/strong><\/a><\/span><\/p><p><span style=\"font-family: helvetica, arial, sans-serif; font-size: 14pt; color: rgba(60, 60, 60, 0.99);\">Tel:\u00a052 477 7103400 Extensi\u00f3n 251<\/span><\/p><hr \/><\/td><\/tr><tr style=\"height: 69px;\"><td style=\"height: 69px;\"><p>\u00a0<\/p><p><span style=\"font-family: helvetica, arial, sans-serif; font-size: 14pt; color: rgba(60, 60, 60, 0.99);\"><strong>Ithamar P\u00e9rez Mendoza<\/strong>, Coordinadora de Planeaci\u00f3n y Evaluaci\u00f3n<\/span><\/p><\/td><\/tr><tr style=\"height: 28px;\"><td style=\"height: 28px;\"><span style=\"font-family: helvetica, arial, sans-serif; font-size: 14pt; color: #006699;\"><a style=\"color: #006699;\" href=\"mailto:iperezmen@juventudesgto.gob.mx\"><strong>iperezmen@juventudesgto.gob.mx<\/strong><\/a><\/span><\/td><\/tr><tr style=\"height: 69px;\"><td style=\"height: 69px;\"><p><span style=\"font-family: helvetica, arial, sans-serif; font-size: 14pt; color: rgba(60, 60, 60, 0.99);\">Tel:\u00a052 477 7103400 Extensi\u00f3n 245<\/span><\/p><hr \/><\/td><\/tr><tr style=\"height: 28px;\"><td style=\"height: 28px;\"><p>\u00a0<\/p><p><span style=\"font-family: helvetica, arial, sans-serif; font-size: 14pt; color: rgba(60, 60, 60, 0.99);\"><strong>Mar\u00eda Concepci\u00f3n Hern\u00e1ndez Valdiv\u00eda<\/strong>, Directora de Comunicaci\u00f3n<\/span><\/p><\/td><\/tr><tr style=\"height: 28px;\"><td style=\"height: 28px;\"><p><span style=\"font-family: helvetica, arial, sans-serif; font-size: 14pt; color: #006699;\"><a style=\"color: #006699;\" href=\"mailto:chernandez@juventudesgto.gob.mx\"><strong>chernandez@juventudesgto.gob.mx<\/strong><\/a><\/span><\/p><\/td><\/tr><tr style=\"height: 69px;\"><td style=\"height: 69px;\"><p><span style=\"font-family: helvetica, arial, sans-serif; font-size: 14pt; color: rgba(60, 60, 60, 0.99);\">Tel:\u00a052 477 7103400 Extensi\u00f3n 630<\/span><\/p><hr \/><\/td><\/tr><tr style=\"height: 104px;\"><td style=\"text-align: center; height: 104px;\"><p>\u00a0<\/p><p><span style=\"font-family: helvetica, arial, sans-serif; font-size: 14pt; color: rgba(60, 60, 60, 0.99);\">Fray Mart\u00edn de Valencia 102 Facc. Santo Domingo<\/span><\/p><p><span style=\"font-family: helvetica, arial, sans-serif; font-size: 14pt; color: rgba(60, 60, 60, 0.99);\"><strong>Le\u00f3n, Guanajuato, C.P. 37557\u00a0M\u00e9xico<\/strong><\/span><\/p><\/td><\/tr><tr style=\"height: 28px;\"><td style=\"text-align: center; height: 28px;\"><p>\u00a0<\/p><p><span style=\"font-family: helvetica, arial, sans-serif; font-size: 14pt; color: #006699;\"><strong><a style=\"color: #006699;\" href=\"http:\/\/juventudesgto.com\/\" target=\"_blank\" rel=\"noopener\">www.juventudesgto.com<\/a><\/strong><\/span><\/p><\/td><\/tr><\/tbody><\/table><\/div><\/div><\/div><\/div><div id=\"1526941694360-97ac67d3-8262\" class=\"vc_tta-panel\" data-vc-content=\".vc_tta-panel-body\">\u00a0<\/div><\/div><\/div><\/div><\/div><\/div>\n\t\t\t\t<\/div>\n\t\t\t\t\t\t\t<div class=\"elementor-accordion-item\">\n\t\t\t\t\t<div id=\"elementor-tab-title-2502\" class=\"elementor-tab-title\" data-tab=\"2\" role=\"button\" aria-controls=\"elementor-tab-content-2502\" aria-expanded=\"false\">\n\t\t\t\t\t\t\t\t\t\t\t\t\t<span class=\"elementor-accordion-icon elementor-accordion-icon-left\" aria-hidden=\"true\">\n\t\t\t\t\t\t\t\t\t\t\t\t\t\t\t<span class=\"elementor-accordion-icon-closed\"><i class=\"fas fa-plus\"><\/i><\/span>\n\t\t\t\t\t\t\t\t<span class=\"elementor-accordion-icon-opened\"><i class=\"fas fa-minus\"><\/i><\/span>\n\t\t\t\t\t\t\t\t\t\t\t\t\t\t<\/span>\n\t\t\t\t\t\t\t\t\t\t\t\t<a class=\"elementor-accordion-title\" tabindex=\"0\">Centros Culturales de M\u00e9xico A.C. Universidad Panamericana<\/a>\n\t\t\t\t\t<\/div>\n\t\t\t\t\t<div id=\"elementor-tab-content-2502\" class=\"elementor-tab-content elementor-clearfix\" data-tab=\"2\" role=\"region\" aria-labelledby=\"elementor-tab-title-2502\"><table width=\"750\"><tbody><tr><td><p style=\"text-align: center;\"><span style=\"color: rgba(60, 60, 60, 0.99); font-family: helvetica, arial, sans-serif; font-size: 14pt;\"><strong>Miembro Asociado de \u00c1PICE<\/strong><\/span><\/p><p>\u00a0<\/p><\/td><\/tr><tr><td><p>\u00a0<\/p><p><span style=\"color: rgba(60, 60, 60, 0.99); font-family: helvetica, arial, sans-serif; font-size: 14pt;\"><strong>Alejandro Rodr\u00edguez Maga\u00f1a<\/strong>, Administrador General\u00a0<\/span><\/p><p><span style=\"color: #006699; font-family: helvetica, arial, sans-serif; font-size: 14pt;\"><a style=\"color: #006699;\" href=\"mailto:arodrigu@up.edu.mx\"><strong>arodrigu@up.edu.mx<\/strong><\/a><\/span><\/p><hr \/><\/td><\/tr><tr><td><p>\u00a0<\/p><p><span style=\"color: rgba(60, 60, 60, 0.99); font-family: helvetica, arial, sans-serif; font-size: 14pt;\"><strong>Jos\u00e9 Antonio Esquivia Romero<\/strong>, Rector<\/span><\/p><p><span style=\"color: #006699; font-family: helvetica, arial, sans-serif; font-size: 14pt;\"><a style=\"color: #006699;\" href=\"mailto:aesquivi@up.edu.mx\"><strong>aesquivi@up.edu.mx<\/strong><\/a><\/span><\/p><\/td><\/tr><tr><td><hr \/><p>\u00a0<\/p><p><span style=\"color: rgba(60, 60, 60, 0.99); font-family: helvetica, arial, sans-serif; font-size: 14pt;\"><strong>Martha Rodr\u00edguez Arocha<\/strong>, Secretaria General<\/span><\/p><p><span style=\"color: #006699; font-family: helvetica, arial, sans-serif; font-size: 14pt;\"><a style=\"color: #006699;\" href=\"mailto:mrodrig@up.edu.mx\"><strong>mrodrig@up.edu.mx<\/strong><\/a><\/span><\/p><hr \/><\/td><\/tr><tr><td><p>\u00a0<\/p><p><span style=\"color: rgba(60, 60, 60, 0.99); font-family: helvetica, arial, sans-serif; font-size: 14pt;\"><strong>Ericka Orozco Razo<\/strong>, Gerente Planeaci\u00f3n Financiera<\/span><\/p><p><a href=\"mailto:eorozco@up.edu.mx\" target=\"_blank\" rel=\"noopener\"><span style=\"color: #006699; font-family: helvetica, arial, sans-serif; font-size: 14pt;\"><strong>eorozco@up.edu.mx<\/strong><\/span><\/a><\/p><hr \/><\/td><\/tr><tr><td><p>\u00a0<\/p><p><span style=\"color: rgba(60, 60, 60, 0.99); font-family: helvetica, arial, sans-serif; font-size: 14pt;\"><strong>Rosario Guti\u00e9rrez Robles<\/strong>, Jefe de Becas<\/span><\/p><p><span style=\"color: #006699; font-family: helvetica, arial, sans-serif; font-size: 14pt;\"><a style=\"color: #006699;\" href=\"mailto:rgutierr@up.edu.mx\"><strong>rgutierr@up.edu.mx<\/strong><\/a><\/span><\/p><hr \/><\/td><\/tr><tr><td><p>\u00a0<\/p><p><span style=\"color: rgba(60, 60, 60, 0.99); font-family: helvetica, arial, sans-serif; font-size: 14pt;\"><strong>Leoncio Monjar\u00e1s Wintergerst<\/strong>, Director Internacional Affairs<\/span><\/p><p><span style=\"color: #006699; font-family: helvetica, arial, sans-serif; font-size: 14pt;\"><a style=\"color: #006699;\" href=\"mailto:lmonjara@up.edu.mx\"><strong>lmonjara@up.edu.mx<\/strong><\/a><\/span><\/p><hr \/><\/td><\/tr><tr><td><p>\u00a0<\/p><p><span style=\"color: rgba(60, 60, 60, 0.99); font-family: helvetica, arial, sans-serif; font-size: 14pt;\"><strong>Rafael Hern\u00e1ndez C.<\/strong>, Director Desarrollo Institucional<\/span><\/p><p><span style=\"color: #006699; font-family: helvetica, arial, sans-serif; font-size: 14pt;\"><a style=\"color: #006699;\" href=\"mailto:rhernandez@up.edu.mx\"><strong>rhernandez@up.edu.mx<\/strong><\/a><\/span><\/p><hr \/><\/td><\/tr><tr><td><p>\u00a0<\/p><p><span style=\"color: rgba(60, 60, 60, 0.99); font-family: helvetica, arial, sans-serif; font-size: 14pt;\"><strong>Alina Garc\u00eda Barba<\/strong>, Directora de Comunicaciones<\/span><\/p><p><span style=\"color: #006699; font-family: helvetica, arial, sans-serif; font-size: 14pt;\"><a style=\"color: #006699;\" href=\"mailto:agarciab@up.edu.mx\"><strong>agarciab@up.edu.mx<\/strong><\/a><\/span><\/p><\/td><\/tr><tr><td><hr \/><\/td><\/tr><tr><td style=\"text-align: center;\"><p>\u00a0<\/p><p><span style=\"color: rgba(60, 60, 60, 0.99); font-family: helvetica, arial, sans-serif; font-size: 14pt;\">Tel:\u00a052 33 13682200\u00a0<\/span><\/p><p>\u00a0<\/p><p><span style=\"color: rgba(60, 60, 60, 0.99); font-family: helvetica, arial, sans-serif; font-size: 14pt;\">\u00c1lvaro del Portillo No. 49, Ciudad Granja, C.P. 45010<\/span><\/p><p><span style=\"color: rgba(60, 60, 60, 0.99); font-family: helvetica, arial, sans-serif; font-size: 14pt;\"><strong>Zapopan, Jalisco, M\u00e9xico<\/strong><\/span><\/p><\/td><\/tr><tr><td style=\"text-align: center;\"><p>\u00a0<\/p><p><span style=\"color: #006699; font-family: helvetica, arial, sans-serif; font-size: 14pt;\"><a style=\"color: #006699;\" href=\"https:\/\/www.up.edu.mx\/\" target=\"_blank\" rel=\"noopener\"><strong>www.up.edu.mx<\/strong><\/a><\/span><\/p><\/td><\/tr><\/tbody><\/table><\/div>\n\t\t\t\t<\/div>\n\t\t\t\t\t\t\t<div class=\"elementor-accordion-item\">\n\t\t\t\t\t<div id=\"elementor-tab-title-2503\" class=\"elementor-tab-title\" data-tab=\"3\" role=\"button\" aria-controls=\"elementor-tab-content-2503\" aria-expanded=\"false\">\n\t\t\t\t\t\t\t\t\t\t\t\t\t<span class=\"elementor-accordion-icon elementor-accordion-icon-left\" aria-hidden=\"true\">\n\t\t\t\t\t\t\t\t\t\t\t\t\t\t\t<span class=\"elementor-accordion-icon-closed\"><i class=\"fas fa-plus\"><\/i><\/span>\n\t\t\t\t\t\t\t\t<span class=\"elementor-accordion-icon-opened\"><i class=\"fas fa-minus\"><\/i><\/span>\n\t\t\t\t\t\t\t\t\t\t\t\t\t\t<\/span>\n\t\t\t\t\t\t\t\t\t\t\t\t<a class=\"elementor-accordion-title\" tabindex=\"0\">Blanca Lilia Monterrubio de McLoughlin<\/a>\n\t\t\t\t\t<\/div>\n\t\t\t\t\t<div id=\"elementor-tab-content-2503\" class=\"elementor-tab-content elementor-clearfix\" data-tab=\"3\" role=\"region\" aria-labelledby=\"elementor-tab-title-2503\"><p style=\"text-align: center;\"><span style=\"color: rgba(60, 60, 60, 0.99); font-family: helvetica, arial, sans-serif; font-size: 14pt;\"><strong>Miembro Honorario<\/strong><\/span><\/p><table width=\"750\"><tbody><tr><td><span style=\"color: rgba(60, 60, 60, 0.99); font-family: helvetica, arial, sans-serif; font-size: 14pt;\"><strong>Blanca Lilia Monterrubio de McLoughlin<\/strong><\/span><\/td><\/tr><tr><td><span style=\"color: #006699; font-family: helvetica, arial, sans-serif; font-size: 14pt;\"><strong><a style=\"color: #006699;\" href=\"mailto:bmonterrubio920@gmail.com\">bmonterrubio920@gmail.com<\/a><\/strong><\/span><\/td><\/tr><tr><td><p><span style=\"color: rgba(60, 60, 60, 0.99); font-family: helvetica, arial, sans-serif; font-size: 14pt;\">Tel: 502 422 2280784 \/ Fax: 52 422 2280784<\/span><\/p><hr \/><\/td><\/tr><tr><td><p style=\"text-align: center;\"><span style=\"color: rgba(60, 60, 60, 0.99); font-family: helvetica, arial, sans-serif; font-size: 14pt;\">Paseo de Varsovia No. 217 Residencial Tejada,<\/span><\/p><p style=\"text-align: center;\"><span style=\"color: rgba(60, 60, 60, 0.99); font-family: helvetica, arial, sans-serif; font-size: 14pt;\"><strong>Quer\u00e9taro, Qto. C.P. 76790 M\u00e9xico<\/strong><\/span><\/p><\/td><\/tr><\/tbody><\/table><\/div>\n\t\t\t\t<\/div>\n\t\t\t\t\t\t\t\t<\/div>\n\t\t\t\t\t\t<\/div>\n\t\t\t\t<\/div>\n\t\t\t\t\t<\/div>\n\t\t<\/div>\n\t\t\t\t\t<\/div>\n\t\t<\/section>\n\t\t\t\t<section class=\"elementor-section elementor-top-section elementor-element elementor-element-25eb7be elementor-section-boxed elementor-section-height-default elementor-section-height-default\" data-id=\"25eb7be\" data-element_type=\"section\" data-e-type=\"section\">\n\t\t\t\t\t\t<div class=\"elementor-container elementor-column-gap-default\">\n\t\t\t\t\t<div class=\"elementor-column elementor-col-100 elementor-top-column elementor-element elementor-element-687315c\" data-id=\"687315c\" data-element_type=\"column\" data-e-type=\"column\">\n\t\t\t<div class=\"elementor-widget-wrap elementor-element-populated\">\n\t\t\t\t\t\t<div class=\"elementor-element elementor-element-a84bba5 elementor-widget elementor-widget-spacer\" data-id=\"a84bba5\" data-element_type=\"widget\" data-e-type=\"widget\" data-widget_type=\"spacer.default\">\n\t\t\t\t<div class=\"elementor-widget-container\">\n\t\t\t\t\t\t\t<div class=\"elementor-spacer\">\n\t\t\t<div class=\"elementor-spacer-inner\"><\/div>\n\t\t<\/div>\n\t\t\t\t\t\t<\/div>\n\t\t\t\t<\/div>\n\t\t\t\t\t<\/div>\n\t\t<\/div>\n\t\t\t\t\t<\/div>\n\t\t<\/section>\n\t\t\t\t<section class=\"elementor-section elementor-top-section elementor-element elementor-element-71a41d7 elementor-section-boxed elementor-section-height-default elementor-section-height-default\" data-id=\"71a41d7\" data-element_type=\"section\" data-e-type=\"section\">\n\t\t\t\t\t\t<div class=\"elementor-container elementor-column-gap-default\">\n\t\t\t\t\t<div class=\"elementor-column elementor-col-100 elementor-top-column elementor-element elementor-element-1c35a7e5\" data-id=\"1c35a7e5\" data-element_type=\"column\" data-e-type=\"column\">\n\t\t\t<div class=\"elementor-widget-wrap elementor-element-populated\">\n\t\t\t\t\t\t<div class=\"elementor-element elementor-element-65671e5b elementor-align-right elementor-invisible elementor-widget elementor-widget-button\" data-id=\"65671e5b\" data-element_type=\"widget\" data-e-type=\"widget\" data-settings=\"{&quot;_animation&quot;:&quot;fadeIn&quot;}\" data-widget_type=\"button.default\">\n\t\t\t\t<div class=\"elementor-widget-container\">\n\t\t\t\t\t\t\t\t\t<div class=\"elementor-button-wrapper\">\n\t\t\t\t\t<a class=\"elementor-button elementor-button-link elementor-size-md elementor-animation-pop\" href=\"https:\/\/apice.org.co\/site\/afiliados\/\">\n\t\t\t\t\t\t<span class=\"elementor-button-content-wrapper\">\n\t\t\t\t\t\t<span class=\"elementor-button-icon\">\n\t\t\t\t<i aria-hidden=\"true\" class=\"fas fa-reply\"><\/i>\t\t\t<\/span>\n\t\t\t\t\t\t\t\t\t<span class=\"elementor-button-text\">Regresar<\/span>\n\t\t\t\t\t<\/span>\n\t\t\t\t\t<\/a>\n\t\t\t\t<\/div>\n\t\t\t\t\t\t\t\t<\/div>\n\t\t\t\t<\/div>\n\t\t\t\t\t<\/div>\n\t\t<\/div>\n\t\t\t\t\t<\/div>\n\t\t<\/section>\n\t\t\t\t<\/div>\n\t\t","protected":false},"excerpt":{"rendered":"<p>Afiliados \u00e1pice M\u00e9xico Instituto para el Desarrollo y Atenci\u00f3n a las Juventudes del Estado de Guanajuato Miembro Institucional de \u00c1PICE Enrique Prieto Flores, Presidente Junta Directiva \u00c1PICE, Presidente Consejo Directivo enrique@keycapital.com.mx Tel: 52 477 7103400 Extensi\u00f3n 250 \u2013 018006700822\u00a0Fax:\u00a052 477 7103400 \u00a0 Alma Regina Trujillo Dom\u00ednguez, Directora General\u00a0 atrujillo@juventudesgto.gob.mx Tel:\u00a052 477 7103400 Extensi\u00f3n 250 \u2013 [&hellip;]<\/p>\n","protected":false},"author":4,"featured_media":0,"parent":0,"menu_order":0,"comment_status":"closed","ping_status":"closed","template":"","meta":{"_acf_changed":false,"om_disable_all_campaigns":false,"_exactmetrics_skip_tracking":false,"_exactmetrics_sitenote_active":false,"_exactmetrics_sitenote_note":"","_exactmetrics_sitenote_category":0,"_uf_show_specific_survey":0,"_uf_disable_surveys":false,"footnotes":""},"class_list":["post-9654","page","type-page","status-publish","hentry"],"acf":[],"aioseo_notices":[],"_links":{"self":[{"href":"https:\/\/apice.org.co\/site\/wp-json\/wp\/v2\/pages\/9654","targetHints":{"allow":["GET"]}}],"collection":[{"href":"https:\/\/apice.org.co\/site\/wp-json\/wp\/v2\/pages"}],"about":[{"href":"https:\/\/apice.org.co\/site\/wp-json\/wp\/v2\/types\/page"}],"author":[{"embeddable":true,"href":"https:\/\/apice.org.co\/site\/wp-json\/wp\/v2\/users\/4"}],"replies":[{"embeddable":true,"href":"https:\/\/apice.org.co\/site\/wp-json\/wp\/v2\/comments?post=9654"}],"version-history":[{"count":82,"href":"https:\/\/apice.org.co\/site\/wp-json\/wp\/v2\/pages\/9654\/revisions"}],"predecessor-version":[{"id":13187,"href":"https:\/\/apice.org.co\/site\/wp-json\/wp\/v2\/pages\/9654\/revisions\/13187"}],"wp:attachment":[{"href":"https:\/\/apice.org.co\/site\/wp-json\/wp\/v2\/media?parent=9654"}],"curies":[{"name":"wp","href":"https:\/\/api.w.org\/{rel}","templated":true}]}}