{"id":9676,"date":"2023-12-26T11:17:33","date_gmt":"2023-12-26T16:17:33","guid":{"rendered":"https:\/\/apice.org.co\/site\/?page_id=9676"},"modified":"2026-05-08T11:02:08","modified_gmt":"2026-05-08T16:02:08","slug":"afiliados-venezuela","status":"publish","type":"page","link":"https:\/\/apice.org.co\/site\/afiliados-venezuela\/","title":{"rendered":"afiliados venezuela"},"content":{"rendered":"\t\t<div data-elementor-type=\"wp-page\" data-elementor-id=\"9676\" class=\"elementor elementor-9676\" data-elementor-post-type=\"page\">\n\t\t\t\t\t\t<section class=\"elementor-section elementor-top-section elementor-element elementor-element-687fafd elementor-section-boxed elementor-section-height-default elementor-section-height-default\" data-id=\"687fafd\" data-element_type=\"section\" data-e-type=\"section\">\n\t\t\t\t\t\t<div class=\"elementor-container elementor-column-gap-default\">\n\t\t\t\t\t<div class=\"elementor-column elementor-col-100 elementor-top-column elementor-element elementor-element-e9d8e5a\" data-id=\"e9d8e5a\" data-element_type=\"column\" data-e-type=\"column\">\n\t\t\t<div class=\"elementor-widget-wrap elementor-element-populated\">\n\t\t\t\t\t\t<div class=\"elementor-element elementor-element-92ed902 elementor-widget elementor-widget-spacer\" data-id=\"92ed902\" data-element_type=\"widget\" data-e-type=\"widget\" data-widget_type=\"spacer.default\">\n\t\t\t\t<div class=\"elementor-widget-container\">\n\t\t\t\t\t\t\t<div class=\"elementor-spacer\">\n\t\t\t<div class=\"elementor-spacer-inner\"><\/div>\n\t\t<\/div>\n\t\t\t\t\t\t<\/div>\n\t\t\t\t<\/div>\n\t\t\t\t\t<\/div>\n\t\t<\/div>\n\t\t\t\t\t<\/div>\n\t\t<\/section>\n\t\t\t\t<section class=\"elementor-section elementor-top-section elementor-element elementor-element-e890f42 elementor-section-boxed elementor-section-height-default elementor-section-height-default\" data-id=\"e890f42\" data-element_type=\"section\" data-e-type=\"section\">\n\t\t\t\t\t\t<div class=\"elementor-container elementor-column-gap-default\">\n\t\t\t\t\t<div class=\"elementor-column elementor-col-100 elementor-top-column elementor-element elementor-element-6aba6a2\" data-id=\"6aba6a2\" data-element_type=\"column\" data-e-type=\"column\">\n\t\t\t<div class=\"elementor-widget-wrap elementor-element-populated\">\n\t\t\t\t\t\t<div class=\"elementor-element elementor-element-9ad2dc8 elementor-widget elementor-widget-heading\" data-id=\"9ad2dc8\" data-element_type=\"widget\" data-e-type=\"widget\" data-widget_type=\"heading.default\">\n\t\t\t\t<div class=\"elementor-widget-container\">\n\t\t\t\t\t<h2 class=\"elementor-heading-title elementor-size-default\">Afiliados \u00e1pice<\/h2>\t\t\t\t<\/div>\n\t\t\t\t<\/div>\n\t\t\t\t<div class=\"elementor-element elementor-element-0b20e35 elementor-widget elementor-widget-heading\" data-id=\"0b20e35\" data-element_type=\"widget\" data-e-type=\"widget\" data-widget_type=\"heading.default\">\n\t\t\t\t<div class=\"elementor-widget-container\">\n\t\t\t\t\t<h2 class=\"elementor-heading-title elementor-size-default\">Venezuela<\/h2>\t\t\t\t<\/div>\n\t\t\t\t<\/div>\n\t\t\t\t\t<\/div>\n\t\t<\/div>\n\t\t\t\t\t<\/div>\n\t\t<\/section>\n\t\t\t\t<section class=\"elementor-section elementor-top-section elementor-element elementor-element-fd93874 elementor-section-boxed elementor-section-height-default elementor-section-height-default\" data-id=\"fd93874\" data-element_type=\"section\" data-e-type=\"section\">\n\t\t\t\t\t\t<div class=\"elementor-container elementor-column-gap-default\">\n\t\t\t\t\t<div class=\"elementor-column elementor-col-100 elementor-top-column elementor-element elementor-element-e49759f\" data-id=\"e49759f\" data-element_type=\"column\" data-e-type=\"column\">\n\t\t\t<div class=\"elementor-widget-wrap elementor-element-populated\">\n\t\t\t\t\t\t<div class=\"elementor-element elementor-element-d2f3db1 elementor-widget elementor-widget-image\" data-id=\"d2f3db1\" data-element_type=\"widget\" data-e-type=\"widget\" data-widget_type=\"image.default\">\n\t\t\t\t<div class=\"elementor-widget-container\">\n\t\t\t\t\t\t\t\t\t\t\t\t\t\t\t<img decoding=\"async\" src=\"https:\/\/apice.org.co\/site\/wp-content\/uploads\/elementor\/thumbs\/27121-scaled-qemux715wo2yjkhaf6j3kzyxe3sv6zi96oaw59ic68.jpg\" title=\"Basic RGB\" alt=\"Venezuela\" loading=\"lazy\" \/>\t\t\t\t\t\t\t\t\t\t\t\t\t\t\t<\/div>\n\t\t\t\t<\/div>\n\t\t\t\t<div class=\"elementor-element elementor-element-94bb658 elementor-widget elementor-widget-spacer\" data-id=\"94bb658\" data-element_type=\"widget\" data-e-type=\"widget\" data-widget_type=\"spacer.default\">\n\t\t\t\t<div class=\"elementor-widget-container\">\n\t\t\t\t\t\t\t<div class=\"elementor-spacer\">\n\t\t\t<div class=\"elementor-spacer-inner\"><\/div>\n\t\t<\/div>\n\t\t\t\t\t\t<\/div>\n\t\t\t\t<\/div>\n\t\t\t\t<div class=\"elementor-element elementor-element-eef6814 elementor-widget elementor-widget-accordion\" data-id=\"eef6814\" data-element_type=\"widget\" data-e-type=\"widget\" data-widget_type=\"accordion.default\">\n\t\t\t\t<div class=\"elementor-widget-container\">\n\t\t\t\t\t\t\t<div class=\"elementor-accordion\">\n\t\t\t\t\t\t\t<div class=\"elementor-accordion-item\">\n\t\t\t\t\t<div id=\"elementor-tab-title-2501\" class=\"elementor-tab-title\" data-tab=\"1\" role=\"button\" aria-controls=\"elementor-tab-content-2501\" aria-expanded=\"false\">\n\t\t\t\t\t\t\t\t\t\t\t\t\t<span class=\"elementor-accordion-icon elementor-accordion-icon-left\" aria-hidden=\"true\">\n\t\t\t\t\t\t\t\t\t\t\t\t\t\t\t<span class=\"elementor-accordion-icon-closed\"><i class=\"fas fa-plus\"><\/i><\/span>\n\t\t\t\t\t\t\t\t<span class=\"elementor-accordion-icon-opened\"><i class=\"fas fa-minus\"><\/i><\/span>\n\t\t\t\t\t\t\t\t\t\t\t\t\t\t<\/span>\n\t\t\t\t\t\t\t\t\t\t\t\t<a class=\"elementor-accordion-title\" tabindex=\"0\">EDUCR\u00c9DITO A.C.<\/a>\n\t\t\t\t\t<\/div>\n\t\t\t\t\t<div id=\"elementor-tab-content-2501\" class=\"elementor-tab-content elementor-clearfix\" data-tab=\"1\" role=\"region\" aria-labelledby=\"elementor-tab-title-2501\"><table style=\"width: 130.016%; height: 793px;\" width=\"750\"><tbody><tr style=\"height: 28px;\"><td style=\"text-align: center; height: 28px;\"><span style=\"font-family: helvetica, arial, sans-serif; font-size: 14pt; color: rgba(60, 60, 60, 0.99);\"><strong>Miembro Fundador de \u00c1PICE<\/strong><\/span><\/td><\/tr><tr style=\"height: 100px;\"><td style=\"text-align: left; height: 99px;\"><p><span style=\"font-family: helvetica, arial, sans-serif; font-size: 14pt; color: rgba(60, 60, 60, 0.99);\"><strong>Ana Carolina Mendoza, <\/strong>Presidente<\/span><\/p><p><span style=\"font-family: helvetica, arial, sans-serif; font-size: 14pt; color: rgba(60, 60, 60, 0.99);\"><strong><span style=\"font-family: helvetica, arial, sans-serif; font-size: 14pt; color: #006699;\"><a style=\"color: #006699;\" href=\"mailto:amendoza@mdt.com.ve\">amendoza@mdt.com.ve<\/a><\/span><\/strong><\/span><\/p><hr \/><p>\u00a0<\/p><\/td><\/tr><tr style=\"height: 144px;\"><td style=\"text-align: left; height: 144px;\"><p><span style=\"font-family: helvetica, arial, sans-serif; font-size: 14pt; color: rgba(60, 60, 60, 0.99);\"><strong>Antonio Fonseca, <\/strong>Segundo Vicepresidente Junta Directiva de \u00c1PICE.<\/span><\/p><p><span style=\"font-family: helvetica, arial, sans-serif; font-size: 14pt; color: rgba(60, 60, 60, 0.99);\">Miembro de la Junta Directiva EDUCR\u00c9DITO A.C.<\/span><\/p><p><span style=\"font-family: helvetica, arial, sans-serif; font-size: 14pt; color: rgba(60, 60, 60, 0.99);\"><strong><span style=\"font-family: helvetica, arial, sans-serif; font-size: 14pt; color: #006699;\"><a style=\"color: #006699;\" href=\"mailto:fdconsultores1992@gmail.com\">fdconsultores<\/a><a style=\"color: #006699;\" href=\"mailto:amendoza@mdt.com.ve\">1992@gmail.com<\/a><\/span><\/strong><\/span><\/p><hr \/><\/td><\/tr><tr style=\"height: 100px;\"><td style=\"text-align: left; height: 100px;\"><p><span style=\"font-family: helvetica, arial, sans-serif; font-size: 14pt; color: rgba(60, 60, 60, 0.99);\"><strong>Luisa Mariana Pulido de Sucre<\/strong>, Miembro Junta Directiva EDUCR\u00c9DITO A.C.\u00a0<\/span><\/p><p><span style=\"font-family: helvetica, arial, sans-serif; font-size: 14pt; color: #006699;\"><strong><a style=\"color: #006699;\" href=\"mailto:luisampulido@gmail.com\">luisampulido@gmail.com<\/a><\/strong><\/span><\/p><hr \/><\/td><\/tr><tr style=\"height: 60px;\"><td style=\"text-align: left; height: 60px;\"><p>\u00a0<\/p><p><span style=\"font-family: helvetica, arial, sans-serif; font-size: 14pt; color: rgba(60, 60, 60, 0.99);\"><strong>Mar\u00eda Elena Bautista<\/strong>, Coordinadora de Programas Educativos y Sociales<\/span><\/p><\/td><\/tr><tr style=\"height: 28px;\"><td style=\"text-align: left; height: 28px;\"><span style=\"font-family: helvetica, arial, sans-serif; font-size: 14pt; color: #006699;\"><strong><a style=\"color: #006699;\" href=\"mailto:proyectos.educativos@educredito.org.ve\">proyectos.educativos@educredito.org.ve<\/a><a style=\"color: #006699;\" href=\"mailto:proyectos@educredito.org.ve%C2%A0\">\u00a0<\/a><\/strong><\/span><\/td><\/tr><tr style=\"height: 70px;\"><td style=\"text-align: left; height: 70px;\"><p>\u00a0<\/p><p style=\"text-align: center;\"><span style=\"font-family: helvetica, arial, sans-serif; font-size: 14pt; color: rgba(60, 60, 60, 0.99);\">Tel: 58 \u00a0212 \u2013 659681<\/span><\/p><hr \/><\/td><\/tr><tr style=\"height: 88px;\"><td style=\"text-align: center; height: 88px;\"><p><span style=\"font-family: helvetica, arial, sans-serif; font-size: 14pt; color: rgba(60, 60, 60, 0.99);\">Urbanizaci\u00f3n Terrazas del \u00c1vila, Universidad Metropolitana Edificio Germ\u00e1n Otero, Ala Oeste, Auditor\u00edo Julio Sosa Rodr\u00edguez, Piso 1, Oficina EDUCR\u00c9DITO<\/span><\/p><\/td><\/tr><tr style=\"height: 60px;\"><td style=\"text-align: center; height: 60px;\"><p><span style=\"font-family: helvetica, arial, sans-serif; font-size: 14pt; color: #006699;\"><strong><a style=\"color: #006699;\" href=\"http:\/\/www.educredito.org.ve\/\">www.educredito.org.ve<\/a><\/strong><\/span><\/p><\/td><\/tr><\/tbody><\/table><\/div>\n\t\t\t\t<\/div>\n\t\t\t\t\t\t\t\t<\/div>\n\t\t\t\t\t\t<\/div>\n\t\t\t\t<\/div>\n\t\t\t\t\t<\/div>\n\t\t<\/div>\n\t\t\t\t\t<\/div>\n\t\t<\/section>\n\t\t\t\t<section class=\"elementor-section elementor-top-section elementor-element elementor-element-25eb7be elementor-section-boxed elementor-section-height-default elementor-section-height-default\" data-id=\"25eb7be\" data-element_type=\"section\" data-e-type=\"section\">\n\t\t\t\t\t\t<div class=\"elementor-container elementor-column-gap-default\">\n\t\t\t\t\t<div class=\"elementor-column elementor-col-100 elementor-top-column elementor-element elementor-element-687315c\" data-id=\"687315c\" data-element_type=\"column\" data-e-type=\"column\">\n\t\t\t<div class=\"elementor-widget-wrap elementor-element-populated\">\n\t\t\t\t\t\t<div class=\"elementor-element elementor-element-a84bba5 elementor-widget elementor-widget-spacer\" data-id=\"a84bba5\" data-element_type=\"widget\" data-e-type=\"widget\" data-widget_type=\"spacer.default\">\n\t\t\t\t<div class=\"elementor-widget-container\">\n\t\t\t\t\t\t\t<div class=\"elementor-spacer\">\n\t\t\t<div class=\"elementor-spacer-inner\"><\/div>\n\t\t<\/div>\n\t\t\t\t\t\t<\/div>\n\t\t\t\t<\/div>\n\t\t\t\t\t<\/div>\n\t\t<\/div>\n\t\t\t\t\t<\/div>\n\t\t<\/section>\n\t\t\t\t<section class=\"elementor-section elementor-top-section elementor-element elementor-element-71a41d7 elementor-section-boxed elementor-section-height-default elementor-section-height-default\" data-id=\"71a41d7\" data-element_type=\"section\" data-e-type=\"section\">\n\t\t\t\t\t\t<div class=\"elementor-container elementor-column-gap-default\">\n\t\t\t\t\t<div class=\"elementor-column elementor-col-100 elementor-top-column elementor-element elementor-element-1c35a7e5\" data-id=\"1c35a7e5\" data-element_type=\"column\" data-e-type=\"column\">\n\t\t\t<div class=\"elementor-widget-wrap elementor-element-populated\">\n\t\t\t\t\t\t<div class=\"elementor-element elementor-element-65671e5b elementor-align-right elementor-invisible elementor-widget elementor-widget-button\" data-id=\"65671e5b\" data-element_type=\"widget\" data-e-type=\"widget\" data-settings=\"{&quot;_animation&quot;:&quot;fadeIn&quot;}\" data-widget_type=\"button.default\">\n\t\t\t\t<div class=\"elementor-widget-container\">\n\t\t\t\t\t\t\t\t\t<div class=\"elementor-button-wrapper\">\n\t\t\t\t\t<a class=\"elementor-button elementor-button-link elementor-size-md elementor-animation-pop\" href=\"https:\/\/apice.org.co\/site\/afiliados\/\">\n\t\t\t\t\t\t<span class=\"elementor-button-content-wrapper\">\n\t\t\t\t\t\t<span class=\"elementor-button-icon\">\n\t\t\t\t<i aria-hidden=\"true\" class=\"fas fa-reply\"><\/i>\t\t\t<\/span>\n\t\t\t\t\t\t\t\t\t<span class=\"elementor-button-text\">Regresar<\/span>\n\t\t\t\t\t<\/span>\n\t\t\t\t\t<\/a>\n\t\t\t\t<\/div>\n\t\t\t\t\t\t\t\t<\/div>\n\t\t\t\t<\/div>\n\t\t\t\t\t<\/div>\n\t\t<\/div>\n\t\t\t\t\t<\/div>\n\t\t<\/section>\n\t\t\t\t<\/div>\n\t\t","protected":false},"excerpt":{"rendered":"<p>Afiliados \u00e1pice Venezuela EDUCR\u00c9DITO A.C. Miembro Fundador de \u00c1PICE Ana Carolina Mendoza, Presidente amendoza@mdt.com.ve \u00a0 Antonio Fonseca, Segundo Vicepresidente Junta Directiva de \u00c1PICE. Miembro de la Junta Directiva EDUCR\u00c9DITO A.C. fdconsultores1992@gmail.com Luisa Mariana Pulido de Sucre, Miembro Junta Directiva EDUCR\u00c9DITO A.C.\u00a0 luisampulido@gmail.com \u00a0 Mar\u00eda Elena Bautista, Coordinadora de Programas Educativos y Sociales proyectos.educativos@educredito.org.ve\u00a0 \u00a0 Tel: [&hellip;]<\/p>\n","protected":false},"author":4,"featured_media":0,"parent":0,"menu_order":0,"comment_status":"closed","ping_status":"closed","template":"","meta":{"_acf_changed":false,"om_disable_all_campaigns":false,"_exactmetrics_skip_tracking":false,"_exactmetrics_sitenote_active":false,"_exactmetrics_sitenote_note":"","_exactmetrics_sitenote_category":0,"_uf_show_specific_survey":0,"_uf_disable_surveys":false,"footnotes":""},"class_list":["post-9676","page","type-page","status-publish","hentry"],"acf":[],"aioseo_notices":[],"_links":{"self":[{"href":"https:\/\/apice.org.co\/site\/wp-json\/wp\/v2\/pages\/9676","targetHints":{"allow":["GET"]}}],"collection":[{"href":"https:\/\/apice.org.co\/site\/wp-json\/wp\/v2\/pages"}],"about":[{"href":"https:\/\/apice.org.co\/site\/wp-json\/wp\/v2\/types\/page"}],"author":[{"embeddable":true,"href":"https:\/\/apice.org.co\/site\/wp-json\/wp\/v2\/users\/4"}],"replies":[{"embeddable":true,"href":"https:\/\/apice.org.co\/site\/wp-json\/wp\/v2\/comments?post=9676"}],"version-history":[{"count":19,"href":"https:\/\/apice.org.co\/site\/wp-json\/wp\/v2\/pages\/9676\/revisions"}],"predecessor-version":[{"id":15152,"href":"https:\/\/apice.org.co\/site\/wp-json\/wp\/v2\/pages\/9676\/revisions\/15152"}],"wp:attachment":[{"href":"https:\/\/apice.org.co\/site\/wp-json\/wp\/v2\/media?parent=9676"}],"curies":[{"name":"wp","href":"https:\/\/api.w.org\/{rel}","templated":true}]}}