{"id":9685,"date":"2023-12-26T11:29:09","date_gmt":"2023-12-26T16:29:09","guid":{"rendered":"https:\/\/apice.org.co\/site\/?page_id=9685"},"modified":"2024-08-09T08:07:09","modified_gmt":"2024-08-09T13:07:09","slug":"afiliados-republica-dominicana","status":"publish","type":"page","link":"https:\/\/apice.org.co\/site\/afiliados-republica-dominicana\/","title":{"rendered":"afiliados rep\u00fablica dominicana"},"content":{"rendered":"\t\t<div data-elementor-type=\"wp-page\" data-elementor-id=\"9685\" class=\"elementor elementor-9685\" data-elementor-post-type=\"page\">\n\t\t\t\t\t\t<section class=\"elementor-section elementor-top-section elementor-element elementor-element-687fafd elementor-section-boxed elementor-section-height-default elementor-section-height-default\" data-id=\"687fafd\" data-element_type=\"section\" data-e-type=\"section\">\n\t\t\t\t\t\t<div class=\"elementor-container elementor-column-gap-default\">\n\t\t\t\t\t<div class=\"elementor-column elementor-col-100 elementor-top-column elementor-element elementor-element-e9d8e5a\" data-id=\"e9d8e5a\" data-element_type=\"column\" data-e-type=\"column\">\n\t\t\t<div class=\"elementor-widget-wrap elementor-element-populated\">\n\t\t\t\t\t\t<div class=\"elementor-element elementor-element-92ed902 elementor-widget elementor-widget-spacer\" data-id=\"92ed902\" data-element_type=\"widget\" data-e-type=\"widget\" data-widget_type=\"spacer.default\">\n\t\t\t\t<div class=\"elementor-widget-container\">\n\t\t\t\t\t\t\t<div class=\"elementor-spacer\">\n\t\t\t<div class=\"elementor-spacer-inner\"><\/div>\n\t\t<\/div>\n\t\t\t\t\t\t<\/div>\n\t\t\t\t<\/div>\n\t\t\t\t\t<\/div>\n\t\t<\/div>\n\t\t\t\t\t<\/div>\n\t\t<\/section>\n\t\t\t\t<section class=\"elementor-section elementor-top-section elementor-element elementor-element-e890f42 elementor-section-boxed elementor-section-height-default elementor-section-height-default\" data-id=\"e890f42\" data-element_type=\"section\" data-e-type=\"section\">\n\t\t\t\t\t\t<div class=\"elementor-container elementor-column-gap-default\">\n\t\t\t\t\t<div class=\"elementor-column elementor-col-100 elementor-top-column elementor-element elementor-element-6aba6a2\" data-id=\"6aba6a2\" data-element_type=\"column\" data-e-type=\"column\">\n\t\t\t<div class=\"elementor-widget-wrap elementor-element-populated\">\n\t\t\t\t\t\t<div class=\"elementor-element elementor-element-9ad2dc8 elementor-widget elementor-widget-heading\" data-id=\"9ad2dc8\" data-element_type=\"widget\" data-e-type=\"widget\" data-widget_type=\"heading.default\">\n\t\t\t\t<div class=\"elementor-widget-container\">\n\t\t\t\t\t<h2 class=\"elementor-heading-title elementor-size-default\">Afiliados \u00e1pice<\/h2>\t\t\t\t<\/div>\n\t\t\t\t<\/div>\n\t\t\t\t<div class=\"elementor-element elementor-element-0b20e35 elementor-widget elementor-widget-heading\" data-id=\"0b20e35\" data-element_type=\"widget\" data-e-type=\"widget\" data-widget_type=\"heading.default\">\n\t\t\t\t<div class=\"elementor-widget-container\">\n\t\t\t\t\t<h2 class=\"elementor-heading-title elementor-size-default\">Rep\u00fablica Dominicana<\/h2>\t\t\t\t<\/div>\n\t\t\t\t<\/div>\n\t\t\t\t\t<\/div>\n\t\t<\/div>\n\t\t\t\t\t<\/div>\n\t\t<\/section>\n\t\t\t\t<section class=\"elementor-section elementor-top-section elementor-element elementor-element-fd93874 elementor-section-boxed elementor-section-height-default elementor-section-height-default\" data-id=\"fd93874\" data-element_type=\"section\" data-e-type=\"section\">\n\t\t\t\t\t\t<div class=\"elementor-container elementor-column-gap-default\">\n\t\t\t\t\t<div class=\"elementor-column elementor-col-100 elementor-top-column elementor-element elementor-element-e49759f\" data-id=\"e49759f\" data-element_type=\"column\" data-e-type=\"column\">\n\t\t\t<div class=\"elementor-widget-wrap elementor-element-populated\">\n\t\t\t\t\t\t<div class=\"elementor-element elementor-element-d2f3db1 elementor-widget elementor-widget-image\" data-id=\"d2f3db1\" data-element_type=\"widget\" data-e-type=\"widget\" data-widget_type=\"image.default\">\n\t\t\t\t<div class=\"elementor-widget-container\">\n\t\t\t\t\t\t\t\t\t\t\t\t\t\t\t<img decoding=\"async\" src=\"https:\/\/apice.org.co\/site\/wp-content\/uploads\/elementor\/thumbs\/rep-dominicana-qemurlvpa4flj0lh1rkxreqa9ncbfrbp30ozg1sl5s.png\" title=\"rep dominicana\" alt=\"Rep\u00fablica Dominicana\" loading=\"lazy\" \/>\t\t\t\t\t\t\t\t\t\t\t\t\t\t\t<\/div>\n\t\t\t\t<\/div>\n\t\t\t\t<div class=\"elementor-element elementor-element-94bb658 elementor-widget elementor-widget-spacer\" data-id=\"94bb658\" data-element_type=\"widget\" data-e-type=\"widget\" data-widget_type=\"spacer.default\">\n\t\t\t\t<div class=\"elementor-widget-container\">\n\t\t\t\t\t\t\t<div class=\"elementor-spacer\">\n\t\t\t<div class=\"elementor-spacer-inner\"><\/div>\n\t\t<\/div>\n\t\t\t\t\t\t<\/div>\n\t\t\t\t<\/div>\n\t\t\t\t<div class=\"elementor-element elementor-element-eef6814 elementor-widget elementor-widget-accordion\" data-id=\"eef6814\" data-element_type=\"widget\" data-e-type=\"widget\" data-widget_type=\"accordion.default\">\n\t\t\t\t<div class=\"elementor-widget-container\">\n\t\t\t\t\t\t\t<div class=\"elementor-accordion\">\n\t\t\t\t\t\t\t<div class=\"elementor-accordion-item\">\n\t\t\t\t\t<div id=\"elementor-tab-title-2501\" class=\"elementor-tab-title\" data-tab=\"1\" role=\"button\" aria-controls=\"elementor-tab-content-2501\" aria-expanded=\"false\">\n\t\t\t\t\t\t\t\t\t\t\t\t\t<span class=\"elementor-accordion-icon elementor-accordion-icon-left\" aria-hidden=\"true\">\n\t\t\t\t\t\t\t\t\t\t\t\t\t\t\t<span class=\"elementor-accordion-icon-closed\"><i class=\"fas fa-plus\"><\/i><\/span>\n\t\t\t\t\t\t\t\t<span class=\"elementor-accordion-icon-opened\"><i class=\"fas fa-minus\"><\/i><\/span>\n\t\t\t\t\t\t\t\t\t\t\t\t\t\t<\/span>\n\t\t\t\t\t\t\t\t\t\t\t\t<a class=\"elementor-accordion-title\" tabindex=\"0\">Fundaci\u00f3n APEC de Cr\u00e9dito Educativo, FUNDAPEC<\/a>\n\t\t\t\t\t<\/div>\n\t\t\t\t\t<div id=\"elementor-tab-content-2501\" class=\"elementor-tab-content elementor-clearfix\" data-tab=\"1\" role=\"region\" aria-labelledby=\"elementor-tab-title-2501\"><table style=\"width: 129.94%; height: 1037px;\" width=\"750\"><tbody><tr style=\"height: 27px;\"><td style=\"text-align: center; height: 27px;\"><span style=\"font-family: helvetica, arial, sans-serif; font-size: 14pt; color: rgba(60, 60, 60, 0.99);\"><strong>Miembro Fundador de \u00c1PICE<\/strong><\/span><\/td><\/tr><tr style=\"height: 223px;\"><td style=\"height: 194px;\"><p><span style=\"font-family: helvetica, arial, sans-serif; font-size: 14pt; color: rgba(60, 60, 60, 0.99);\"><strong>Regla Brito de Vargas<\/strong>,\u00a0 <\/span><span style=\"font-family: helvetica, arial, sans-serif; font-size: 14pt; color: rgba(60, 60, 60, 0.99);\">Directora Ejecutiva de FUNDAPEC<\/span><\/p><p><span style=\"font-size: 14pt; font-family: helvetica, arial, sans-serif; color: rgba(60, 60, 60, 0.99);\">Miembro Honorario Junta Directiva \u00c1PICE<\/span><\/p><p><span style=\"font-family: helvetica, arial, sans-serif; font-size: 14pt; color: #006699;\"><strong><a style=\"color: #006699;\" href=\"mailto:rbrito@fundapec.edu.do\">rbrito@fundapec.edu.do<\/a><\/strong>\u00a0\u2013\u00a0<strong><a style=\"color: #006699;\" href=\"mailto:lgarcia@fundapec.edu.do\">lgarcia@fundapec.edu.do<\/a><\/strong><\/span><\/p><p><span style=\"font-family: helvetica, arial, sans-serif; font-size: 14pt; color: rgba(60, 60, 60, 0.99);\">Tel:\u00a01 809 6894171\u00a0Ext. 413 \u2013\u00a01 809 2629695 \u2013\u00a01 809 6889406<\/span><\/p><p><span style=\"font-family: helvetica, arial, sans-serif; font-size: 14pt; color: rgba(60, 60, 60, 0.99);\">Fax: 1 809 6887925<\/span><\/p><p>\u00a0<\/p><hr \/><\/td><\/tr><tr style=\"height: 99px;\"><td style=\"height: 28px;\"><p><span style=\"font-family: helvetica, arial, sans-serif; font-size: 14pt; color: rgba(60, 60, 60, 0.99);\"><strong>Modesto Lavandero Guzm\u00e1n<\/strong>, Subdirector de Administraci\u00f3n<\/span><\/p><p><span style=\"font-family: helvetica, arial, sans-serif; font-size: 14pt; color: #006699;\"><strong><a style=\"color: #006699;\" href=\"mailto:mlavandero@fundapec.edu.do\">mlavandero@fundapec.edu.do<\/a><\/strong><\/span><\/p><p><span style=\"font-family: helvetica, arial, sans-serif; font-size: 14pt; color: rgba(60, 60, 60, 0.99);\">Tel:\u00a01 809 6894171\u00a0Ext. 2500<\/span><\/p><\/td><\/tr><tr style=\"height: 154px;\"><td style=\"height: 10px;\"><hr \/><\/td><\/tr><tr style=\"height: 99px;\"><td style=\"height: 99px;\"><p><span style=\"font-family: helvetica, arial, sans-serif; font-size: 14pt; color: rgba(60, 60, 60, 0.99);\"><strong>Carm\u00e9n D\u00edaz<\/strong>, Subdirectora de Administraci\u00f3n y Finanzas<\/span><\/p><p><span style=\"font-family: helvetica, arial, sans-serif; font-size: 14pt; color: #006699;\"><strong><a style=\"color: #006699;\" href=\"mailto:cdiaz@fundapec.edu.do\">cdiaz@fundapec.edu.do<\/a><\/strong><\/span><\/p><p>\u00a0<\/p><hr \/><\/td><\/tr><tr style=\"height: 99px;\"><td style=\"height: 99px;\"><p><span style=\"font-family: helvetica, arial, sans-serif; font-size: 14pt; color: rgba(60, 60, 60, 0.99);\"><strong>Ana Massiel Valerio<\/strong>, Planificaci\u00f3n y Desarrollo<\/span><\/p><p><span style=\"font-family: helvetica, arial, sans-serif; font-size: 14pt; color: #006699;\"><strong><a style=\"color: #006699;\" href=\"mailto:avalerio@fundapec.edu.do\">avalerio@fundapec.edu.do<\/a><\/strong><\/span><\/p><p>\u00a0<\/p><hr \/><\/td><\/tr><tr style=\"height: 110px;\"><td style=\"height: 110px;\"><p><span style=\"font-family: helvetica, arial, sans-serif; font-size: 14pt; color: rgba(60, 60, 60, 0.99);\"><strong>Amelia Rodr\u00edguez<\/strong>, Coordinadora de Oficina de Relaciones Internacionales, RSC y Comunidad FUNDAPEC<\/span><\/p><p><span style=\"font-family: helvetica, arial, sans-serif; font-size: 14pt; color: #006699;\"><strong><a style=\"color: #006699;\" href=\"mailto:arodriguez@fundapec.edu.do\">arodriguez@fundapec.edu.do<\/a><\/strong><\/span><\/p><p>\u00a0<\/p><hr \/><\/td><\/tr><tr style=\"height: 87px;\"><td style=\"height: 87px;\"><p>\u00a0<\/p><p><span style=\"font-family: helvetica, arial, sans-serif; font-size: 14pt; color: rgba(60, 60, 60, 0.99);\"><strong>Enrique Almanza<\/strong>, Gerente de Mercadeo<\/span><\/p><p><span style=\"font-family: helvetica, arial, sans-serif; font-size: 14pt; color: #006699;\"><strong><a style=\"color: #006699;\" href=\"mailto:ealmanzar@fundapec.edu.do\">ealmanzar@fundapec.edu.do<\/a><\/strong><\/span><\/p><p><span style=\"font-family: helvetica, arial, sans-serif; font-size: 14pt; color: rgba(60, 60, 60, 0.99);\">Tel: 1 809 6894171 Ext. 2200<\/span><\/p><hr \/><\/td><\/tr><tr style=\"height: 59px;\"><td style=\"height: 59px;\"><p>\u00a0<\/p><p>\u00a0<\/p><p><span style=\"font-family: helvetica, arial, sans-serif; font-size: 14pt; color: rgba(60, 60, 60, 0.99);\"><strong>Estherlin Ventura<\/strong>, Gestora de Medios<\/span><\/p><p><span style=\"font-family: helvetica, arial, sans-serif; font-size: 14pt; color: #006699;\"><strong><a style=\"color: #006699;\" href=\"mailto:eventura@fundapec.edu.do\">eventura@fundapec.edu.do<\/a><\/strong><\/span><\/p><p><span style=\"font-family: helvetica, arial, sans-serif; font-size: 14pt; color: rgba(60, 60, 60, 0.99);\">Tel:\u00a01 809 6894171\u00a0Ext. 2104<\/span><\/p><\/td><\/tr><tr style=\"height: 27px;\"><td style=\"height: 27px;\"><span style=\"font-family: helvetica, arial, sans-serif; font-size: 14pt; color: #006699;\"><strong>\u00a0<\/strong><\/span><\/td><\/tr><tr style=\"height: 70px;\"><td style=\"height: 70px;\"><p>\u00a0<\/p><hr \/><\/td><\/tr><tr style=\"height: 103px;\"><td style=\"height: 103px;\"><p style=\"text-align: center;\"><span style=\"font-family: helvetica, arial, sans-serif; font-size: 14pt; color: rgba(60, 60, 60, 0.99);\">Apartado 1451<\/span><\/p><p style=\"text-align: center;\"><span style=\"font-family: helvetica, arial, sans-serif; font-size: 14pt; color: rgba(60, 60, 60, 0.99);\"><strong>Santo Domingo, Rep\u00fablica Dominicana<\/strong><\/span><\/p><\/td><\/tr><tr style=\"height: 27px;\"><td style=\"text-align: center; height: 27px;\"><span style=\"font-family: helvetica, arial, sans-serif; font-size: 14pt; color: #006699;\"><strong><a style=\"color: #006699;\" href=\"https:\/\/www.fundapec.edu.do\/\">www.fundapec.edu.do<\/a><\/strong><\/span><\/td><\/tr><\/tbody><\/table><\/div>\n\t\t\t\t<\/div>\n\t\t\t\t\t\t\t<div class=\"elementor-accordion-item\">\n\t\t\t\t\t<div id=\"elementor-tab-title-2502\" class=\"elementor-tab-title\" data-tab=\"2\" role=\"button\" aria-controls=\"elementor-tab-content-2502\" aria-expanded=\"false\">\n\t\t\t\t\t\t\t\t\t\t\t\t\t<span class=\"elementor-accordion-icon elementor-accordion-icon-left\" aria-hidden=\"true\">\n\t\t\t\t\t\t\t\t\t\t\t\t\t\t\t<span class=\"elementor-accordion-icon-closed\"><i class=\"fas fa-plus\"><\/i><\/span>\n\t\t\t\t\t\t\t\t<span class=\"elementor-accordion-icon-opened\"><i class=\"fas fa-minus\"><\/i><\/span>\n\t\t\t\t\t\t\t\t\t\t\t\t\t\t<\/span>\n\t\t\t\t\t\t\t\t\t\t\t\t<a class=\"elementor-accordion-title\" tabindex=\"0\">Universidad Cat\u00f3lica Nordestana \u2013 UCNE<\/a>\n\t\t\t\t\t<\/div>\n\t\t\t\t\t<div id=\"elementor-tab-content-2502\" class=\"elementor-tab-content elementor-clearfix\" data-tab=\"2\" role=\"region\" aria-labelledby=\"elementor-tab-title-2502\"><table width=\"750\"><tbody><tr><td style=\"text-align: center;\"><p><span style=\"font-family: helvetica, arial, sans-serif; font-size: 14pt; color: rgba(60, 60, 60, 0.99);\"><strong>Miembro Asociado de \u00c1PICE<\/strong><\/span><\/p><p>\u00a0<\/p><\/td><\/tr><tr><td><span style=\"font-family: helvetica, arial, sans-serif; font-size: 14pt; color: rgba(60, 60, 60, 0.99);\"><strong>Reverendo Padre Dr. Isaac Garc\u00eda de la Cruz,<\/strong>\u00a0Rector\u00a0<\/span><\/td><\/tr><tr><td><span style=\"font-family: helvetica, arial, sans-serif; font-size: 14pt; color: #006699;\"><strong><a style=\"color: #006699;\" href=\"mailto:rectoria@ucne.edu\">rectoria@ucne.edu<\/a>\u00a0\u2013\u00a0<a style=\"color: #006699;\" href=\"mailto:rectoria.secretaria@ucne.edu\">rectoria.secretaria@ucne.edu<\/a><\/strong><\/span><\/td><\/tr><tr><td><span style=\"font-family: helvetica, arial, sans-serif; font-size: 14pt; color: rgba(60, 60, 60, 0.99);\">Tel:\u00a01 809 5883505\u00a0Fax:\u00a01 809 2441647<\/span><p>\u00a0<\/p><hr \/><\/td><\/tr><tr><td style=\"text-align: center;\"><p>\u00a0<\/p><p><span style=\"font-family: helvetica, arial, sans-serif; font-size: 14pt; color: rgba(60, 60, 60, 0.99);\">Los Arroyos \u2013 San Francisco de Macor\u00eds, Provincia Duarte, Apartado Postal No. 239<\/span><\/p><\/td><\/tr><tr><td style=\"text-align: center;\"><span style=\"font-family: helvetica, arial, sans-serif; font-size: 14pt; color: #006699;\"><a style=\"color: #006699;\" href=\"https:\/\/ucnevirtual.com\/\" target=\"_blank\" rel=\"noopener\"><strong>www.ucne.edu<\/strong><\/a><\/span><\/td><\/tr><\/tbody><\/table><\/div>\n\t\t\t\t<\/div>\n\t\t\t\t\t\t\t<div class=\"elementor-accordion-item\">\n\t\t\t\t\t<div id=\"elementor-tab-title-2503\" class=\"elementor-tab-title\" data-tab=\"3\" role=\"button\" aria-controls=\"elementor-tab-content-2503\" aria-expanded=\"false\">\n\t\t\t\t\t\t\t\t\t\t\t\t\t<span class=\"elementor-accordion-icon elementor-accordion-icon-left\" aria-hidden=\"true\">\n\t\t\t\t\t\t\t\t\t\t\t\t\t\t\t<span class=\"elementor-accordion-icon-closed\"><i class=\"fas fa-plus\"><\/i><\/span>\n\t\t\t\t\t\t\t\t<span class=\"elementor-accordion-icon-opened\"><i class=\"fas fa-minus\"><\/i><\/span>\n\t\t\t\t\t\t\t\t\t\t\t\t\t\t<\/span>\n\t\t\t\t\t\t\t\t\t\t\t\t<a class=\"elementor-accordion-title\" tabindex=\"0\">Miembros Honorarios<\/a>\n\t\t\t\t\t<\/div>\n\t\t\t\t\t<div id=\"elementor-tab-content-2503\" class=\"elementor-tab-content elementor-clearfix\" data-tab=\"3\" role=\"region\" aria-labelledby=\"elementor-tab-title-2503\"><table width=\"750\"><tbody><tr><td><span style=\"font-family: helvetica, arial, sans-serif; font-size: 14pt; color: rgba(60, 60, 60, 0.99);\"><strong>Frederich Berges\u00a0\u00a0<\/strong><\/span><\/td><\/tr><tr><td><span style=\"font-family: helvetica, arial, sans-serif; font-size: 14pt; color: #006699;\"><strong><a style=\"color: #006699;\" href=\"mailto:frederichberges@hotmail.com\">frederichberges@hotmail.com<\/a><\/strong><\/span><p>\u00a0<\/p><p><span style=\"font-family: helvetica, arial, sans-serif; font-size: 14pt; color: #006699;\"><strong><a style=\"color: #006699;\" href=\"mailto:frederichberges@gmail.com\">frederichberges@gmail.com<\/a><\/strong><\/span><\/p><\/td><\/tr><tr><td><span style=\"font-family: helvetica, arial, sans-serif; font-size: 14pt; color: rgba(60, 60, 60, 0.99);\">1 809 5400409 \u2013 1 809 9771501<\/span><p>\u00a0<\/p><hr \/><\/td><\/tr><tr><td><p>\u00a0<\/p><p><span style=\"font-family: helvetica, arial, sans-serif; font-size: 14pt; color: rgba(60, 60, 60, 0.99);\"><strong>Regla Brito de Vargas<\/strong>, <\/span><span style=\"font-family: helvetica, arial, sans-serif; font-size: 14pt; color: rgba(60, 60, 60, 0.99);\">Directora Ejecutiva de FUNDAPEC<\/span><\/p><\/td><\/tr><tr><td><span style=\"font-family: helvetica, arial, sans-serif; font-size: 14pt; color: #006699;\"><strong><a style=\"color: #006699;\" href=\"mailto:rbrito@fundapec.edu.do\">rbrito@fundapec.edu.do<\/a><\/strong><\/span><\/td><\/tr><tr><td><span style=\"font-family: helvetica, arial, sans-serif; font-size: 14pt; color: rgba(60, 60, 60, 0.99);\">Tel:\u00a01 809 6894171\u00a0\u2013\u00a0Fax:\u00a01 809 6887925<\/span><p>\u00a0<\/p><hr \/><\/td><\/tr><tr><td style=\"text-align: center;\"><p>\u00a0<\/p><p><span style=\"font-family: helvetica, arial, sans-serif; font-size: 14pt; color: rgba(60, 60, 60, 0.99);\">Apartado 1451, Santo Domingo, Rep\u00fablica Dominicana<\/span><\/p><\/td><\/tr><tr><td style=\"text-align: center;\"><span style=\"font-family: helvetica, arial, sans-serif; font-size: 14pt; color: #006699;\"><strong><a style=\"color: #006699;\" href=\"https:\/\/www.fundapec.edu.do\/\">www.fundapec.edu.do<\/a><\/strong><\/span><p>\u00a0<\/p><hr \/><\/td><\/tr><tr><td><p>\u00a0<\/p><p><span style=\"font-family: helvetica, arial, sans-serif; font-size: 14pt; color: rgba(60, 60, 60, 0.99);\"><strong>Roberto E. Liz Castellanos<\/strong><\/span><\/p><\/td><\/tr><tr><td><span style=\"font-family: helvetica, arial, sans-serif; font-size: 14pt; color: #006699;\"><strong><a style=\"color: #006699;\" href=\"mailto:robertoliz@codetel.net.do\">robertoliz@codetel.net.do<\/a><\/strong><\/span><\/td><\/tr><tr><td><span style=\"font-family: helvetica, arial, sans-serif; font-size: 14pt; color: rgba(60, 60, 60, 0.99);\">1 809 5673283 \u2013 1 809 5660662<\/span><\/td><\/tr><\/tbody><\/table><\/div>\n\t\t\t\t<\/div>\n\t\t\t\t\t\t\t\t<\/div>\n\t\t\t\t\t\t<\/div>\n\t\t\t\t<\/div>\n\t\t\t\t\t<\/div>\n\t\t<\/div>\n\t\t\t\t\t<\/div>\n\t\t<\/section>\n\t\t\t\t<section class=\"elementor-section elementor-top-section elementor-element elementor-element-25eb7be elementor-section-boxed elementor-section-height-default elementor-section-height-default\" data-id=\"25eb7be\" data-element_type=\"section\" data-e-type=\"section\">\n\t\t\t\t\t\t<div class=\"elementor-container elementor-column-gap-default\">\n\t\t\t\t\t<div class=\"elementor-column elementor-col-100 elementor-top-column elementor-element elementor-element-687315c\" data-id=\"687315c\" data-element_type=\"column\" data-e-type=\"column\">\n\t\t\t<div class=\"elementor-widget-wrap elementor-element-populated\">\n\t\t\t\t\t\t<div class=\"elementor-element elementor-element-a84bba5 elementor-widget elementor-widget-spacer\" data-id=\"a84bba5\" data-element_type=\"widget\" data-e-type=\"widget\" data-widget_type=\"spacer.default\">\n\t\t\t\t<div class=\"elementor-widget-container\">\n\t\t\t\t\t\t\t<div class=\"elementor-spacer\">\n\t\t\t<div class=\"elementor-spacer-inner\"><\/div>\n\t\t<\/div>\n\t\t\t\t\t\t<\/div>\n\t\t\t\t<\/div>\n\t\t\t\t\t<\/div>\n\t\t<\/div>\n\t\t\t\t\t<\/div>\n\t\t<\/section>\n\t\t\t\t<section class=\"elementor-section elementor-top-section elementor-element elementor-element-71a41d7 elementor-section-boxed elementor-section-height-default elementor-section-height-default\" data-id=\"71a41d7\" data-element_type=\"section\" data-e-type=\"section\">\n\t\t\t\t\t\t<div class=\"elementor-container elementor-column-gap-default\">\n\t\t\t\t\t<div class=\"elementor-column elementor-col-100 elementor-top-column elementor-element elementor-element-1c35a7e5\" data-id=\"1c35a7e5\" data-element_type=\"column\" data-e-type=\"column\">\n\t\t\t<div class=\"elementor-widget-wrap elementor-element-populated\">\n\t\t\t\t\t\t<div class=\"elementor-element elementor-element-65671e5b elementor-align-right elementor-invisible elementor-widget elementor-widget-button\" data-id=\"65671e5b\" data-element_type=\"widget\" data-e-type=\"widget\" data-settings=\"{&quot;_animation&quot;:&quot;fadeIn&quot;}\" data-widget_type=\"button.default\">\n\t\t\t\t<div class=\"elementor-widget-container\">\n\t\t\t\t\t\t\t\t\t<div class=\"elementor-button-wrapper\">\n\t\t\t\t\t<a class=\"elementor-button elementor-button-link elementor-size-md elementor-animation-pop\" href=\"https:\/\/apice.org.co\/site\/afiliados\/\">\n\t\t\t\t\t\t<span class=\"elementor-button-content-wrapper\">\n\t\t\t\t\t\t<span class=\"elementor-button-icon\">\n\t\t\t\t<i aria-hidden=\"true\" class=\"fas fa-reply\"><\/i>\t\t\t<\/span>\n\t\t\t\t\t\t\t\t\t<span class=\"elementor-button-text\">Regresar<\/span>\n\t\t\t\t\t<\/span>\n\t\t\t\t\t<\/a>\n\t\t\t\t<\/div>\n\t\t\t\t\t\t\t\t<\/div>\n\t\t\t\t<\/div>\n\t\t\t\t\t<\/div>\n\t\t<\/div>\n\t\t\t\t\t<\/div>\n\t\t<\/section>\n\t\t\t\t<\/div>\n\t\t","protected":false},"excerpt":{"rendered":"<p>Afiliados \u00e1pice Rep\u00fablica Dominicana Fundaci\u00f3n APEC de Cr\u00e9dito Educativo, FUNDAPEC Miembro Fundador de \u00c1PICE Regla Brito de Vargas,\u00a0 Directora Ejecutiva de FUNDAPEC Miembro Honorario Junta Directiva \u00c1PICE rbrito@fundapec.edu.do\u00a0\u2013\u00a0lgarcia@fundapec.edu.do Tel:\u00a01 809 6894171\u00a0Ext. 413 \u2013\u00a01 809 2629695 \u2013\u00a01 809 6889406 Fax: 1 809 6887925 \u00a0 Modesto Lavandero Guzm\u00e1n, Subdirector de Administraci\u00f3n mlavandero@fundapec.edu.do Tel:\u00a01 809 6894171\u00a0Ext. 2500 Carm\u00e9n [&hellip;]<\/p>\n","protected":false},"author":4,"featured_media":0,"parent":0,"menu_order":0,"comment_status":"closed","ping_status":"closed","template":"","meta":{"_acf_changed":false,"om_disable_all_campaigns":false,"_exactmetrics_skip_tracking":false,"_exactmetrics_sitenote_active":false,"_exactmetrics_sitenote_note":"","_exactmetrics_sitenote_category":0,"_uf_show_specific_survey":0,"_uf_disable_surveys":false,"footnotes":""},"class_list":["post-9685","page","type-page","status-publish","hentry"],"acf":[],"aioseo_notices":[],"_links":{"self":[{"href":"https:\/\/apice.org.co\/site\/wp-json\/wp\/v2\/pages\/9685","targetHints":{"allow":["GET"]}}],"collection":[{"href":"https:\/\/apice.org.co\/site\/wp-json\/wp\/v2\/pages"}],"about":[{"href":"https:\/\/apice.org.co\/site\/wp-json\/wp\/v2\/types\/page"}],"author":[{"embeddable":true,"href":"https:\/\/apice.org.co\/site\/wp-json\/wp\/v2\/users\/4"}],"replies":[{"embeddable":true,"href":"https:\/\/apice.org.co\/site\/wp-json\/wp\/v2\/comments?post=9685"}],"version-history":[{"count":22,"href":"https:\/\/apice.org.co\/site\/wp-json\/wp\/v2\/pages\/9685\/revisions"}],"predecessor-version":[{"id":12213,"href":"https:\/\/apice.org.co\/site\/wp-json\/wp\/v2\/pages\/9685\/revisions\/12213"}],"wp:attachment":[{"href":"https:\/\/apice.org.co\/site\/wp-json\/wp\/v2\/media?parent=9685"}],"curies":[{"name":"wp","href":"https:\/\/api.w.org\/{rel}","templated":true}]}}