{"id":9696,"date":"2023-12-26T12:47:27","date_gmt":"2023-12-26T17:47:27","guid":{"rendered":"https:\/\/apice.org.co\/site\/?page_id=9696"},"modified":"2024-09-19T08:14:03","modified_gmt":"2024-09-19T13:14:03","slug":"afiliados-peru","status":"publish","type":"page","link":"https:\/\/apice.org.co\/site\/afiliados-peru\/","title":{"rendered":"afiliados per\u00fa"},"content":{"rendered":"\t\t<div data-elementor-type=\"wp-page\" data-elementor-id=\"9696\" class=\"elementor elementor-9696\" data-elementor-post-type=\"page\">\n\t\t\t\t\t\t<section class=\"elementor-section elementor-top-section elementor-element elementor-element-687fafd elementor-section-boxed elementor-section-height-default elementor-section-height-default\" data-id=\"687fafd\" data-element_type=\"section\" data-e-type=\"section\">\n\t\t\t\t\t\t<div class=\"elementor-container elementor-column-gap-default\">\n\t\t\t\t\t<div class=\"elementor-column elementor-col-100 elementor-top-column elementor-element elementor-element-e9d8e5a\" data-id=\"e9d8e5a\" data-element_type=\"column\" data-e-type=\"column\">\n\t\t\t<div class=\"elementor-widget-wrap elementor-element-populated\">\n\t\t\t\t\t\t<div class=\"elementor-element elementor-element-92ed902 elementor-widget elementor-widget-spacer\" data-id=\"92ed902\" data-element_type=\"widget\" data-e-type=\"widget\" data-widget_type=\"spacer.default\">\n\t\t\t\t<div class=\"elementor-widget-container\">\n\t\t\t\t\t\t\t<div class=\"elementor-spacer\">\n\t\t\t<div class=\"elementor-spacer-inner\"><\/div>\n\t\t<\/div>\n\t\t\t\t\t\t<\/div>\n\t\t\t\t<\/div>\n\t\t\t\t\t<\/div>\n\t\t<\/div>\n\t\t\t\t\t<\/div>\n\t\t<\/section>\n\t\t\t\t<section class=\"elementor-section elementor-top-section elementor-element elementor-element-e890f42 elementor-section-boxed elementor-section-height-default elementor-section-height-default\" data-id=\"e890f42\" data-element_type=\"section\" data-e-type=\"section\">\n\t\t\t\t\t\t<div class=\"elementor-container elementor-column-gap-default\">\n\t\t\t\t\t<div class=\"elementor-column elementor-col-100 elementor-top-column elementor-element elementor-element-6aba6a2\" data-id=\"6aba6a2\" data-element_type=\"column\" data-e-type=\"column\">\n\t\t\t<div class=\"elementor-widget-wrap elementor-element-populated\">\n\t\t\t\t\t\t<div class=\"elementor-element elementor-element-9ad2dc8 elementor-widget elementor-widget-heading\" data-id=\"9ad2dc8\" data-element_type=\"widget\" data-e-type=\"widget\" data-widget_type=\"heading.default\">\n\t\t\t\t<div class=\"elementor-widget-container\">\n\t\t\t\t\t<h2 class=\"elementor-heading-title elementor-size-default\">Afiliados \u00e1pice<\/h2>\t\t\t\t<\/div>\n\t\t\t\t<\/div>\n\t\t\t\t<div class=\"elementor-element elementor-element-0b20e35 elementor-widget elementor-widget-heading\" data-id=\"0b20e35\" data-element_type=\"widget\" data-e-type=\"widget\" data-widget_type=\"heading.default\">\n\t\t\t\t<div class=\"elementor-widget-container\">\n\t\t\t\t\t<h2 class=\"elementor-heading-title elementor-size-default\">Per\u00fa<\/h2>\t\t\t\t<\/div>\n\t\t\t\t<\/div>\n\t\t\t\t\t<\/div>\n\t\t<\/div>\n\t\t\t\t\t<\/div>\n\t\t<\/section>\n\t\t\t\t<section class=\"elementor-section elementor-top-section elementor-element elementor-element-fd93874 elementor-section-boxed elementor-section-height-default elementor-section-height-default\" data-id=\"fd93874\" data-element_type=\"section\" data-e-type=\"section\">\n\t\t\t\t\t\t<div class=\"elementor-container elementor-column-gap-default\">\n\t\t\t\t\t<div class=\"elementor-column elementor-col-100 elementor-top-column elementor-element elementor-element-e49759f\" data-id=\"e49759f\" data-element_type=\"column\" data-e-type=\"column\">\n\t\t\t<div class=\"elementor-widget-wrap elementor-element-populated\">\n\t\t\t\t\t\t<div class=\"elementor-element elementor-element-d2f3db1 elementor-widget elementor-widget-image\" data-id=\"d2f3db1\" data-element_type=\"widget\" data-e-type=\"widget\" data-widget_type=\"image.default\">\n\t\t\t\t<div class=\"elementor-widget-container\">\n\t\t\t\t\t\t\t\t\t\t\t\t\t\t\t<img decoding=\"async\" src=\"https:\/\/apice.org.co\/site\/wp-content\/uploads\/elementor\/thumbs\/peru-qemuoy05x0scmsgqlm4zp2x9ocgvmmr2pu5ghtqqsg.jpg\" title=\"peru\" alt=\"Per\u00fa\" loading=\"lazy\" \/>\t\t\t\t\t\t\t\t\t\t\t\t\t\t\t<\/div>\n\t\t\t\t<\/div>\n\t\t\t\t<div class=\"elementor-element elementor-element-94bb658 elementor-widget elementor-widget-spacer\" data-id=\"94bb658\" data-element_type=\"widget\" data-e-type=\"widget\" data-widget_type=\"spacer.default\">\n\t\t\t\t<div class=\"elementor-widget-container\">\n\t\t\t\t\t\t\t<div class=\"elementor-spacer\">\n\t\t\t<div class=\"elementor-spacer-inner\"><\/div>\n\t\t<\/div>\n\t\t\t\t\t\t<\/div>\n\t\t\t\t<\/div>\n\t\t\t\t<div class=\"elementor-element elementor-element-eef6814 elementor-widget elementor-widget-accordion\" data-id=\"eef6814\" data-element_type=\"widget\" data-e-type=\"widget\" data-widget_type=\"accordion.default\">\n\t\t\t\t<div class=\"elementor-widget-container\">\n\t\t\t\t\t\t\t<div class=\"elementor-accordion\">\n\t\t\t\t\t\t\t<div class=\"elementor-accordion-item\">\n\t\t\t\t\t<div id=\"elementor-tab-title-2501\" class=\"elementor-tab-title\" data-tab=\"1\" role=\"button\" aria-controls=\"elementor-tab-content-2501\" aria-expanded=\"false\">\n\t\t\t\t\t\t\t\t\t\t\t\t\t<span class=\"elementor-accordion-icon elementor-accordion-icon-left\" aria-hidden=\"true\">\n\t\t\t\t\t\t\t\t\t\t\t\t\t\t\t<span class=\"elementor-accordion-icon-closed\"><i class=\"fas fa-plus\"><\/i><\/span>\n\t\t\t\t\t\t\t\t<span class=\"elementor-accordion-icon-opened\"><i class=\"fas fa-minus\"><\/i><\/span>\n\t\t\t\t\t\t\t\t\t\t\t\t\t\t<\/span>\n\t\t\t\t\t\t\t\t\t\t\t\t<a class=\"elementor-accordion-title\" tabindex=\"0\">ESCALO+ (Anteriormente Instituto Peruano de Fomento Educativo, IPFE)<\/a>\n\t\t\t\t\t<\/div>\n\t\t\t\t\t<div id=\"elementor-tab-content-2501\" class=\"elementor-tab-content elementor-clearfix\" data-tab=\"1\" role=\"region\" aria-labelledby=\"elementor-tab-title-2501\"><table style=\"width: 129.94%; height: 376px;\" width=\"750\"><tbody><tr style=\"height: 24px;\"><td style=\"height: 24px;\"><p style=\"text-align: center;\"><span style=\"font-family: helvetica, arial, sans-serif; font-size: 14pt; color: rgba(63, 63, 63, 0.99);\"><strong>Miembro Fundador de \u00c1PICE<\/strong><\/span><\/p><p>\u00a0<\/p><\/td><\/tr><tr style=\"height: 59px;\"><td style=\"height: 29px;\"><p><span style=\"font-family: helvetica, arial, sans-serif; font-size: 14pt; color: rgba(60, 60, 60, 0.99);\"><strong>Andrea Votobernales, <\/strong>Gerente General<\/span><\/p><\/td><\/tr><tr style=\"height: 70px;\"><td style=\"height: 70px;\"><p><a href=\"mailto:andrea.votobernales@escalo.pe\"><span style=\"font-family: helvetica, arial, sans-serif; font-size: 14pt; color: rgba(60, 60, 60, 0.99);\"><strong><span style=\"color: #006699;\">andrea.votobernales@escalo.pe<\/span><\/strong><\/span><\/a><\/p><hr \/><\/td><\/tr><tr style=\"height: 18px;\"><td style=\"height: 18px; text-align: center;\"><span style=\"font-family: helvetica, arial, sans-serif; font-size: 14pt; color: rgba(60, 60, 60, 0.99);\">51 1 7390570<\/span><\/td><\/tr><tr style=\"height: 18px;\"><td style=\"height: 18px;\">\u00a0<\/td><\/tr><tr style=\"height: 158px;\"><td style=\"text-align: center; height: 158px;\"><hr \/><p><span style=\"font-family: helvetica, arial, sans-serif; font-size: 14pt; color: rgba(60, 60, 60, 0.99);\">Av. Antonio Mir\u00f3 Quesada 457 Oficina 1401\u00a0<\/span><\/p><p><span style=\"font-family: helvetica, arial, sans-serif; font-size: 14pt; color: rgba(60, 60, 60, 0.99);\">Magdalena del Mar<\/span><\/p><p><span style=\"font-family: helvetica, arial, sans-serif; font-size: 14pt; color: rgba(60, 60, 60, 0.99);\"><strong>Lim\u00e1, Per\u00fa<\/strong><\/span><\/p><\/td><\/tr><tr style=\"height: 59px;\"><td style=\"text-align: center; height: 59px;\"><p><a href=\"https:\/\/escalo.pe\/\" target=\"_blank\" rel=\"noopener\"><span style=\"font-family: helvetica, arial, sans-serif; font-size: 14pt; color: #006699;\"><strong>www.escalo.pe<\/strong><\/span><\/a><\/p><\/td><\/tr><\/tbody><\/table><\/div>\n\t\t\t\t<\/div>\n\t\t\t\t\t\t\t<div class=\"elementor-accordion-item\">\n\t\t\t\t\t<div id=\"elementor-tab-title-2502\" class=\"elementor-tab-title\" data-tab=\"2\" role=\"button\" aria-controls=\"elementor-tab-content-2502\" aria-expanded=\"false\">\n\t\t\t\t\t\t\t\t\t\t\t\t\t<span class=\"elementor-accordion-icon elementor-accordion-icon-left\" aria-hidden=\"true\">\n\t\t\t\t\t\t\t\t\t\t\t\t\t\t\t<span class=\"elementor-accordion-icon-closed\"><i class=\"fas fa-plus\"><\/i><\/span>\n\t\t\t\t\t\t\t\t<span class=\"elementor-accordion-icon-opened\"><i class=\"fas fa-minus\"><\/i><\/span>\n\t\t\t\t\t\t\t\t\t\t\t\t\t\t<\/span>\n\t\t\t\t\t\t\t\t\t\t\t\t<a class=\"elementor-accordion-title\" tabindex=\"0\">Pontificia Universidad Cat\u00f3lica del Per\u00fa<\/a>\n\t\t\t\t\t<\/div>\n\t\t\t\t\t<div id=\"elementor-tab-content-2502\" class=\"elementor-tab-content elementor-clearfix\" data-tab=\"2\" role=\"region\" aria-labelledby=\"elementor-tab-title-2502\"><table style=\"width: 131.125%; height: 1252px;\" width=\"750\"><tbody><tr style=\"height: 60px;\"><td style=\"height: 60px;\"><p style=\"text-align: center;\"><span style=\"font-family: helvetica, arial, sans-serif; font-size: 14pt; color: rgba(60, 60, 60, 0.99);\"><strong>Miembro Asociado de \u00c1PICE<\/strong><\/span><\/p><\/td><\/tr><tr style=\"height: 28px;\"><td style=\"height: 28px;\"><span style=\"font-family: helvetica, arial, sans-serif; font-size: 14pt; color: rgba(60, 60, 60, 0.99);\"><strong>Carlos Miguel Garatea Grau<\/strong>, Rector\u00a0<\/span><\/td><\/tr><tr style=\"height: 28px;\"><td style=\"height: 28px;\"><span style=\"font-family: helvetica, arial, sans-serif; font-size: 14pt; color: #006699;\"><strong><a style=\"color: #006699;\" href=\"mailto:cgaratea@pucp.edu.pe\">cgaratea@pucp.edu.pe<\/a><\/strong><\/span><\/td><\/tr><tr style=\"height: 94px;\"><td style=\"height: 94px;\"><p><span style=\"font-family: helvetica, arial, sans-serif; font-size: 14pt; color: rgba(60, 60, 60, 0.99);\">Tel: 51 16 262000 Anexo: 2509<\/span><\/p><hr \/><\/td><\/tr><tr style=\"height: 156px;\"><td style=\"height: 156px;\"><p><span style=\"font-family: helvetica, arial, sans-serif; font-size: 14pt; color: rgba(60, 60, 60, 0.99);\"><strong>Alejandro Antonioli Delucchi<\/strong>, Integrante Comit\u00e9 Financiero y Asesor Ad Honorem de la\u00a0Direcci\u00f3n Ejecutiva de\u00a0\u00c1PICE<\/span><\/p><p><span style=\"font-family: helvetica, arial, sans-serif; font-size: 14pt; color: rgba(60, 60, 60, 0.99);\">Director Ejecutivo de Idiomas\u00a0PUCP<\/span><\/p><\/td><\/tr><tr style=\"height: 28px;\"><td style=\"height: 28px;\"><span style=\"font-family: helvetica, arial, sans-serif; font-size: 14pt; color: #006699;\"><strong><a style=\"color: #006699;\" href=\"mailto:aantoni@pucp.edu.pe\">aantoni@pucp.edu.pe<\/a><\/strong><\/span><\/td><\/tr><tr style=\"height: 94px;\"><td style=\"height: 94px;\"><p><span style=\"font-family: helvetica, arial, sans-serif; font-size: 14pt; color: rgba(60, 60, 60, 0.99);\">Tel: 51 16 262000 Anexo: 2509 \u2013 51 14 717397 Fax: 51 16 262869<\/span><\/p><hr \/><\/td><\/tr><tr style=\"height: 28px;\"><td style=\"height: 28px;\"><span style=\"font-family: helvetica, arial, sans-serif; font-size: 14pt; color: rgba(60, 60, 60, 0.99);\"><strong>Gladys Omura<\/strong>, Directora de Administraci\u00f3n y Finanzas<\/span><\/td><\/tr><tr style=\"height: 28px;\"><td style=\"height: 28px;\"><span style=\"font-family: helvetica, arial, sans-serif; font-size: 14pt; color: #006699;\"><strong><a style=\"color: #006699;\" href=\"mailto:gomura@pucp.edu.pe\" target=\"_blank\" rel=\"noopener\">gomura@pucp.edu.pe<\/a><\/strong><\/span><\/td><\/tr><tr style=\"height: 94px;\"><td style=\"height: 94px;\"><p><span style=\"font-family: helvetica, arial, sans-serif; font-size: 14pt; color: rgba(60, 60, 60, 0.99);\">Tel: 51 16 262000 Anexo: 2518<\/span><\/p><hr \/><\/td><\/tr><tr style=\"height: 28px;\"><td style=\"height: 28px;\"><span style=\"font-family: helvetica, arial, sans-serif; font-size: 14pt; color: rgba(60, 60, 60, 0.99);\"><strong>Javier Santiago Maravi Zagarra<\/strong>, Director Adjunto de Finanzas<\/span><\/td><\/tr><tr style=\"height: 28px;\"><td style=\"height: 28px;\"><span style=\"font-family: helvetica, arial, sans-serif; font-size: 14pt; color: #006699;\"><strong><a style=\"color: #006699;\" href=\"mailto:javier.maravi@pucp.edu.pe\">javier.maravi@pucp.edu.pe<\/a><\/strong><\/span><\/td><\/tr><tr style=\"height: 94px;\"><td style=\"height: 94px;\"><p><span style=\"font-family: helvetica, arial, sans-serif; font-size: 14pt; color: rgba(60, 60, 60, 0.99);\">Tel: 51 16 262000 Anexo: 3601<\/span><\/p><hr \/><\/td><\/tr><tr style=\"height: 28px;\"><td style=\"height: 28px;\"><span style=\"font-family: helvetica, arial, sans-serif; font-size: 14pt; color: rgba(60, 60, 60, 0.99);\"><strong>Karina Cruz<\/strong>, Jefe Oficina de Cr\u00e9dito Educativo Direcci\u00f3n de Administraci\u00f3n y Finanzas<\/span><\/td><\/tr><tr style=\"height: 28px;\"><td style=\"height: 28px;\"><span style=\"font-family: helvetica, arial, sans-serif; font-size: 14pt; color: #006699;\"><strong><a style=\"color: #006699;\" href=\"mailto:kcruz@pucp.edu.pe\">kcruz@pucp.edu.pe<\/a><\/strong><\/span><\/td><\/tr><tr style=\"height: 94px;\"><td style=\"height: 94px;\"><p><span style=\"font-family: helvetica, arial, sans-serif; font-size: 14pt; color: rgba(60, 60, 60, 0.99);\">Tel: 51 16 262000 Anexo: 3601<\/span><\/p><hr \/><\/td><\/tr><tr style=\"height: 28px;\"><td style=\"height: 28px;\"><span style=\"font-family: helvetica, arial, sans-serif; font-size: 14pt; color: rgba(60, 60, 60, 0.99);\"><strong>Abelardo S\u00e1nchez Le\u00f3n Ledgard<\/strong>, Jefe Departamento de Comunicaciones<\/span><\/td><\/tr><tr style=\"height: 28px;\"><td style=\"height: 28px;\"><span style=\"font-family: helvetica, arial, sans-serif; font-size: 14pt; color: #006699;\"><strong><a style=\"color: #006699;\" href=\"mailto:asanchezleon@pucp.edu.pe\">asanchezleon@pucp.edu.pe<\/a><\/strong><\/span><\/td><\/tr><tr style=\"height: 94px;\"><td style=\"height: 94px;\"><p><span style=\"font-family: helvetica, arial, sans-serif; font-size: 14pt; color: rgba(60, 60, 60, 0.99);\">Tel: 51 16 262000 Anexo: 5438<\/span><\/p><hr \/><\/td><\/tr><tr style=\"height: 104px;\"><td style=\"height: 104px;\"><p style=\"text-align: center;\"><span style=\"font-family: helvetica, arial, sans-serif; font-size: 14pt; color: rgba(60, 60, 60, 0.99);\">Avda. Universitaria Cdra. 18 San Miguel\u00a0\u2013 Apartado 1761<\/span><\/p><p style=\"text-align: center;\"><span style=\"font-family: helvetica, arial, sans-serif; font-size: 14pt; color: rgba(60, 60, 60, 0.99);\"><strong>Lim\u00e1, Per\u00fa<\/strong><\/span><\/p><\/td><\/tr><tr style=\"height: 60px;\"><td style=\"height: 60px;\"><p style=\"text-align: center;\"><span style=\"font-family: helvetica, arial, sans-serif; font-size: 14pt; color: #006699;\"><strong><a style=\"color: #006699;\" href=\"http:\/\/www.pucp.edu.pe\/\">www.pucp.edu.pe<\/a><\/strong><\/span><\/p><\/td><\/tr><\/tbody><\/table><\/div>\n\t\t\t\t<\/div>\n\t\t\t\t\t\t\t\t<\/div>\n\t\t\t\t\t\t<\/div>\n\t\t\t\t<\/div>\n\t\t\t\t\t<\/div>\n\t\t<\/div>\n\t\t\t\t\t<\/div>\n\t\t<\/section>\n\t\t\t\t<section class=\"elementor-section elementor-top-section elementor-element elementor-element-25eb7be elementor-section-boxed elementor-section-height-default elementor-section-height-default\" data-id=\"25eb7be\" data-element_type=\"section\" data-e-type=\"section\">\n\t\t\t\t\t\t<div class=\"elementor-container elementor-column-gap-default\">\n\t\t\t\t\t<div class=\"elementor-column elementor-col-100 elementor-top-column elementor-element elementor-element-687315c\" data-id=\"687315c\" data-element_type=\"column\" data-e-type=\"column\">\n\t\t\t<div class=\"elementor-widget-wrap elementor-element-populated\">\n\t\t\t\t\t\t<div class=\"elementor-element elementor-element-a84bba5 elementor-widget elementor-widget-spacer\" data-id=\"a84bba5\" data-element_type=\"widget\" data-e-type=\"widget\" data-widget_type=\"spacer.default\">\n\t\t\t\t<div class=\"elementor-widget-container\">\n\t\t\t\t\t\t\t<div class=\"elementor-spacer\">\n\t\t\t<div class=\"elementor-spacer-inner\"><\/div>\n\t\t<\/div>\n\t\t\t\t\t\t<\/div>\n\t\t\t\t<\/div>\n\t\t\t\t\t<\/div>\n\t\t<\/div>\n\t\t\t\t\t<\/div>\n\t\t<\/section>\n\t\t\t\t<section class=\"elementor-section elementor-top-section elementor-element elementor-element-71a41d7 elementor-section-boxed elementor-section-height-default elementor-section-height-default\" data-id=\"71a41d7\" data-element_type=\"section\" data-e-type=\"section\">\n\t\t\t\t\t\t<div class=\"elementor-container elementor-column-gap-default\">\n\t\t\t\t\t<div class=\"elementor-column elementor-col-100 elementor-top-column elementor-element elementor-element-1c35a7e5\" data-id=\"1c35a7e5\" data-element_type=\"column\" data-e-type=\"column\">\n\t\t\t<div class=\"elementor-widget-wrap elementor-element-populated\">\n\t\t\t\t\t\t<div class=\"elementor-element elementor-element-65671e5b elementor-align-right elementor-invisible elementor-widget elementor-widget-button\" data-id=\"65671e5b\" data-element_type=\"widget\" data-e-type=\"widget\" data-settings=\"{&quot;_animation&quot;:&quot;fadeIn&quot;}\" data-widget_type=\"button.default\">\n\t\t\t\t<div class=\"elementor-widget-container\">\n\t\t\t\t\t\t\t\t\t<div class=\"elementor-button-wrapper\">\n\t\t\t\t\t<a class=\"elementor-button elementor-button-link elementor-size-md elementor-animation-pop\" href=\"https:\/\/apice.org.co\/site\/afiliados\/\">\n\t\t\t\t\t\t<span class=\"elementor-button-content-wrapper\">\n\t\t\t\t\t\t<span class=\"elementor-button-icon\">\n\t\t\t\t<i aria-hidden=\"true\" class=\"fas fa-reply\"><\/i>\t\t\t<\/span>\n\t\t\t\t\t\t\t\t\t<span class=\"elementor-button-text\">Regresar<\/span>\n\t\t\t\t\t<\/span>\n\t\t\t\t\t<\/a>\n\t\t\t\t<\/div>\n\t\t\t\t\t\t\t\t<\/div>\n\t\t\t\t<\/div>\n\t\t\t\t\t<\/div>\n\t\t<\/div>\n\t\t\t\t\t<\/div>\n\t\t<\/section>\n\t\t\t\t<\/div>\n\t\t","protected":false},"excerpt":{"rendered":"<p>Afiliados \u00e1pice Per\u00fa ESCALO+ (Anteriormente Instituto Peruano de Fomento Educativo, IPFE) Miembro Fundador de \u00c1PICE \u00a0 Andrea Votobernales, Gerente General andrea.votobernales@escalo.pe 51 1 7390570 \u00a0 Av. Antonio Mir\u00f3 Quesada 457 Oficina 1401\u00a0 Magdalena del Mar Lim\u00e1, Per\u00fa www.escalo.pe Pontificia Universidad Cat\u00f3lica del Per\u00fa Miembro Asociado de \u00c1PICE Carlos Miguel Garatea Grau, Rector\u00a0 cgaratea@pucp.edu.pe Tel: 51 [&hellip;]<\/p>\n","protected":false},"author":4,"featured_media":0,"parent":0,"menu_order":0,"comment_status":"closed","ping_status":"closed","template":"","meta":{"_acf_changed":false,"om_disable_all_campaigns":false,"_exactmetrics_skip_tracking":false,"_exactmetrics_sitenote_active":false,"_exactmetrics_sitenote_note":"","_exactmetrics_sitenote_category":0,"_uf_show_specific_survey":0,"_uf_disable_surveys":false,"footnotes":""},"class_list":["post-9696","page","type-page","status-publish","hentry"],"acf":[],"aioseo_notices":[],"_links":{"self":[{"href":"https:\/\/apice.org.co\/site\/wp-json\/wp\/v2\/pages\/9696","targetHints":{"allow":["GET"]}}],"collection":[{"href":"https:\/\/apice.org.co\/site\/wp-json\/wp\/v2\/pages"}],"about":[{"href":"https:\/\/apice.org.co\/site\/wp-json\/wp\/v2\/types\/page"}],"author":[{"embeddable":true,"href":"https:\/\/apice.org.co\/site\/wp-json\/wp\/v2\/users\/4"}],"replies":[{"embeddable":true,"href":"https:\/\/apice.org.co\/site\/wp-json\/wp\/v2\/comments?post=9696"}],"version-history":[{"count":19,"href":"https:\/\/apice.org.co\/site\/wp-json\/wp\/v2\/pages\/9696\/revisions"}],"predecessor-version":[{"id":12439,"href":"https:\/\/apice.org.co\/site\/wp-json\/wp\/v2\/pages\/9696\/revisions\/12439"}],"wp:attachment":[{"href":"https:\/\/apice.org.co\/site\/wp-json\/wp\/v2\/media?parent=9696"}],"curies":[{"name":"wp","href":"https:\/\/api.w.org\/{rel}","templated":true}]}}